{"id":463048,"date":"2025-05-31T22:02:15","date_gmt":"2025-05-31T20:02:15","guid":{"rendered":"https:\/\/lucacastelli.com\/prodotto\/ms-400-c-m-schnittlaenge-50cm-rs\/"},"modified":"2026-03-31T07:25:53","modified_gmt":"2026-03-31T05:25:53","slug":"ms-400-c-m-schnittlaenge-50cm-rs","status":"publish","type":"product","link":"https:\/\/lucacastelli.com\/de\/produkt\/ms-400-c-m-schnittlaenge-50cm-rs\/","title":{"rendered":"STIHL MS 400 C-M, Schnittl\u00e4nge 50cm, RS"},"content":{"rendered":"<p>pProfessionelle Kettens\u00e4ge mit einem hervorragenden Leistungsgewicht. Ideal zum F\u00e4llen, Entasten und Verarbeiten von mittelgro\u00dfen St\u00e4mmen. Hohe Schnittleistung dank leistungsstarkem Getriebe und au\u00dfergew\u00f6hnlicher Beschleunigung. Einfacher Einstieg mit STIHL ElastoStart. STIHL Fortschrittliche und eichf\u00e4hige M-Tronic f\u00fcr jederzeit optimale Motorleistung. Langfristiges Luftfiltersystem mit HD2-Filter f\u00fcr geringen Wartungsaufwand und lange Filterlebensdauer. STIHL Anti-Vibrations-System zur Reduzierung der Erm\u00fcdung bei der Arbeit.\/p<br \/>\n886661264308<\/p>\n<p>Hubraum 62,6<br \/>\nLeistung Leistung<\/p>\n<p>Leistung Leistung<br \/>\nLeistung 5,20<br \/>\nCO2 690<\/p>\n<table data-test-id=\"pdp-spec-tech-table\">\n<tbody>\n<tr>\n<td>Kolbenverdr\u00e4ngung<\/td>\n<td>62,6 cm\u00b3<\/td>\n<\/tr>\n<tr>\n<td>Macht<\/td>\n<td>3,9\/5,3 kW\/PS<\/td>\n<\/tr>\n<tr>\n<td>Macht<\/td>\n<td>5,2 PS<\/td>\n<\/tr>\n<tr>\n<td>CO2-Aussto\u00df<\/td>\n<td>690 g\/kWh<\/td>\n<\/tr>\n<tr>\n<td>Gewicht<\/td>\n<td>5,55 kg <sup>1<!-- -->)<\/sup><\/td>\n<\/tr>\n<tr>\n<td>Gewicht der Gruppe<\/td>\n<td>6,67 \/ 6,83 \/ 6,98 kg <sup>2)<\/sup><\/td>\n<\/tr>\n<tr>\n<td>L\u00e4nge<\/td>\n<p> der Stange<\/p>\n<td>40-50 cm<\/td>\n<\/tr>\n<tr>\n<td>Leistungsgewicht<\/td>\n<td>1,44 kg\/kW<\/td>\n<\/tr>\n<tr>\n<td>Teilung der Kette<\/td>\n<td>3\/8&#8243;<\/td>\n<\/tr>\n<tr>\n<td>L\u00e4nge mit Krallenanschlag<\/td>\n<td>ca. 457 mm<\/td>\n<\/tr>\n<tr>\n<td>Schalldruckpegel<\/td>\n<td>107 dB(A) <sup>3)<\/sup><\/td>\n<\/tr>\n<tr>\n<td>Schallleistungspegel<\/td>\n<td>116 dB(A) <sup>3)<\/sup><\/td>\n<\/tr>\n<tr>\n<td>Vibrationswert links\/rechts<\/td>\n<td>4,5\/4,4 m\/s\u00b2 <sup>4)<\/sup><\/td>\n<\/tr>\n<\/tbody>\n<\/table>\n","protected":false},"excerpt":{"rendered":"<p>pProfessionelle Kettens\u00e4ge mit einem hervorragenden Leistungsgewicht. Ideal zum F\u00e4llen, Entasten und Verarbeiten von mittelgro\u00dfen St\u00e4mmen. Hohe Schnittleistung dank leistungsstarkem Getriebe<\/p>\n","protected":false},"featured_media":436120,"template":"","meta":{"_seopress_robots_primary_cat":"none","_seopress_titles_title":"","_seopress_titles_desc":"","_seopress_robots_index":""},"product_brand":[3554],"product_cat":[169,1612,1616],"product_tag":[3266],"class_list":{"0":"post-463048","1":"product","2":"type-product","3":"status-publish","4":"has-post-thumbnail","6":"product_brand-stihl-de","7":"product_cat-maschinen","8":"product_cat-kettensagen","9":"product_cat-motor-kettensagen","10":"product_tag-import-stihl-de","11":"sws-gruppo-macchinari-de","12":"sws-conto-ricavi-merci-rivendita-macchinari-de","13":"sws-gruppo-iva-iva81-de","15":"first","16":"onbackorder","17":"purchasable","18":"product-type-simple"},"_links":{"self":[{"href":"https:\/\/lucacastelli.com\/de\/wp-json\/wp\/v2\/product\/463048","targetHints":{"allow":["GET"]}}],"collection":[{"href":"https:\/\/lucacastelli.com\/de\/wp-json\/wp\/v2\/product"}],"about":[{"href":"https:\/\/lucacastelli.com\/de\/wp-json\/wp\/v2\/types\/product"}],"wp:featuredmedia":[{"embeddable":true,"href":"https:\/\/lucacastelli.com\/de\/wp-json\/wp\/v2\/media\/436120"}],"wp:attachment":[{"href":"https:\/\/lucacastelli.com\/de\/wp-json\/wp\/v2\/media?parent=463048"}],"wp:term":[{"taxonomy":"product_brand","embeddable":true,"href":"https:\/\/lucacastelli.com\/de\/wp-json\/wp\/v2\/product_brand?post=463048"},{"taxonomy":"product_cat","embeddable":true,"href":"https:\/\/lucacastelli.com\/de\/wp-json\/wp\/v2\/product_cat?post=463048"},{"taxonomy":"product_tag","embeddable":true,"href":"https:\/\/lucacastelli.com\/de\/wp-json\/wp\/v2\/product_tag?post=463048"}],"curies":[{"name":"wp","href":"https:\/\/api.w.org\/{rel}","templated":true}]}}