{"id":463042,"date":"2025-05-31T22:02:07","date_gmt":"2025-05-31T20:02:07","guid":{"rendered":"https:\/\/lucacastelli.com\/prodotto\/ms-400-c-m-schnittlaenge-45cm-rs\/"},"modified":"2026-04-16T21:24:04","modified_gmt":"2026-04-16T19:24:04","slug":"ms-400-c-m-schnittlaenge-45cm-rs","status":"publish","type":"product","link":"https:\/\/lucacastelli.com\/de\/produkt\/ms-400-c-m-schnittlaenge-45cm-rs\/","title":{"rendered":"STIHL MS 400 C-M, Schnittl\u00e4nge 45 cm, RS"},"content":{"rendered":"<p>pProfessionelle Motors\u00e4ge mit hervorragendem Leistungsgewicht. Ideal zum F\u00e4llen, Entasten und Aufarbeiten von mittelstarken St\u00e4mmen. Hohe Schnittleistung dank kraftvoller Kraft\u00fcbertragung und au\u00dfergew\u00f6hnlicher Beschleunigung. Einfacher Start mit STIHL ElastoStart. Fortgeschrittenes und kalibrierbares STIHL M-Tronic f\u00fcr stets optimale Motorleistung. Langzeit-Luftfiltersystem mit HD2-Filter f\u00fcr reduzierten Wartungsaufwand und lange Filterstandzeit. STIHL Antivibrationssystem zur Reduzierung der Erm\u00fcdung bei der Arbeit.\/p<br \/>\n886661264025<\/p>\n<p>Hubraum 62,6<br \/>\nLeistung Leistung<\/p>\n<p>Leistung Leistung<br \/>\nLeistung 5,20<br \/>\nCO2 690<\/p>\n<table data-test-id=\"pdp-spec-tech-table\">\n<tbody>\n<tr>\n<td>Hubraum<\/td>\n<td>62,6 cm\u00b3<\/td>\n<\/tr>\n<tr>\n<td>Leistung<\/td>\n<td>3,9\/5,3 kW\/PS<\/td>\n<\/tr>\n<tr>\n<td>Leistung<\/td>\n<td>5,2 bhp<\/td>\n<\/tr>\n<tr>\n<td>CO2<\/td>\n<td>690 g\/kWh<\/td>\n<\/tr>\n<tr>\n<td>Gewicht<\/td>\n<td>5,55 kg <sup>1<!-- -->)<\/sup><\/td>\n<\/tr>\n<tr>\n<td>Gewicht Ger\u00e4teeinheit<\/td>\n<td>6,67 \/ 6,83 \/ 6,98 kg <sup>2)<\/sup><\/td>\n<\/tr>\n<tr>\n<td>Schienenl\u00e4nge<\/td>\n<td>40-50 cm<\/td>\n<\/tr>\n<tr>\n<td>Leistungsgewicht<\/td>\n<td>1,44 kg\/kW<\/td>\n<\/tr>\n<tr>\n<td>Kettenteilung<\/td>\n<td>3\/8&#8243;<\/td>\n<\/tr>\n<tr>\n<td>L\u00e4nge mit Krallenanschlag<\/td>\n<td>457 mm<\/td>\n<\/tr>\n<tr>\n<td>Schalldruckpegel<\/td>\n<td>107 dB(A) <sup>3)<\/sup><\/td>\n<\/tr>\n<tr>\n<td>Schallleistungspegel<\/td>\n<td>116 dB(A) <sup>3)<\/sup><\/td>\n<\/tr>\n<tr>\n<td>Vibrationswert links\/rechts<\/td>\n<td>4,5\/4,4 m\/s\u00b2 <sup>4)<\/sup><\/td>\n<\/tr>\n<\/tbody>\n<\/table>\n","protected":false},"excerpt":{"rendered":"<p>pProfessionelle Motors\u00e4ge mit hervorragendem Leistungsgewicht. Ideal zum F\u00e4llen, Entasten und Aufarbeiten von mittelstarken St\u00e4mmen. Hohe Schnittleistung dank kraftvoller Kraft\u00fcbertragung und<\/p>\n","protected":false},"featured_media":436120,"template":"","meta":{"_seopress_robots_primary_cat":"none","_seopress_titles_title":"","_seopress_titles_desc":"","_seopress_robots_index":""},"product_brand":[3554],"product_cat":[169,1612,1616],"product_tag":[3266],"class_list":{"0":"post-463042","1":"product","2":"type-product","3":"status-publish","4":"has-post-thumbnail","6":"product_brand-stihl-de","7":"product_cat-maschinen","8":"product_cat-kettensagen","9":"product_cat-motor-kettensagen","10":"product_tag-import-stihl-de","11":"sws-gruppo-macchinari-de","12":"sws-conto-ricavi-merci-rivendita-macchinari-de","13":"sws-gruppo-iva-iva81-de","15":"first","16":"onbackorder","17":"purchasable","18":"product-type-simple"},"_links":{"self":[{"href":"https:\/\/lucacastelli.com\/de\/wp-json\/wp\/v2\/product\/463042","targetHints":{"allow":["GET"]}}],"collection":[{"href":"https:\/\/lucacastelli.com\/de\/wp-json\/wp\/v2\/product"}],"about":[{"href":"https:\/\/lucacastelli.com\/de\/wp-json\/wp\/v2\/types\/product"}],"wp:featuredmedia":[{"embeddable":true,"href":"https:\/\/lucacastelli.com\/de\/wp-json\/wp\/v2\/media\/436120"}],"wp:attachment":[{"href":"https:\/\/lucacastelli.com\/de\/wp-json\/wp\/v2\/media?parent=463042"}],"wp:term":[{"taxonomy":"product_brand","embeddable":true,"href":"https:\/\/lucacastelli.com\/de\/wp-json\/wp\/v2\/product_brand?post=463042"},{"taxonomy":"product_cat","embeddable":true,"href":"https:\/\/lucacastelli.com\/de\/wp-json\/wp\/v2\/product_cat?post=463042"},{"taxonomy":"product_tag","embeddable":true,"href":"https:\/\/lucacastelli.com\/de\/wp-json\/wp\/v2\/product_tag?post=463042"}],"curies":[{"name":"wp","href":"https:\/\/api.w.org\/{rel}","templated":true}]}}