{"id":463038,"date":"2022-06-18T20:25:39","date_gmt":"2022-06-18T18:25:39","guid":{"rendered":"https:\/\/lucacastelli.com\/?post_type=product&#038;p=463038"},"modified":"2025-07-20T23:22:30","modified_gmt":"2025-07-20T21:22:30","slug":"hunersdorff-eco-kombitank","status":"publish","type":"product","link":"https:\/\/lucacastelli.com\/de\/produkt\/hunersdorff-eco-kombitank\/","title":{"rendered":"H\u00dcNERSDORFF Eco Kombitank"},"content":{"rendered":"<p>Eco Kombitank Hergestellt aus Polyethylen. F\u00fcr 5 Liter Kraftstoffgemisch und 3 Liter Ketten\u00f6l. Enth\u00e4lt einen Auslauf. Mit aktueller Zulassung nach GGVS. Nat\u00fcrlich-transparente Farbe. Gewicht 840 g.     <\/p>\n","protected":false},"excerpt":{"rendered":"<p>Eco Kombitank Hergestellt aus Polyethylen. F\u00fcr 5 Liter Kraftstoffgemisch und 3 Liter Ketten\u00f6l. Enth\u00e4lt einen Auslauf. Mit aktueller Zulassung nach<\/p>\n","protected":false},"featured_media":37704,"template":"","meta":{"_seopress_robots_primary_cat":"","_seopress_titles_title":"","_seopress_titles_desc":"","_seopress_robots_index":""},"product_brand":[4687],"product_cat":[1436,1437],"product_tag":[],"class_list":{"0":"post-463038","1":"product","2":"type-product","3":"status-publish","4":"has-post-thumbnail","6":"product_brand-hunersdorff-de","7":"product_cat-kraftstoffe-und-ole","8":"product_cat-zubehor-und-verbrauchsmaterial","9":"sws-gruppo-macchinari-de","10":"sws-conto-ricavi-merci-rivendita-macchinari-de","11":"sws-gruppo-iva-iva81-de","13":"first","14":"instock","15":"shipping-taxable","16":"purchasable","17":"product-type-simple"},"_links":{"self":[{"href":"https:\/\/lucacastelli.com\/de\/wp-json\/wp\/v2\/product\/463038","targetHints":{"allow":["GET"]}}],"collection":[{"href":"https:\/\/lucacastelli.com\/de\/wp-json\/wp\/v2\/product"}],"about":[{"href":"https:\/\/lucacastelli.com\/de\/wp-json\/wp\/v2\/types\/product"}],"wp:featuredmedia":[{"embeddable":true,"href":"https:\/\/lucacastelli.com\/de\/wp-json\/wp\/v2\/media\/37704"}],"wp:attachment":[{"href":"https:\/\/lucacastelli.com\/de\/wp-json\/wp\/v2\/media?parent=463038"}],"wp:term":[{"taxonomy":"product_brand","embeddable":true,"href":"https:\/\/lucacastelli.com\/de\/wp-json\/wp\/v2\/product_brand?post=463038"},{"taxonomy":"product_cat","embeddable":true,"href":"https:\/\/lucacastelli.com\/de\/wp-json\/wp\/v2\/product_cat?post=463038"},{"taxonomy":"product_tag","embeddable":true,"href":"https:\/\/lucacastelli.com\/de\/wp-json\/wp\/v2\/product_tag?post=463038"}],"curies":[{"name":"wp","href":"https:\/\/api.w.org\/{rel}","templated":true}]}}