{"id":463012,"date":"2025-06-01T04:05:31","date_gmt":"2025-06-01T02:05:31","guid":{"rendered":"https:\/\/lucacastelli.com\/prodotto\/pflege-clean-imow-kit-rasenmaeher\/"},"modified":"2025-06-28T18:02:38","modified_gmt":"2025-06-28T16:02:38","slug":"pflege-clean-imow-kit-rasenmaeher","status":"publish","type":"product","link":"https:\/\/lucacastelli.com\/de\/produkt\/pflege-clean-imow-kit-rasenmaeher\/","title":{"rendered":"STIHL Pflege Clean iMOW\u00ae Kit &amp; Rasenm\u00e4her"},"content":{"rendered":"<p>Reinigungs- und Pflegeset f\u00fcr iMOW\u00aeund Rasenm\u00e4her. F\u00fcr die effektive Reinigung des iMOW-Geh\u00e4uses\u00ae, der Schneideinheit und der Dockingstation. <\/p>\n<p>Das Set enth\u00e4lt:<br \/>\n1\u00d7 STIHL Multiclean 500 ml<br \/>\n1\u00d7 Reinigungsb\u00fcrste mit Schaber<br \/>\n1x 886661594245 Mikrofasertuch<\/p>\n","protected":false},"excerpt":{"rendered":"<p>Pflege Clean iMOW\u00ae Kit &amp; Rasenm\u00e4her<\/p>\n","protected":false},"featured_media":440713,"template":"","meta":{"_seopress_robots_primary_cat":"","_seopress_titles_title":"","_seopress_titles_desc":"","_seopress_robots_index":""},"product_brand":[3554],"product_cat":[1436,1448],"product_tag":[3266],"class_list":{"0":"post-463012","1":"product","2":"type-product","3":"status-publish","4":"has-post-thumbnail","6":"product_brand-stihl-de","7":"product_cat-kraftstoffe-und-ole","8":"product_cat-schmiermittel","9":"product_tag-import-stihl-de","10":"sws-gruppo-macchinari-de","11":"sws-conto-ricavi-merci-rivendita-carburante-stihl-de","12":"sws-gruppo-iva-iva81-de","14":"first","15":"onbackorder","16":"purchasable","17":"product-type-simple"},"_links":{"self":[{"href":"https:\/\/lucacastelli.com\/de\/wp-json\/wp\/v2\/product\/463012","targetHints":{"allow":["GET"]}}],"collection":[{"href":"https:\/\/lucacastelli.com\/de\/wp-json\/wp\/v2\/product"}],"about":[{"href":"https:\/\/lucacastelli.com\/de\/wp-json\/wp\/v2\/types\/product"}],"wp:featuredmedia":[{"embeddable":true,"href":"https:\/\/lucacastelli.com\/de\/wp-json\/wp\/v2\/media\/440713"}],"wp:attachment":[{"href":"https:\/\/lucacastelli.com\/de\/wp-json\/wp\/v2\/media?parent=463012"}],"wp:term":[{"taxonomy":"product_brand","embeddable":true,"href":"https:\/\/lucacastelli.com\/de\/wp-json\/wp\/v2\/product_brand?post=463012"},{"taxonomy":"product_cat","embeddable":true,"href":"https:\/\/lucacastelli.com\/de\/wp-json\/wp\/v2\/product_cat?post=463012"},{"taxonomy":"product_tag","embeddable":true,"href":"https:\/\/lucacastelli.com\/de\/wp-json\/wp\/v2\/product_tag?post=463012"}],"curies":[{"name":"wp","href":"https:\/\/api.w.org\/{rel}","templated":true}]}}