{"id":463007,"date":"2025-06-01T04:04:52","date_gmt":"2025-06-01T02:04:52","guid":{"rendered":"https:\/\/lucacastelli.com\/prodotto\/multiclean-500-ml\/"},"modified":"2025-12-05T06:48:22","modified_gmt":"2025-12-05T05:48:22","slug":"multiclean-500-ml","status":"publish","type":"product","link":"https:\/\/lucacastelli.com\/de\/produkt\/multiclean-500-ml\/","title":{"rendered":"Multiclean 500 ml"},"content":{"rendered":"<p>Universeller Reiniger f\u00fcr Kunststoff-, Metall-, Gummi- und lackierte Oberfl\u00e4chen. Entfernt gr\u00fcndlich und schonend selbst hartn\u00e4ckigste<br \/>\nVerschmutzungen. Hervorragende Vertr\u00e4glichkeit auf Materialien.<br \/>\n886661594290  <\/p>\n","protected":false},"excerpt":{"rendered":"<p>Multiclean 500 ml<\/p>\n","protected":false},"featured_media":428799,"template":"","meta":{"_seopress_robots_primary_cat":"","_seopress_titles_title":"","_seopress_titles_desc":"","_seopress_robots_index":""},"product_brand":[3554],"product_cat":[1436,1448],"product_tag":[3266],"class_list":{"0":"post-463007","1":"product","2":"type-product","3":"status-publish","4":"has-post-thumbnail","6":"product_brand-stihl-de","7":"product_cat-kraftstoffe-und-ole","8":"product_cat-schmiermittel","9":"product_tag-import-stihl-de","10":"sws-gruppo-macchinari-de","11":"sws-conto-ricavi-merci-rivendita-carburante-stihl-de","12":"sws-gruppo-iva-iva81-de","14":"first","15":"onbackorder","16":"purchasable","17":"product-type-simple"},"_links":{"self":[{"href":"https:\/\/lucacastelli.com\/de\/wp-json\/wp\/v2\/product\/463007","targetHints":{"allow":["GET"]}}],"collection":[{"href":"https:\/\/lucacastelli.com\/de\/wp-json\/wp\/v2\/product"}],"about":[{"href":"https:\/\/lucacastelli.com\/de\/wp-json\/wp\/v2\/types\/product"}],"wp:featuredmedia":[{"embeddable":true,"href":"https:\/\/lucacastelli.com\/de\/wp-json\/wp\/v2\/media\/428799"}],"wp:attachment":[{"href":"https:\/\/lucacastelli.com\/de\/wp-json\/wp\/v2\/media?parent=463007"}],"wp:term":[{"taxonomy":"product_brand","embeddable":true,"href":"https:\/\/lucacastelli.com\/de\/wp-json\/wp\/v2\/product_brand?post=463007"},{"taxonomy":"product_cat","embeddable":true,"href":"https:\/\/lucacastelli.com\/de\/wp-json\/wp\/v2\/product_cat?post=463007"},{"taxonomy":"product_tag","embeddable":true,"href":"https:\/\/lucacastelli.com\/de\/wp-json\/wp\/v2\/product_tag?post=463007"}],"curies":[{"name":"wp","href":"https:\/\/api.w.org\/{rel}","templated":true}]}}