{"id":463006,"date":"2025-06-01T04:05:13","date_gmt":"2025-06-01T02:05:13","guid":{"rendered":"https:\/\/lucacastelli.com\/prodotto\/multioel-bio-150-ml\/"},"modified":"2026-01-25T23:53:16","modified_gmt":"2026-01-25T22:53:16","slug":"multioel-bio-150-ml","status":"publish","type":"product","link":"https:\/\/lucacastelli.com\/de\/produkt\/multioel-bio-150-ml\/","title":{"rendered":"STIHL Multi\u00f6l Bio 150 ml"},"content":{"rendered":"<p>Mehrzweck\u00f6l f\u00fcr eine Vielzahl von Funktionen. Kann als Schmiermittel<br \/>\n (z. B. bei GTA 26), Reinigungsmittel, Korrosionsschutz, Rostschutz und<br \/>\nKriech\u00f6l verwendet werden. Nicht als Kettens\u00e4gen\u00f6l geeignet.<br \/>\nDieses umweltfreundliche \u00d6l besteht zu 90 % aus nachwachsenden Rohstoffen und ist zu 90 % biologisch abbaubar. Nat\u00fcrliche Basis, nicht verharzend.<br \/>\n886661562015<\/p>\n","protected":false},"excerpt":{"rendered":"<p>Multi\u00f6l Bio 150 ml<\/p>\n","protected":false},"featured_media":440704,"template":"","meta":{"_seopress_robots_primary_cat":"","_seopress_titles_title":"","_seopress_titles_desc":"","_seopress_robots_index":""},"product_brand":[3554],"product_cat":[1436,1448],"product_tag":[3266],"class_list":{"0":"post-463006","1":"product","2":"type-product","3":"status-publish","4":"has-post-thumbnail","6":"product_brand-stihl-de","7":"product_cat-kraftstoffe-und-ole","8":"product_cat-schmiermittel","9":"product_tag-import-stihl-de","10":"sws-gruppo-macchinari-de","11":"sws-conto-ricavi-merci-rivendita-macchinari-de","12":"sws-gruppo-iva-iva81-de","14":"first","15":"onbackorder","16":"purchasable","17":"product-type-simple"},"_links":{"self":[{"href":"https:\/\/lucacastelli.com\/de\/wp-json\/wp\/v2\/product\/463006","targetHints":{"allow":["GET"]}}],"collection":[{"href":"https:\/\/lucacastelli.com\/de\/wp-json\/wp\/v2\/product"}],"about":[{"href":"https:\/\/lucacastelli.com\/de\/wp-json\/wp\/v2\/types\/product"}],"wp:featuredmedia":[{"embeddable":true,"href":"https:\/\/lucacastelli.com\/de\/wp-json\/wp\/v2\/media\/440704"}],"wp:attachment":[{"href":"https:\/\/lucacastelli.com\/de\/wp-json\/wp\/v2\/media?parent=463006"}],"wp:term":[{"taxonomy":"product_brand","embeddable":true,"href":"https:\/\/lucacastelli.com\/de\/wp-json\/wp\/v2\/product_brand?post=463006"},{"taxonomy":"product_cat","embeddable":true,"href":"https:\/\/lucacastelli.com\/de\/wp-json\/wp\/v2\/product_cat?post=463006"},{"taxonomy":"product_tag","embeddable":true,"href":"https:\/\/lucacastelli.com\/de\/wp-json\/wp\/v2\/product_tag?post=463006"}],"curies":[{"name":"wp","href":"https:\/\/api.w.org\/{rel}","templated":true}]}}