{"id":463001,"date":"2025-06-01T04:04:42","date_gmt":"2025-06-01T02:04:42","guid":{"rendered":"https:\/\/lucacastelli.com\/prodotto\/varioclean-500-ml\/"},"modified":"2026-04-14T11:03:42","modified_gmt":"2026-04-14T09:03:42","slug":"varioclean-500-ml","status":"publish","type":"product","link":"https:\/\/lucacastelli.com\/de\/produkt\/varioclean-500-ml\/","title":{"rendered":"STIHL Varioclean 500 ml"},"content":{"rendered":"<p>Universelles Reinigungsmittel in der Spraydose. Zum Aufl\u00f6sen von organischen \u00d6lr\u00fcckst\u00e4nden und zur Reinigung von Ger\u00e4ten.<br \/>\n886661685998 <\/p>\n","protected":false},"excerpt":{"rendered":"<p>Varioclean 500 ml<\/p>\n","protected":false},"featured_media":453565,"template":"","meta":{"_seopress_robots_primary_cat":"","_seopress_titles_title":"","_seopress_titles_desc":"","_seopress_robots_index":""},"product_brand":[3554],"product_cat":[1436,1448],"product_tag":[3266],"class_list":{"0":"post-463001","1":"product","2":"type-product","3":"status-publish","4":"has-post-thumbnail","6":"product_brand-stihl-de","7":"product_cat-kraftstoffe-und-ole","8":"product_cat-schmiermittel","9":"product_tag-import-stihl-de","10":"sws-gruppo-macchinari-de","11":"sws-conto-ricavi-merci-rivendita-macchinari-de","12":"sws-gruppo-iva-iva81-de","14":"first","15":"onbackorder","16":"purchasable","17":"product-type-simple"},"_links":{"self":[{"href":"https:\/\/lucacastelli.com\/de\/wp-json\/wp\/v2\/product\/463001","targetHints":{"allow":["GET"]}}],"collection":[{"href":"https:\/\/lucacastelli.com\/de\/wp-json\/wp\/v2\/product"}],"about":[{"href":"https:\/\/lucacastelli.com\/de\/wp-json\/wp\/v2\/types\/product"}],"wp:featuredmedia":[{"embeddable":true,"href":"https:\/\/lucacastelli.com\/de\/wp-json\/wp\/v2\/media\/453565"}],"wp:attachment":[{"href":"https:\/\/lucacastelli.com\/de\/wp-json\/wp\/v2\/media?parent=463001"}],"wp:term":[{"taxonomy":"product_brand","embeddable":true,"href":"https:\/\/lucacastelli.com\/de\/wp-json\/wp\/v2\/product_brand?post=463001"},{"taxonomy":"product_cat","embeddable":true,"href":"https:\/\/lucacastelli.com\/de\/wp-json\/wp\/v2\/product_cat?post=463001"},{"taxonomy":"product_tag","embeddable":true,"href":"https:\/\/lucacastelli.com\/de\/wp-json\/wp\/v2\/product_tag?post=463001"}],"curies":[{"name":"wp","href":"https:\/\/api.w.org\/{rel}","templated":true}]}}