{"id":462983,"date":"2025-06-01T04:01:23","date_gmt":"2025-06-01T02:01:23","guid":{"rendered":"https:\/\/lucacastelli.com\/prodotto\/10-l-fuer-500-l\/"},"modified":"2025-06-28T18:05:55","modified_gmt":"2025-06-28T16:05:55","slug":"10-l-fuer-500-l","status":"publish","type":"product","link":"https:\/\/lucacastelli.com\/de\/produkt\/10-l-fuer-500-l\/","title":{"rendered":"STIHL 10 l (f\u00fcr 500 l)"},"content":{"rendered":"<p>\u00d6l auf Mineralbasis, das h\u00e4ufig f\u00fcr Zweitaktmotoren verwendet wird. Es wurde speziell f\u00fcr STIHL Motoren entwickelt. Hervorragende Schmier- und Verbrennungseigenschaften. Klasse: JASO-FB. Mischungsverh\u00e4ltnis 1:50.<br \/>\n795711017941<\/p>\n<p>Anteil der Mischung 1 : 50<\/p>\n","protected":false},"excerpt":{"rendered":"<p>10 l (f\u00fcr 500 l)<\/p>\n","protected":false},"featured_media":453561,"template":"","meta":{"_seopress_robots_primary_cat":"","_seopress_titles_title":"","_seopress_titles_desc":"","_seopress_robots_index":""},"product_brand":[3366],"product_cat":[259,260],"product_tag":[3265],"class_list":{"0":"post-462983","1":"product","2":"type-product","3":"status-publish","4":"has-post-thumbnail","6":"product_brand-stihl","7":"product_cat-carburanti-e-olii","8":"product_cat-lubrificanti","9":"product_tag-import-stihl","10":"sws-gruppo-macchinari-de","11":"sws-conto-ricavi-merci-rivendita-macchinari-de","12":"sws-gruppo-iva-iva81-de","14":"first","15":"onbackorder","16":"purchasable","17":"product-type-simple"},"_links":{"self":[{"href":"https:\/\/lucacastelli.com\/de\/wp-json\/wp\/v2\/product\/462983","targetHints":{"allow":["GET"]}}],"collection":[{"href":"https:\/\/lucacastelli.com\/de\/wp-json\/wp\/v2\/product"}],"about":[{"href":"https:\/\/lucacastelli.com\/de\/wp-json\/wp\/v2\/types\/product"}],"wp:featuredmedia":[{"embeddable":true,"href":"https:\/\/lucacastelli.com\/de\/wp-json\/wp\/v2\/media\/453561"}],"wp:attachment":[{"href":"https:\/\/lucacastelli.com\/de\/wp-json\/wp\/v2\/media?parent=462983"}],"wp:term":[{"taxonomy":"product_brand","embeddable":true,"href":"https:\/\/lucacastelli.com\/de\/wp-json\/wp\/v2\/product_brand?post=462983"},{"taxonomy":"product_cat","embeddable":true,"href":"https:\/\/lucacastelli.com\/de\/wp-json\/wp\/v2\/product_cat?post=462983"},{"taxonomy":"product_tag","embeddable":true,"href":"https:\/\/lucacastelli.com\/de\/wp-json\/wp\/v2\/product_tag?post=462983"}],"curies":[{"name":"wp","href":"https:\/\/api.w.org\/{rel}","templated":true}]}}