{"id":462948,"date":"2025-06-01T02:34:33","date_gmt":"2025-06-01T00:34:33","guid":{"rendered":"https:\/\/lucacastelli.com\/prodotto\/benzinkanister-10-l-transparent\/"},"modified":"2025-07-27T09:54:26","modified_gmt":"2025-07-27T07:54:26","slug":"benzinkanister-10-l-transparent","status":"publish","type":"product","link":"https:\/\/lucacastelli.com\/de\/produkt\/benzinkanister-10-l-transparent\/","title":{"rendered":"Benzinkanister, 10 l, transparent"},"content":{"rendered":"<p>pErh\u00e4ltlich in Kanistern von 3 bis 20 l. Mit UN.\/p-Zulassung<br \/>\n795711333638<\/p>\n<p>Kraftstoffkapazit\u00e4t 10l<br \/>\nFassungsverm\u00f6gen des S\u00e4gekettenklebe\u00f6ls S\u00e4gekette<\/p>\n<p>des Klebe\u00f6ls L\u00e4nge des Ger\u00e4ts L\u00e4nge des Ger\u00e4ts<br \/>\nBreite des Ger\u00e4ts 164<br \/>\nH\u00f6he des Ger\u00e4ts 324<\/p>\n","protected":false},"excerpt":{"rendered":"<p>Benzinkanister, 10 l, transparent<\/p>\n","protected":false},"featured_media":437916,"template":"","meta":{"_seopress_robots_primary_cat":"","_seopress_titles_title":"","_seopress_titles_desc":"","_seopress_robots_index":""},"product_brand":[3554],"product_cat":[1436,1437],"product_tag":[3266],"class_list":{"0":"post-462948","1":"product","2":"type-product","3":"status-publish","4":"has-post-thumbnail","6":"product_brand-stihl-de","7":"product_cat-kraftstoffe-und-ole","8":"product_cat-zubehor-und-verbrauchsmaterial","9":"product_tag-import-stihl-de","10":"sws-gruppo-macchinari-de","11":"sws-conto-ricavi-merci-rivendita-macchinari-de","12":"sws-gruppo-iva-iva81-de","14":"first","15":"onbackorder","16":"purchasable","17":"product-type-simple"},"_links":{"self":[{"href":"https:\/\/lucacastelli.com\/de\/wp-json\/wp\/v2\/product\/462948","targetHints":{"allow":["GET"]}}],"collection":[{"href":"https:\/\/lucacastelli.com\/de\/wp-json\/wp\/v2\/product"}],"about":[{"href":"https:\/\/lucacastelli.com\/de\/wp-json\/wp\/v2\/types\/product"}],"wp:featuredmedia":[{"embeddable":true,"href":"https:\/\/lucacastelli.com\/de\/wp-json\/wp\/v2\/media\/437916"}],"wp:attachment":[{"href":"https:\/\/lucacastelli.com\/de\/wp-json\/wp\/v2\/media?parent=462948"}],"wp:term":[{"taxonomy":"product_brand","embeddable":true,"href":"https:\/\/lucacastelli.com\/de\/wp-json\/wp\/v2\/product_brand?post=462948"},{"taxonomy":"product_cat","embeddable":true,"href":"https:\/\/lucacastelli.com\/de\/wp-json\/wp\/v2\/product_cat?post=462948"},{"taxonomy":"product_tag","embeddable":true,"href":"https:\/\/lucacastelli.com\/de\/wp-json\/wp\/v2\/product_tag?post=462948"}],"curies":[{"name":"wp","href":"https:\/\/api.w.org\/{rel}","templated":true}]}}