{"id":462937,"date":"2025-06-13T04:29:24","date_gmt":"2025-06-13T02:29:24","guid":{"rendered":"https:\/\/lucacastelli.com\/prodotto\/winkelschleifer-10\/"},"modified":"2025-06-29T07:45:41","modified_gmt":"2025-06-29T05:45:41","slug":"winkelschleifer-10-2","status":"publish","type":"product","link":"https:\/\/lucacastelli.com\/de\/produkt\/winkelschleifer-10-2\/","title":{"rendered":"MILWAUKEE Winkelschleifer"},"content":{"rendered":"<p>4-poliger Motor mit exzellentem Verh\u00e4ltnis zwischen Leistung und Gewicht&lt;Br&gt;  Die REDLINK-Elektronik\u2122 bietet \u00dcberlastschutz f\u00fcr Werkzeug und Akku f\u00fcr eine l\u00e4ngere Lebensdauer&lt;Br&gt;  Metallgetriebe f\u00fcr maximale St\u00e4rke&lt;Br&gt;  Geringe Gr\u00f6\u00dfe und optimale Ergonomie&lt;Br&gt;  Nicht arretierbarer Paddelschalter und Schutz vor versehentlichem Neustart&lt;Br&gt;  Verdeck ohne Werkzeug verstellbar&lt;Br&gt;  Seitlicher Griff&lt;Br&gt;  \u00dcberwachung der einzelnen Akkuzellen, um die Autonomie des Ger\u00e4ts zu optimieren und eine l\u00e4ngere Lebensdauer des Akkupacks zu gew\u00e4hrleisten&lt;Br&gt;  Anzeige f\u00fcr den Ladezustand der Batterie&lt;Br&gt;  Der REDLITHIUM\u2122-Akku bietet eine fortschrittliche Akku-Konstruktion und eine gleichbleibende Leistung, um eine l\u00e4ngere Akkulaufzeit zu erm\u00f6glichen und die Lebensdauer des Akkus zu maximieren&lt;Br&gt;  Kompatibel mit allen MILWAUKEE\u00ae M18\u2122 Akkus<\/p>\n<p>BARCODE: 4002395001415<\/p>\n<p>Technische Daten<br \/>\n115<\/p>\n<p>2 x M18 B4 Akkupack, M12-18 C Ladeger\u00e4t, Koffer, Kappe und Seitengriff<\/p>\n","protected":false},"excerpt":{"rendered":"<p>4-poliger Motor mit exzellentem Verh\u00e4ltnis zwischen Leistung und Gewicht&lt;Br&gt; Die REDLINK-Elektronik\u2122 bietet \u00dcberlastschutz f\u00fcr Werkzeug und Akku f\u00fcr eine l\u00e4ngere<\/p>\n","protected":false},"featured_media":455128,"template":"","meta":{"_seopress_robots_primary_cat":"","_seopress_titles_title":"","_seopress_titles_desc":"","_seopress_robots_index":""},"product_brand":[3407],"product_cat":[29,514,555],"product_tag":[3270],"class_list":{"0":"post-462937","1":"product","2":"type-product","3":"status-publish","4":"has-post-thumbnail","6":"product_brand-milwaukee","7":"product_cat-macchinari","8":"product_cat-altri-dispositivi","9":"product_cat-smerigliatrici","10":"product_tag-import-milwau","11":"sws-gruppo-macchinari-de","12":"sws-conto-ricavi-merci-rivendita-macchinari-de","13":"sws-gruppo-iva-iva81-de","15":"first","16":"onbackorder","17":"purchasable","18":"product-type-simple"},"_links":{"self":[{"href":"https:\/\/lucacastelli.com\/de\/wp-json\/wp\/v2\/product\/462937","targetHints":{"allow":["GET"]}}],"collection":[{"href":"https:\/\/lucacastelli.com\/de\/wp-json\/wp\/v2\/product"}],"about":[{"href":"https:\/\/lucacastelli.com\/de\/wp-json\/wp\/v2\/types\/product"}],"wp:featuredmedia":[{"embeddable":true,"href":"https:\/\/lucacastelli.com\/de\/wp-json\/wp\/v2\/media\/455128"}],"wp:attachment":[{"href":"https:\/\/lucacastelli.com\/de\/wp-json\/wp\/v2\/media?parent=462937"}],"wp:term":[{"taxonomy":"product_brand","embeddable":true,"href":"https:\/\/lucacastelli.com\/de\/wp-json\/wp\/v2\/product_brand?post=462937"},{"taxonomy":"product_cat","embeddable":true,"href":"https:\/\/lucacastelli.com\/de\/wp-json\/wp\/v2\/product_cat?post=462937"},{"taxonomy":"product_tag","embeddable":true,"href":"https:\/\/lucacastelli.com\/de\/wp-json\/wp\/v2\/product_tag?post=462937"}],"curies":[{"name":"wp","href":"https:\/\/api.w.org\/{rel}","templated":true}]}}