{"id":462929,"date":"2025-06-12T04:04:14","date_gmt":"2025-06-12T02:04:14","guid":{"rendered":"https:\/\/lucacastelli.com\/prodotto\/schlagschrauber-33\/"},"modified":"2026-04-16T02:14:28","modified_gmt":"2026-04-16T00:14:28","slug":"schlagschrauber-33","status":"publish","type":"product","link":"https:\/\/lucacastelli.com\/de\/produkt\/schlagschrauber-33\/","title":{"rendered":"MILWAUKEE Schlagschrauber"},"content":{"rendered":"<p>Hochleistungs-Schlagschrauber mit 7\/16&#8243;-Sechskantaufnahme, kompatibel mit unserem 7\/16&#8243;-Sechskant-Zubeh\u00f6rsortiment f\u00fcr anspruchsvollste Holzanwendungen&lt;br&gt;  Liefert bis zu 1017 Nm Drehmoment f\u00fcr schwerste Anwendungen&lt;br&gt;  Verl\u00e4ngerter Griff f\u00fcr maximale Handhabung&lt;br&gt;  QUIK-LOK\u2122-Spannfutter f\u00fcr schnellen Bit-Wechsel&lt;br&gt;  Integrierte \u00d6se f\u00fcr Absturzsicherung&lt;br&gt;  Die FUEL\u2122-Technologie definiert Akku-Elektrowerkzeuge neu. Der b\u00fcrstenlose Motor, die REDLINK PLUS\u2122-Elektronik und der REDLITHIUM\u2122-Akku bieten \u00fcberlegene Leistung und Haltbarkeit&lt;br&gt; Das ONE-KEY\u2122 Tracking &amp; Security System bietet kostenlos einen cloudbasierten Tracking- und Inventarverwaltungsservice mit Fernverriegelungsfunktion&lt;br&gt; Funktioniert mit allen M18\u2122 MILWAUKEE\u00ae-Akkus <\/p>\n<p>BARCODE: 4058546369460<\/p>\n<p>Technische Daten<br \/>\n3.3 (M18 B5)<\/p>\n<p>Ohne Akkus geliefert, ohne Ladeger\u00e4t geliefert, HeavyDuty-Koffer<\/p>\n","protected":false},"excerpt":{"rendered":"<p>Hochleistungs-Schlagschrauber mit 7\/16&#8243;-Sechskantaufnahme, kompatibel mit unserem 7\/16&#8243;-Sechskant-Zubeh\u00f6rsortiment f\u00fcr anspruchsvollste Holzanwendungen&lt;br&gt; Liefert bis zu 1017 Nm Drehmoment f\u00fcr schwerste Anwendungen&lt;br&gt; Verl\u00e4ngerter<\/p>\n","protected":false},"featured_media":454162,"template":"","meta":{"_seopress_robots_primary_cat":"","_seopress_titles_title":"","_seopress_titles_desc":"","_seopress_robots_index":""},"product_brand":[3407],"product_cat":[29,514,549],"product_tag":[3270],"class_list":{"0":"post-462929","1":"product","2":"type-product","3":"status-publish","4":"has-post-thumbnail","6":"product_brand-milwaukee","7":"product_cat-macchinari","8":"product_cat-altri-dispositivi","9":"product_cat-trapani-e-avvitatori","10":"product_tag-import-milwau","11":"sws-gruppo-macchinari-de","12":"sws-conto-ricavi-merci-rivendita-macchinari-de","13":"sws-gruppo-iva-iva81-de","15":"first","16":"onbackorder","17":"sale","18":"purchasable","19":"product-type-simple"},"_links":{"self":[{"href":"https:\/\/lucacastelli.com\/de\/wp-json\/wp\/v2\/product\/462929","targetHints":{"allow":["GET"]}}],"collection":[{"href":"https:\/\/lucacastelli.com\/de\/wp-json\/wp\/v2\/product"}],"about":[{"href":"https:\/\/lucacastelli.com\/de\/wp-json\/wp\/v2\/types\/product"}],"wp:featuredmedia":[{"embeddable":true,"href":"https:\/\/lucacastelli.com\/de\/wp-json\/wp\/v2\/media\/454162"}],"wp:attachment":[{"href":"https:\/\/lucacastelli.com\/de\/wp-json\/wp\/v2\/media?parent=462929"}],"wp:term":[{"taxonomy":"product_brand","embeddable":true,"href":"https:\/\/lucacastelli.com\/de\/wp-json\/wp\/v2\/product_brand?post=462929"},{"taxonomy":"product_cat","embeddable":true,"href":"https:\/\/lucacastelli.com\/de\/wp-json\/wp\/v2\/product_cat?post=462929"},{"taxonomy":"product_tag","embeddable":true,"href":"https:\/\/lucacastelli.com\/de\/wp-json\/wp\/v2\/product_tag?post=462929"}],"curies":[{"name":"wp","href":"https:\/\/api.w.org\/{rel}","templated":true}]}}