{"id":462926,"date":"2025-06-12T04:08:32","date_gmt":"2025-06-12T02:08:32","guid":{"rendered":"https:\/\/lucacastelli.com\/prodotto\/schlagschrauber-32\/"},"modified":"2025-06-29T07:49:39","modified_gmt":"2025-06-29T05:49:39","slug":"schlagschrauber-32","status":"publish","type":"product","link":"https:\/\/lucacastelli.com\/de\/produkt\/schlagschrauber-32\/","title":{"rendered":"MILWAUKEE Schlagschrauber"},"content":{"rendered":"<p>Der M18 FUEL\u2122 Schlagschrauber kombiniert ein Drehmoment von 1356 Nm mit kleinen Abmessungen (213 mm L\u00e4nge) f\u00fcr den einfachen Zugang zu engen R\u00e4umen&lt;Br&gt;  System mit 4 DRIVE CONTROL-Modi, die eine Auswahl von vier verschiedenen Geschwindigkeits- und Drehmomenteinstellungen f\u00fcr maximale Flexibilit\u00e4t bei verschiedenen Anwendungen erm\u00f6glichen&lt;Br&gt;  Vierter Modus f\u00fcr maximales Drehmoment und un\u00fcbertroffene Kontrolle beim Entfernen von Schrauben&lt;Br&gt;  Vierkant 1\/2 Anschluss mit Reibring&lt;Br&gt;  Neue integrierte LED: mehr als 40 Prozent heller als das Vorg\u00e4ngermodell&lt;Br&gt;  Milwaukee\u00ae POWERSTATE\u2122-B\u00fcrsten bieten h\u00f6here Effizienz, l\u00e4ngere Lebensdauer und \u00fcberlegene Leistung&lt;Br&gt;  Das intelligente REDLINK PLUS-System\u2122 bietet einen fortschrittlichen digitalen \u00dcberlastungsschutz f\u00fcr Werkzeuge und Akkus und verbessert die Leistung des Werkzeugs unter Last erheblich.&lt;Br&gt;  Die REDLITHIUM-Batterie\u2122 bietet eine \u00fcberlegene Konstruktion des Akkupacks, Elektronik und gleichbleibende Leistung, um mehr Laufzeit und mehr Arbeit \u00fcber die Lebensdauer der Batterie zu liefern&lt;Br&gt;  Der Gummigriff h\u00e4lt intensiver Nutzung stand und bietet maximalen Komfort&lt;Br&gt;  Funktioniert mit allen Milwaukee M18\u2122 Akkus  <\/p>\n<p>BARCODE: 4058546028671<\/p>\n<p>Technische<br \/>\nDaten 3.3 (M18 B5)<\/p>\n<p>Lieferung ohne Batterien, Lieferung ohne Ladeger\u00e4t, HeavyDuty Koffer<\/p>\n","protected":false},"excerpt":{"rendered":"<p>Der M18 FUEL\u2122 Schlagschrauber kombiniert ein Drehmoment von 1356 Nm mit kleinen Abmessungen (213 mm L\u00e4nge) f\u00fcr den einfachen Zugang<\/p>\n","protected":false},"featured_media":454199,"template":"","meta":{"_seopress_robots_primary_cat":"","_seopress_titles_title":"","_seopress_titles_desc":"","_seopress_robots_index":""},"product_brand":[3407],"product_cat":[29,514,549],"product_tag":[3270],"class_list":{"0":"post-462926","1":"product","2":"type-product","3":"status-publish","4":"has-post-thumbnail","6":"product_brand-milwaukee","7":"product_cat-macchinari","8":"product_cat-altri-dispositivi","9":"product_cat-trapani-e-avvitatori","10":"product_tag-import-milwau","11":"sws-gruppo-macchinari-de","12":"sws-conto-ricavi-merci-rivendita-macchinari-de","13":"sws-gruppo-iva-iva81-de","15":"first","16":"onbackorder","17":"sale","18":"purchasable","19":"product-type-simple"},"_links":{"self":[{"href":"https:\/\/lucacastelli.com\/de\/wp-json\/wp\/v2\/product\/462926","targetHints":{"allow":["GET"]}}],"collection":[{"href":"https:\/\/lucacastelli.com\/de\/wp-json\/wp\/v2\/product"}],"about":[{"href":"https:\/\/lucacastelli.com\/de\/wp-json\/wp\/v2\/types\/product"}],"wp:featuredmedia":[{"embeddable":true,"href":"https:\/\/lucacastelli.com\/de\/wp-json\/wp\/v2\/media\/454199"}],"wp:attachment":[{"href":"https:\/\/lucacastelli.com\/de\/wp-json\/wp\/v2\/media?parent=462926"}],"wp:term":[{"taxonomy":"product_brand","embeddable":true,"href":"https:\/\/lucacastelli.com\/de\/wp-json\/wp\/v2\/product_brand?post=462926"},{"taxonomy":"product_cat","embeddable":true,"href":"https:\/\/lucacastelli.com\/de\/wp-json\/wp\/v2\/product_cat?post=462926"},{"taxonomy":"product_tag","embeddable":true,"href":"https:\/\/lucacastelli.com\/de\/wp-json\/wp\/v2\/product_tag?post=462926"}],"curies":[{"name":"wp","href":"https:\/\/api.w.org\/{rel}","templated":true}]}}