{"id":462924,"date":"2025-06-12T04:02:02","date_gmt":"2025-06-12T02:02:02","guid":{"rendered":"https:\/\/lucacastelli.com\/prodotto\/schlagschrauber-31\/"},"modified":"2025-06-29T07:49:37","modified_gmt":"2025-06-29T05:49:37","slug":"schlagschrauber-31","status":"publish","type":"product","link":"https:\/\/lucacastelli.com\/de\/produkt\/schlagschrauber-31\/","title":{"rendered":"MILWAUKEE Schlagschrauber"},"content":{"rendered":"<p>M18 FUEL\u2122 Schlagschrauber mit ONE-KEY\u2122 Technologie mit einem Drehmoment von 1017 Nm in kompakter Gr\u00f6\u00dfe (nur 206 mm lang)&lt;Br&gt;  System mit 4 DRIVE CONTROL-Modi, die eine Auswahl von vier verschiedenen Geschwindigkeits- und Drehmomenteinstellungen f\u00fcr maximale Flexibilit\u00e4t bei verschiedenen Anwendungen erm\u00f6glichen&lt;Br&gt;  Vierter Modus f\u00fcr maximales Drehmoment und un\u00fcbertroffene Kontrolle beim Entfernen von Schrauben&lt;Br&gt;  Kann Anwendungen mit extremer Drehmomentgenauigkeit wiederholen&lt;Br&gt;  Das ONE-KEY\u2122 Tracking &amp; Security-System bietet einen kostenlosen Cloud-basierten Tracking- und Bestandsverwaltungsdienst und verf\u00fcgt gleichzeitig \u00fcber Funktionen zur Fernverriegelung und Anpassung der Werkzeugleistung&lt;Br&gt;  Die FUEL\u2122 Technologie definiert kabellose Elektrowerkzeuge neu. Der b\u00fcrstenlose Motor, die REDLINK PLUS\u2122-Elektronik und der REDLITHIUM\u2122-Akku bieten \u00fcberragende Leistung und Langlebigkeit&lt;br&gt; 1\/2-Quadrat-Drehkupplung f\u00fcr maximale Griffigkeit&lt;br&gt; Funktioniert mit allen M18\u2122 Milwaukee-Akkus <\/p>\n<p>BARCODE: 4058546028978<\/p>\n<p>Technische<br \/>\nDaten 18<\/p>\n<p>2 x M18 B5 Akku-Pack, M12-18 FC Ladeger\u00e4t, HeavyDuty Koffer<\/p>\n","protected":false},"excerpt":{"rendered":"<p>M18 FUEL\u2122 Schlagschrauber mit ONE-KEY\u2122 Technologie mit einem Drehmoment von 1017 Nm in kompakter Gr\u00f6\u00dfe (nur 206 mm lang)&lt;Br&gt; System<\/p>\n","protected":false},"featured_media":454141,"template":"","meta":{"_seopress_robots_primary_cat":"","_seopress_titles_title":"","_seopress_titles_desc":"","_seopress_robots_index":""},"product_brand":[3407],"product_cat":[29,514,549],"product_tag":[3270],"class_list":{"0":"post-462924","1":"product","2":"type-product","3":"status-publish","4":"has-post-thumbnail","6":"product_brand-milwaukee","7":"product_cat-macchinari","8":"product_cat-altri-dispositivi","9":"product_cat-trapani-e-avvitatori","10":"product_tag-import-milwau","11":"sws-gruppo-macchinari-de","12":"sws-conto-ricavi-merci-rivendita-macchinari-de","13":"sws-gruppo-iva-iva81-de","15":"first","16":"onbackorder","17":"sale","18":"purchasable","19":"product-type-simple"},"_links":{"self":[{"href":"https:\/\/lucacastelli.com\/de\/wp-json\/wp\/v2\/product\/462924","targetHints":{"allow":["GET"]}}],"collection":[{"href":"https:\/\/lucacastelli.com\/de\/wp-json\/wp\/v2\/product"}],"about":[{"href":"https:\/\/lucacastelli.com\/de\/wp-json\/wp\/v2\/types\/product"}],"wp:featuredmedia":[{"embeddable":true,"href":"https:\/\/lucacastelli.com\/de\/wp-json\/wp\/v2\/media\/454141"}],"wp:attachment":[{"href":"https:\/\/lucacastelli.com\/de\/wp-json\/wp\/v2\/media?parent=462924"}],"wp:term":[{"taxonomy":"product_brand","embeddable":true,"href":"https:\/\/lucacastelli.com\/de\/wp-json\/wp\/v2\/product_brand?post=462924"},{"taxonomy":"product_cat","embeddable":true,"href":"https:\/\/lucacastelli.com\/de\/wp-json\/wp\/v2\/product_cat?post=462924"},{"taxonomy":"product_tag","embeddable":true,"href":"https:\/\/lucacastelli.com\/de\/wp-json\/wp\/v2\/product_tag?post=462924"}],"curies":[{"name":"wp","href":"https:\/\/api.w.org\/{rel}","templated":true}]}}