{"id":462918,"date":"2025-06-12T03:58:08","date_gmt":"2025-06-12T01:58:08","guid":{"rendered":"https:\/\/lucacastelli.com\/prodotto\/schlagschrauber-29\/"},"modified":"2025-06-29T07:50:06","modified_gmt":"2025-06-29T05:50:06","slug":"schlagschrauber-29","status":"publish","type":"product","link":"https:\/\/lucacastelli.com\/de\/produkt\/schlagschrauber-29\/","title":{"rendered":"MILWAUKEE Schlagschrauber"},"content":{"rendered":"<p>M18 FUEL\u2122 Schlagschrauber mit hohem Drehmoment (1017 Nm) M18 mit 75 mm langem 1\/2-Schaft und ONE-KEY\u2122 Technologie  &lt;Br&gt;  System mit 4 DRIVE CONTROL-Modi, die vier verschiedene Geschwindigkeits- und Drehmomenteinstellungen f\u00fcr maximale Flexibilit\u00e4t bei verschiedenen Anwendungen erm\u00f6glichen&lt;Br&gt;  75 mm langer Schaft f\u00fcr den Zugang und die Anpassung an Anwendungen in engen R\u00e4umen, mit 1500 Nm Ausdrehmoment&lt;Br&gt;  Eingebauter Hubz\u00e4hlsensor f\u00fcr wiederholte Anwendungen, der sicherstellt, dass die gleichen Drehmomenteinstellungen wiederholt werden&lt;Br&gt;  Das ONE-KEY\u2122 Tracking &amp; Security-System bietet einen kostenlosen Cloud-basierten Tracking- und Bestandsverwaltungsdienst und verf\u00fcgt gleichzeitig \u00fcber Funktionen zur Fernverriegelung und Anpassung der Werkzeugleistung&lt;Br&gt;  Die FUEL-Technologie\u2122 definiert kabellose Elektrowerkzeuge neu. B\u00fcrstenloser Motor, REDLINK PLUS-Elektronik\u2122 und REDLITHIUM-Akku\u2122 sorgen f\u00fcr \u00fcberlegene Leistung und Haltbarkeit&lt;Br&gt;  Funktioniert mit allen MILWAUKEE\u00ae M18\u2122 Akkus&lt;Br&gt;  Garantiert bis zu 1017 Nm Anzugsdrehmoment und 1500 Nm L\u00f6sedrehmoment&lt;Br&gt;  ONE-KEY\u2122-Anpassung: M\u00f6glichkeit zur Einstellung von Werkzeuggeschwindigkeit und Drehmomentbereich (1 bis 10)<\/p>\n<p>BARCODE: 4058546345969<\/p>\n<p>Technische<br \/>\nDaten 18<\/p>\n<p>Lieferung ohne Batterien, Lieferung ohne Ladeger\u00e4t, HeavyDuty Koffer<\/p>\n","protected":false},"excerpt":{"rendered":"<p>M18 FUEL\u2122 Schlagschrauber mit hohem Drehmoment (1017 Nm) M18 mit 75 mm langem 1\/2-Schaft und ONE-KEY\u2122 Technologie &lt;Br&gt; System mit<\/p>\n","protected":false},"featured_media":454104,"template":"","meta":{"_seopress_robots_primary_cat":"","_seopress_titles_title":"","_seopress_titles_desc":"","_seopress_robots_index":""},"product_brand":[3656],"product_cat":[1454,1553,169],"product_tag":[3272],"class_list":{"0":"post-462918","1":"product","2":"type-product","3":"status-publish","4":"has-post-thumbnail","6":"product_brand-milwaukee-de","7":"product_cat-andere-gerate","8":"product_cat-bohrer-und-schraubendreher","9":"product_cat-maschinen","10":"product_tag-import-milwau-de","11":"sws-gruppo-macchinari-de","12":"sws-conto-ricavi-merci-rivendita-macchinari-de","13":"sws-gruppo-iva-iva81-de","15":"first","16":"onbackorder","17":"sale","18":"purchasable","19":"product-type-simple"},"_links":{"self":[{"href":"https:\/\/lucacastelli.com\/de\/wp-json\/wp\/v2\/product\/462918","targetHints":{"allow":["GET"]}}],"collection":[{"href":"https:\/\/lucacastelli.com\/de\/wp-json\/wp\/v2\/product"}],"about":[{"href":"https:\/\/lucacastelli.com\/de\/wp-json\/wp\/v2\/types\/product"}],"wp:featuredmedia":[{"embeddable":true,"href":"https:\/\/lucacastelli.com\/de\/wp-json\/wp\/v2\/media\/454104"}],"wp:attachment":[{"href":"https:\/\/lucacastelli.com\/de\/wp-json\/wp\/v2\/media?parent=462918"}],"wp:term":[{"taxonomy":"product_brand","embeddable":true,"href":"https:\/\/lucacastelli.com\/de\/wp-json\/wp\/v2\/product_brand?post=462918"},{"taxonomy":"product_cat","embeddable":true,"href":"https:\/\/lucacastelli.com\/de\/wp-json\/wp\/v2\/product_cat?post=462918"},{"taxonomy":"product_tag","embeddable":true,"href":"https:\/\/lucacastelli.com\/de\/wp-json\/wp\/v2\/product_tag?post=462918"}],"curies":[{"name":"wp","href":"https:\/\/api.w.org\/{rel}","templated":true}]}}