{"id":462915,"date":"2025-06-12T03:51:23","date_gmt":"2025-06-12T01:51:23","guid":{"rendered":"https:\/\/lucacastelli.com\/prodotto\/schlagschrauber-28\/"},"modified":"2025-06-29T07:50:00","modified_gmt":"2025-06-29T05:50:00","slug":"schlagschrauber-28","status":"publish","type":"product","link":"https:\/\/lucacastelli.com\/de\/produkt\/schlagschrauber-28\/","title":{"rendered":"MILWAUKEE Schlagschrauber"},"content":{"rendered":"<p>M18 FUEL\u2122 Schlagschrauber mit ONE-KEY\u2122 Technologie und einem Drehmoment von 1627 Nm bei kompakter Gr\u00f6\u00dfe (nur 213 mm lang)&lt;Br&gt;  System mit 4 DRIVE CONTROL-Modi, die eine Auswahl von vier verschiedenen Geschwindigkeits- und Drehmomenteinstellungen f\u00fcr maximale Flexibilit\u00e4t bei verschiedenen Anwendungen erm\u00f6glichen&lt;Br&gt;  Vierter Modus f\u00fcr maximales Drehmoment und un\u00fcbertroffene Kontrolle beim Entfernen von Schrauben&lt;Br&gt;  Kann Anwendungen mit extremer Drehmomentgenauigkeit wiederholen&lt;Br&gt;  Das ONE-KEY\u2122 Tracking &amp; Security-System bietet einen kostenlosen Cloud-basierten Tracking- und Bestandsverwaltungsdienst und verf\u00fcgt gleichzeitig \u00fcber Funktionen zur Fernverriegelung und Anpassung der Werkzeugleistung&lt;Br&gt;  Die FUEL-Technologie\u2122 definiert kabellose Elektrowerkzeuge neu. B\u00fcrstenloser Motor, REDLINK PLUS-Elektronik\u2122 und REDLITHIUM-Akku\u2122 sorgen f\u00fcr \u00fcberlegene&lt;Leistung und Haltbarkeit br&gt; 3\/4-Vierkant-Zollantrieb mit Reibring&lt;br&gt; Funktioniert mit allen MILWAUKEE\u00ae M18-Batterien\u2122<\/p>\n<p>BARCODE: 4058546029029<\/p>\n<p>Technische<br \/>\nDaten 18<\/p>\n<p>2 x M18 B5 Akku-Pack, M12-18 FC Ladeger\u00e4t, HeavyDuty Koffer<\/p>\n","protected":false},"excerpt":{"rendered":"<p>M18 FUEL\u2122 Schlagschrauber mit ONE-KEY\u2122 Technologie und einem Drehmoment von 1627 Nm bei kompakter Gr\u00f6\u00dfe (nur 213 mm lang)&lt;Br&gt; System<\/p>\n","protected":false},"featured_media":454042,"template":"","meta":{"_seopress_robots_primary_cat":"","_seopress_titles_title":"","_seopress_titles_desc":"","_seopress_robots_index":""},"product_brand":[3407],"product_cat":[29,514,549],"product_tag":[3270],"class_list":{"0":"post-462915","1":"product","2":"type-product","3":"status-publish","4":"has-post-thumbnail","6":"product_brand-milwaukee","7":"product_cat-macchinari","8":"product_cat-altri-dispositivi","9":"product_cat-trapani-e-avvitatori","10":"product_tag-import-milwau","11":"sws-gruppo-macchinari-de","12":"sws-conto-ricavi-merci-rivendita-macchinari-de","13":"sws-gruppo-iva-iva81-de","15":"first","16":"onbackorder","17":"sale","18":"purchasable","19":"product-type-simple"},"_links":{"self":[{"href":"https:\/\/lucacastelli.com\/de\/wp-json\/wp\/v2\/product\/462915","targetHints":{"allow":["GET"]}}],"collection":[{"href":"https:\/\/lucacastelli.com\/de\/wp-json\/wp\/v2\/product"}],"about":[{"href":"https:\/\/lucacastelli.com\/de\/wp-json\/wp\/v2\/types\/product"}],"wp:featuredmedia":[{"embeddable":true,"href":"https:\/\/lucacastelli.com\/de\/wp-json\/wp\/v2\/media\/454042"}],"wp:attachment":[{"href":"https:\/\/lucacastelli.com\/de\/wp-json\/wp\/v2\/media?parent=462915"}],"wp:term":[{"taxonomy":"product_brand","embeddable":true,"href":"https:\/\/lucacastelli.com\/de\/wp-json\/wp\/v2\/product_brand?post=462915"},{"taxonomy":"product_cat","embeddable":true,"href":"https:\/\/lucacastelli.com\/de\/wp-json\/wp\/v2\/product_cat?post=462915"},{"taxonomy":"product_tag","embeddable":true,"href":"https:\/\/lucacastelli.com\/de\/wp-json\/wp\/v2\/product_tag?post=462915"}],"curies":[{"name":"wp","href":"https:\/\/api.w.org\/{rel}","templated":true}]}}