{"id":462914,"date":"2025-06-12T03:44:27","date_gmt":"2025-06-12T01:44:27","guid":{"rendered":"https:\/\/lucacastelli.com\/prodotto\/schlagschrauber-27\/"},"modified":"2025-06-29T07:50:00","modified_gmt":"2025-06-29T05:50:00","slug":"schlagschrauber-27","status":"publish","type":"product","link":"https:\/\/lucacastelli.com\/de\/produkt\/schlagschrauber-27\/","title":{"rendered":"MILWAUKEE Schlagschrauber"},"content":{"rendered":"<p>Der erste drehmomentstarke M18 FUEL\u2122 ONE-KEY\u2122 Schlagschrauber mit 1-Kanal-Anschluss ersetzt kabelgebundene, benzinbetriebene oder pneumatische Werkzeuge&lt;Br&gt;  System mit 4 DRIVE CONTROL-Modi, die eine Auswahl von vier verschiedenen Geschwindigkeits- und Drehmomenteinstellungen f\u00fcr maximale Flexibilit\u00e4t bei verschiedenen Anwendungen erm\u00f6glichen&lt;Br&gt;  Kann Anwendungen mit extremer Drehmomentgenauigkeit wiederholen&lt;Br&gt;  ONE-KEY\u2122-Anpassung: M\u00f6glichkeit zur Einstellung von Werkzeuggeschwindigkeit und Drehmomentbereich (1 bis 10)&lt;Br&gt;  Mit der ONE-KEY\u2122 Technologie k\u00f6nnen Sie Ihre Inventarger\u00e4te aus der Ferne \u00fcberwachen, wissen immer, wo sie sich befinden und verhindern Manipulationen.&lt;Br&gt;  Das ONE-KEY\u2122 Tracking &amp; Security-System bietet einen kostenlosen Cloud-basierten Tracking- und Bestandsverwaltungsdienst und verf\u00fcgt gleichzeitig \u00fcber Funktionen zur Fernverriegelung und Anpassung der Werkzeugleistung&lt;Br&gt;  HIGH OUTPUT\u2122 System, erh\u00f6ht die Leistung und Autonomie der M18 FUEL-Technologie\u2122&lt;Br&gt;  Funktioniert mit allen MILWAUKEE\u00ae M18\u2122 Akkus<\/p>\n<p>BARCODE: 4058546029043<\/p>\n<p>Technische Daten<br \/>\n5.9 (M18 HB8)<\/p>\n<p>Lieferung ohne Batterien, Lieferung ohne Ladeger\u00e4t, HeavyDuty Koffer<\/p>\n","protected":false},"excerpt":{"rendered":"<p>Der erste drehmomentstarke M18 FUEL\u2122 ONE-KEY\u2122 Schlagschrauber mit 1-Kanal-Anschluss ersetzt kabelgebundene, benzinbetriebene oder pneumatische Werkzeuge&lt;Br&gt; System mit 4 DRIVE CONTROL-Modi,<\/p>\n","protected":false},"featured_media":453980,"template":"","meta":{"_seopress_robots_primary_cat":"","_seopress_titles_title":"","_seopress_titles_desc":"","_seopress_robots_index":""},"product_brand":[3407],"product_cat":[29,514,549],"product_tag":[3270],"class_list":{"0":"post-462914","1":"product","2":"type-product","3":"status-publish","4":"has-post-thumbnail","6":"product_brand-milwaukee","7":"product_cat-macchinari","8":"product_cat-altri-dispositivi","9":"product_cat-trapani-e-avvitatori","10":"product_tag-import-milwau","11":"sws-gruppo-macchinari-de","12":"sws-conto-ricavi-merci-rivendita-macchinari-de","13":"sws-gruppo-iva-iva81-de","15":"first","16":"onbackorder","17":"sale","18":"purchasable","19":"product-type-simple"},"_links":{"self":[{"href":"https:\/\/lucacastelli.com\/de\/wp-json\/wp\/v2\/product\/462914","targetHints":{"allow":["GET"]}}],"collection":[{"href":"https:\/\/lucacastelli.com\/de\/wp-json\/wp\/v2\/product"}],"about":[{"href":"https:\/\/lucacastelli.com\/de\/wp-json\/wp\/v2\/types\/product"}],"wp:featuredmedia":[{"embeddable":true,"href":"https:\/\/lucacastelli.com\/de\/wp-json\/wp\/v2\/media\/453980"}],"wp:attachment":[{"href":"https:\/\/lucacastelli.com\/de\/wp-json\/wp\/v2\/media?parent=462914"}],"wp:term":[{"taxonomy":"product_brand","embeddable":true,"href":"https:\/\/lucacastelli.com\/de\/wp-json\/wp\/v2\/product_brand?post=462914"},{"taxonomy":"product_cat","embeddable":true,"href":"https:\/\/lucacastelli.com\/de\/wp-json\/wp\/v2\/product_cat?post=462914"},{"taxonomy":"product_tag","embeddable":true,"href":"https:\/\/lucacastelli.com\/de\/wp-json\/wp\/v2\/product_tag?post=462914"}],"curies":[{"name":"wp","href":"https:\/\/api.w.org\/{rel}","templated":true}]}}