{"id":462894,"date":"2025-06-12T03:25:58","date_gmt":"2025-06-12T01:25:58","guid":{"rendered":"https:\/\/lucacastelli.com\/prodotto\/gipskarton-schraubendreher\/"},"modified":"2025-06-29T07:50:59","modified_gmt":"2025-06-29T05:50:59","slug":"gipskarton-schraubendreher","status":"publish","type":"product","link":"https:\/\/lucacastelli.com\/de\/produkt\/gipskarton-schraubendreher\/","title":{"rendered":"MILWAUKEE Trockenbauschrauber"},"content":{"rendered":"<p>Der von MILWAUKEE gebaute b\u00fcrstenlose POWERSTATE-Motor\u2122 ist in der Lage, \u00ae eine 10-mal l\u00e4ngere Lebensdauer und bis zu 60 % mehr Leistung zu garantieren&lt;Br&gt;  Das intelligente REDLINK PLUS-System\u2122 bietet einen fortschrittlichen digitalen \u00dcberlastungsschutz f\u00fcr Werkzeuge und Akkus und verbessert die Leistung des Werkzeugs unter Last erheblich.&lt;Br&gt;  Die REDLITHIUM-Batterie\u2122 bietet eine \u00fcberlegene Konstruktion des Akkupacks, Elektronik und gleichbleibende Leistung, um mehr Laufzeit und mehr Arbeit \u00fcber die Lebensdauer der Batterie zu liefern&lt;Br&gt;  AUTO-START-Technologie\u2122: Nach der Aktivierung ist der Trockenbauschrauber bereit f\u00fcr das serielle Schrauben, wird aber erst in Betrieb genommen, wenn er w\u00e4hrend der Anwendung auf das Material trifft, wodurch Sie eine beispiellose Autonomie erreichen k\u00f6nnen (nicht in Betrieb zu sein und daher in der Zeit, die zwischen einer Schraube und der n\u00e4chsten vergeht, keine Energie zu verbrauchen)&lt;Br&gt;  Schnellverschluss des 1\/4 Zolleinsatzes und Auslaufs&lt;Br&gt;  Pr\u00e4zise Einstellung des Auslaufendes auf die gew\u00fcnschte Schraubtiefe einstellbar&lt;Br&gt;  Die individuelle Steuerung jeder einzelnen Zelle optimiert die Laufzeit und Lebensdauer des Akkupacks&lt;Br&gt;  Anzeige des Ladezustands des Akkus&lt;Br&gt;  Ausgestattet mit LEDs zur Ausleuchtung des Arbeitsbereichs&lt;Br&gt;  Haken aus Metall&lt;Br&gt;  Kompatibel mit allen MILWAUKEE\u00ae M18\u2122 Akkus<\/p>\n<p>BARCODE: 4002395289967<\/p>\n<p>Technische Daten<br \/>\n13<\/p>\n<p>Lieferung ohne Batterien, Lieferung ohne Ladeger\u00e4t, HeavyDuty Koffer<\/p>\n","protected":false},"excerpt":{"rendered":"<p>Der von MILWAUKEE gebaute b\u00fcrstenlose POWERSTATE-Motor\u2122 ist in der Lage, \u00ae eine 10-mal l\u00e4ngere Lebensdauer und bis zu 60 %<\/p>\n","protected":false},"featured_media":453827,"template":"","meta":{"_seopress_robots_primary_cat":"","_seopress_titles_title":"","_seopress_titles_desc":"","_seopress_robots_index":""},"product_brand":[3407],"product_cat":[29,514,549],"product_tag":[3270],"class_list":{"0":"post-462894","1":"product","2":"type-product","3":"status-publish","4":"has-post-thumbnail","6":"product_brand-milwaukee","7":"product_cat-macchinari","8":"product_cat-altri-dispositivi","9":"product_cat-trapani-e-avvitatori","10":"product_tag-import-milwau","11":"sws-gruppo-macchinari-de","12":"sws-conto-ricavi-merci-rivendita-macchinari-de","13":"sws-gruppo-iva-iva81-de","15":"first","16":"onbackorder","17":"sale","18":"purchasable","19":"product-type-simple"},"_links":{"self":[{"href":"https:\/\/lucacastelli.com\/de\/wp-json\/wp\/v2\/product\/462894","targetHints":{"allow":["GET"]}}],"collection":[{"href":"https:\/\/lucacastelli.com\/de\/wp-json\/wp\/v2\/product"}],"about":[{"href":"https:\/\/lucacastelli.com\/de\/wp-json\/wp\/v2\/types\/product"}],"wp:featuredmedia":[{"embeddable":true,"href":"https:\/\/lucacastelli.com\/de\/wp-json\/wp\/v2\/media\/453827"}],"wp:attachment":[{"href":"https:\/\/lucacastelli.com\/de\/wp-json\/wp\/v2\/media?parent=462894"}],"wp:term":[{"taxonomy":"product_brand","embeddable":true,"href":"https:\/\/lucacastelli.com\/de\/wp-json\/wp\/v2\/product_brand?post=462894"},{"taxonomy":"product_cat","embeddable":true,"href":"https:\/\/lucacastelli.com\/de\/wp-json\/wp\/v2\/product_cat?post=462894"},{"taxonomy":"product_tag","embeddable":true,"href":"https:\/\/lucacastelli.com\/de\/wp-json\/wp\/v2\/product_tag?post=462894"}],"curies":[{"name":"wp","href":"https:\/\/api.w.org\/{rel}","templated":true}]}}