{"id":462888,"date":"2025-06-12T03:25:16","date_gmt":"2025-06-12T01:25:16","guid":{"rendered":"https:\/\/lucacastelli.com\/prodotto\/schlagschrauber-20\/"},"modified":"2025-06-29T07:50:53","modified_gmt":"2025-06-29T05:50:53","slug":"schlagschrauber-20","status":"publish","type":"product","link":"https:\/\/lucacastelli.com\/de\/produkt\/schlagschrauber-20\/","title":{"rendered":"MILWAUKEE Schlagschrauber"},"content":{"rendered":"<p>Impulsschrauber mit extrem kompaktem Winkelkopf, nur 307 mm lang, ideal f\u00fcr enge R\u00e4ume&lt;Br&gt;  REDLINK\u2122-Elektronik sch\u00fctzt Motor und Akku vor \u00dcberlastung und verbessert die Leistung des Ger\u00e4ts&lt;Br&gt;  Metallgetriebe f\u00fcr Langlebigkeit und maximales Drehmoment&lt;Br&gt;  Kompakter Winkelkopf, nur 53 mm. Werkzeugl\u00e4nge 355 mm&lt;Br&gt;  Bequemer und breiter Schalter&lt;Br&gt;  Sechskant 1\/4&#8243; Innensechskant mit Schnellwechsel-Einsatz&lt;Br&gt;  2 Geschwindigkeiten f\u00fcr mehr Vielseitigkeit&lt;Br&gt;  St\u00e4ndige \u00dcberwachung jeder einzelnen Zelle, um einen effizienten Lade- und Entladezyklus zu gew\u00e4hrleisten&lt;Br&gt;  Batterieladezustandsanzeige und LED-Licht&lt;Br&gt;  Die REDLITHIUM-Batterie\u2122 bietet eine \u00fcberlegene Konstruktion des Akkupacks, Elektronik und gleichbleibende Leistung, um mehr Laufzeit und mehr Arbeit \u00fcber die Lebensdauer der Batterie zu liefern&lt;Br&gt;  Funktioniert mit allen Milwaukee M18\u2122 18V Plattform-Akkus<\/p>\n<p>BARCODE: 4002395006663<\/p>\n<p>Technische<br \/>\nDaten 1\/4<\/p>\n<p>Lieferung ohne Batterien, Lieferung ohne Ladeger\u00e4t, Lieferung ohne Kitbox oder Tasche<\/p>\n","protected":false},"excerpt":{"rendered":"<p>Impulsschrauber mit extrem kompaktem Winkelkopf, nur 307 mm lang, ideal f\u00fcr enge R\u00e4ume&lt;Br&gt; REDLINK\u2122-Elektronik sch\u00fctzt Motor und Akku vor \u00dcberlastung<\/p>\n","protected":false},"featured_media":435910,"template":"","meta":{"_seopress_robots_primary_cat":"","_seopress_titles_title":"","_seopress_titles_desc":"","_seopress_robots_index":""},"product_brand":[3407],"product_cat":[29,514,549],"product_tag":[3270],"class_list":{"0":"post-462888","1":"product","2":"type-product","3":"status-publish","4":"has-post-thumbnail","6":"product_brand-milwaukee","7":"product_cat-macchinari","8":"product_cat-altri-dispositivi","9":"product_cat-trapani-e-avvitatori","10":"product_tag-import-milwau","11":"sws-gruppo-macchinari-de","12":"sws-conto-ricavi-merci-rivendita-macchinari-de","13":"sws-gruppo-iva-iva81-de","15":"first","16":"onbackorder","17":"sale","18":"purchasable","19":"product-type-simple"},"_links":{"self":[{"href":"https:\/\/lucacastelli.com\/de\/wp-json\/wp\/v2\/product\/462888","targetHints":{"allow":["GET"]}}],"collection":[{"href":"https:\/\/lucacastelli.com\/de\/wp-json\/wp\/v2\/product"}],"about":[{"href":"https:\/\/lucacastelli.com\/de\/wp-json\/wp\/v2\/types\/product"}],"wp:featuredmedia":[{"embeddable":true,"href":"https:\/\/lucacastelli.com\/de\/wp-json\/wp\/v2\/media\/435910"}],"wp:attachment":[{"href":"https:\/\/lucacastelli.com\/de\/wp-json\/wp\/v2\/media?parent=462888"}],"wp:term":[{"taxonomy":"product_brand","embeddable":true,"href":"https:\/\/lucacastelli.com\/de\/wp-json\/wp\/v2\/product_brand?post=462888"},{"taxonomy":"product_cat","embeddable":true,"href":"https:\/\/lucacastelli.com\/de\/wp-json\/wp\/v2\/product_cat?post=462888"},{"taxonomy":"product_tag","embeddable":true,"href":"https:\/\/lucacastelli.com\/de\/wp-json\/wp\/v2\/product_tag?post=462888"}],"curies":[{"name":"wp","href":"https:\/\/api.w.org\/{rel}","templated":true}]}}