{"id":462884,"date":"2025-06-12T03:23:33","date_gmt":"2025-06-12T01:23:33","guid":{"rendered":"https:\/\/lucacastelli.com\/prodotto\/schlagschrauber-18\/"},"modified":"2025-06-29T07:51:41","modified_gmt":"2025-06-29T05:51:41","slug":"schlagschrauber-18","status":"publish","type":"product","link":"https:\/\/lucacastelli.com\/de\/produkt\/schlagschrauber-18\/","title":{"rendered":"MILWAUKEE Schlagschrauber"},"content":{"rendered":"<p>Impulsschrauber mit extrem kompaktem b\u00fcrstenlosem Motor, nur 130 mm lang&lt;Br&gt;  B\u00fcrstenlose Motortechnologie liefert bis zu 180 Nm maximales Drehmoment, 3400 U\/min und 4200 U\/min&lt;Br&gt;  Das Milwaukee\u00ae DRIVE CONTROL System erm\u00f6glicht eine Auswahl von drei verschiedenen Geschwindigkeits- und Drehmomenteinstellungen, um die Vielseitigkeit zu maximieren.&lt;Br&gt;  Sechskant-Steckdose 1\/4&#8243; mit Einhand-Wechselplatte&lt;Br&gt;  Ganzmetall-Getriebe und -Zahnr\u00e4der f\u00fcr maximales Drehmoment und verbesserte Haltbarkeit&lt;Br&gt;  LED-Licht zur Ausleuchtung des Arbeitsbereichs&lt;Br&gt;  REDLINK\u2122 Elektronik f\u00fcr verbesserten \u00dcberlastungsschutz und l\u00e4ngere Batterielebensdauer&lt;Br&gt;  Die REDLITHIUM-Batterie\u2122 bietet eine \u00fcberlegene Konstruktion des Akkupacks, Elektronik und gleichbleibende Leistung, um mehr Laufzeit und mehr Arbeit \u00fcber die Lebensdauer der Batterie zu liefern&lt;Br&gt;  Vollmetall-G\u00fcrtelhaken&lt;Br&gt;  Funktioniert mit allen Milwaukee M18\u2122 Akkus  <\/p>\n<p>BARCODE: 4058546224646<\/p>\n<p>Technische<br \/>\nDaten 1\/4<\/p>\n<p>Lieferung ohne Batterien, Lieferung ohne Ladeger\u00e4t, HeavyDuty Koffer<\/p>\n","protected":false},"excerpt":{"rendered":"<p>Impulsschrauber mit extrem kompaktem b\u00fcrstenlosem Motor, nur 130 mm lang&lt;Br&gt; B\u00fcrstenlose Motortechnologie liefert bis zu 180 Nm maximales Drehmoment, 3400<\/p>\n","protected":false},"featured_media":435798,"template":"","meta":{"_seopress_robots_primary_cat":"","_seopress_titles_title":"","_seopress_titles_desc":"","_seopress_robots_index":""},"product_brand":[3656],"product_cat":[1454,1553,169],"product_tag":[3272],"class_list":{"0":"post-462884","1":"product","2":"type-product","3":"status-publish","4":"has-post-thumbnail","6":"product_brand-milwaukee-de","7":"product_cat-andere-gerate","8":"product_cat-bohrer-und-schraubendreher","9":"product_cat-maschinen","10":"product_tag-import-milwau-de","11":"sws-gruppo-macchinari-de","12":"sws-conto-ricavi-merci-rivendita-macchinari-de","13":"sws-gruppo-iva-iva81-de","15":"first","16":"onbackorder","17":"sale","18":"purchasable","19":"product-type-simple"},"_links":{"self":[{"href":"https:\/\/lucacastelli.com\/de\/wp-json\/wp\/v2\/product\/462884","targetHints":{"allow":["GET"]}}],"collection":[{"href":"https:\/\/lucacastelli.com\/de\/wp-json\/wp\/v2\/product"}],"about":[{"href":"https:\/\/lucacastelli.com\/de\/wp-json\/wp\/v2\/types\/product"}],"wp:featuredmedia":[{"embeddable":true,"href":"https:\/\/lucacastelli.com\/de\/wp-json\/wp\/v2\/media\/435798"}],"wp:attachment":[{"href":"https:\/\/lucacastelli.com\/de\/wp-json\/wp\/v2\/media?parent=462884"}],"wp:term":[{"taxonomy":"product_brand","embeddable":true,"href":"https:\/\/lucacastelli.com\/de\/wp-json\/wp\/v2\/product_brand?post=462884"},{"taxonomy":"product_cat","embeddable":true,"href":"https:\/\/lucacastelli.com\/de\/wp-json\/wp\/v2\/product_cat?post=462884"},{"taxonomy":"product_tag","embeddable":true,"href":"https:\/\/lucacastelli.com\/de\/wp-json\/wp\/v2\/product_tag?post=462884"}],"curies":[{"name":"wp","href":"https:\/\/api.w.org\/{rel}","templated":true}]}}