{"id":462879,"date":"2025-06-12T03:24:01","date_gmt":"2025-06-12T01:24:01","guid":{"rendered":"https:\/\/lucacastelli.com\/prodotto\/schlagschrauber-17\/"},"modified":"2025-06-29T07:51:15","modified_gmt":"2025-06-29T05:51:15","slug":"schlagschrauber-17","status":"publish","type":"product","link":"https:\/\/lucacastelli.com\/de\/produkt\/schlagschrauber-17\/","title":{"rendered":"MILWAUKEE Schlagschrauber"},"content":{"rendered":"<p>Nur 130 mm lang&lt;Br&gt;  B\u00fcrstenlose Motortechnologie liefert bis zu 180 Nm maximales Drehmoment, 3.400 U\/min und 4.200 Schl\u00e4ge pro Minute&lt;Br&gt;  Zahnr\u00e4der und Getriebe aus Metall f\u00fcr Langlebigkeit und maximales Drehmoment&lt;Br&gt;  Die REDLINK\u2122-Elektronik sch\u00fctzt das Ger\u00e4t und den Akku vor \u00dcberlastung und sorgt so f\u00fcr eine l\u00e4ngere Nutzungsdauer&lt;Br&gt;  Die REDLITHIUM-Batterie\u2122 bietet eine \u00fcberlegene Konstruktion des Akkupacks, Elektronik und gleichbleibende Leistung, um mehr Laufzeit und mehr Arbeit \u00fcber die Lebensdauer der Batterie zu liefern&lt;Br&gt;  Extrem helles LED-Licht zur Ausleuchtung des Arbeitsbereichs&lt;Br&gt;  Vollmetall-G\u00fcrtelhaken&lt;Br&gt;  Funktioniert mit allen Milwaukee M18\u2122 Akkus  <\/p>\n<p>BARCODE: 4058546224790<\/p>\n<p>Technische Daten<br \/>\n1.7 (M18 B4)<\/p>\n<p>2 x M18 B4 Akku-Pack, M12-18 C Ladeger\u00e4t, Transportkoffer<\/p>\n","protected":false},"excerpt":{"rendered":"<p>Nur 130 mm lang&lt;Br&gt; B\u00fcrstenlose Motortechnologie liefert bis zu 180 Nm maximales Drehmoment, 3.400 U\/min und 4.200 Schl\u00e4ge pro Minute&lt;Br&gt;<\/p>\n","protected":false},"featured_media":435831,"template":"","meta":{"_seopress_robots_primary_cat":"","_seopress_titles_title":"","_seopress_titles_desc":"","_seopress_robots_index":""},"product_brand":[3407],"product_cat":[29,514,549],"product_tag":[3270],"class_list":{"0":"post-462879","1":"product","2":"type-product","3":"status-publish","4":"has-post-thumbnail","6":"product_brand-milwaukee","7":"product_cat-macchinari","8":"product_cat-altri-dispositivi","9":"product_cat-trapani-e-avvitatori","10":"product_tag-import-milwau","11":"sws-gruppo-macchinari-de","12":"sws-conto-ricavi-merci-rivendita-macchinari-de","13":"sws-gruppo-iva-iva81-de","15":"first","16":"onbackorder","17":"sale","18":"purchasable","19":"product-type-simple"},"_links":{"self":[{"href":"https:\/\/lucacastelli.com\/de\/wp-json\/wp\/v2\/product\/462879","targetHints":{"allow":["GET"]}}],"collection":[{"href":"https:\/\/lucacastelli.com\/de\/wp-json\/wp\/v2\/product"}],"about":[{"href":"https:\/\/lucacastelli.com\/de\/wp-json\/wp\/v2\/types\/product"}],"wp:featuredmedia":[{"embeddable":true,"href":"https:\/\/lucacastelli.com\/de\/wp-json\/wp\/v2\/media\/435831"}],"wp:attachment":[{"href":"https:\/\/lucacastelli.com\/de\/wp-json\/wp\/v2\/media?parent=462879"}],"wp:term":[{"taxonomy":"product_brand","embeddable":true,"href":"https:\/\/lucacastelli.com\/de\/wp-json\/wp\/v2\/product_brand?post=462879"},{"taxonomy":"product_cat","embeddable":true,"href":"https:\/\/lucacastelli.com\/de\/wp-json\/wp\/v2\/product_cat?post=462879"},{"taxonomy":"product_tag","embeddable":true,"href":"https:\/\/lucacastelli.com\/de\/wp-json\/wp\/v2\/product_tag?post=462879"}],"curies":[{"name":"wp","href":"https:\/\/api.w.org\/{rel}","templated":true}]}}