{"id":462878,"date":"2025-06-12T03:23:02","date_gmt":"2025-06-12T01:23:02","guid":{"rendered":"https:\/\/lucacastelli.com\/prodotto\/schlagschrauber-16\/"},"modified":"2025-06-29T07:51:44","modified_gmt":"2025-06-29T05:51:44","slug":"schlagschrauber-16","status":"publish","type":"product","link":"https:\/\/lucacastelli.com\/de\/produkt\/schlagschrauber-16\/","title":{"rendered":"MILWAUKEE Schlagschrauber"},"content":{"rendered":"<p>Der M18 FUEL\u2122 SURGE\u2122 Schlagschrauber mit 1\/4 Innensechskant ist die leiseste L\u00f6sung auf dem Markt zum Schrauben&lt;Br&gt;  Der FLUID-DRIVE\u2122-Hydraulikmechanismus reduziert den Aufprall von Metall auf Metall innerhalb des Werkzeugs, was zu leiseren Anwendungen, einem reibungsloseren Betrieb und einer l\u00e4ngeren Lebensdauer als bei herk\u00f6mmlichen Schlagschraubern f\u00fchrt.&lt;Br&gt;  Erzielt eine Startleistung auf Holz, die der von b\u00fcrstenlosen Schlagschraubern entspricht&lt;Br&gt;  POWERSTATE\u2122 b\u00fcrstenloser Motor erm\u00f6glicht bis zu 3000 G\/MIN mit konstanter Leistung, f\u00fcr schnelleres Schrauben&lt;Br&gt;  Das intelligente REDLINK PLUS-System\u2122 bietet einen fortschrittlichen digitalen \u00dcberlastungsschutz f\u00fcr Werkzeuge und Akkus und verbessert die Leistung des Werkzeugs unter Last erheblich.&lt;Br&gt;  Die Milwaukee\u00ae DRIVE CONTROL Elektronik erm\u00f6glicht die Auswahl von 4 verschiedenen Geschwindigkeits- und Drehmomenteinstellungen und bietet so maximale Vielseitigkeit f\u00fcr jede Anwendung.&lt;Br&gt;  Der selbstbohrende Modus wurde entwickelt, um die Geschwindigkeit zu reduzieren, wenn die Schraube beginnt, sich selbst einzuschneiden, damit sie nicht ausrei\u00dft oder bricht.&lt;Br&gt;  Die REDLITHIUM-Batterie\u2122 bietet eine \u00fcberlegene Konstruktion des Akkupacks, Elektronik und gleichbleibende Leistung, um mehr Laufzeit und mehr Arbeit \u00fcber die Lebensdauer der Batterie zu liefern&lt;Br&gt;  Die individuelle Steuerung jeder einzelnen Zelle optimiert die Laufzeit und Lebensdauer des Akkupacks&lt;Br&gt;  Sechskant 1\/4dogan Buchse&lt;Br&gt;  Batterieladezustandsanzeige und LED-Licht&lt;Br&gt;  Kompatibel mit allen MILWAUKEE\u00ae M18\u2122 Akkus<\/p>\n<p>BARCODE: 4002395277636<\/p>\n<p>Technische Daten<br \/>\n1.7 (M18 B5)<\/p>\n<p>2 x M18 B5 Akku-Pack, M12-18 FC Ladeger\u00e4t, HeavyDuty Koffer<\/p>\n","protected":false},"excerpt":{"rendered":"<p>Der M18 FUEL\u2122 SURGE\u2122 Schlagschrauber mit 1\/4 Innensechskant ist die leiseste L\u00f6sung auf dem Markt zum Schrauben&lt;Br&gt; Der FLUID-DRIVE\u2122-Hydraulikmechanismus reduziert<\/p>\n","protected":false},"featured_media":435761,"template":"","meta":{"_seopress_robots_primary_cat":"","_seopress_titles_title":"","_seopress_titles_desc":"","_seopress_robots_index":""},"product_brand":[3656],"product_cat":[1454,1553,169],"product_tag":[3272],"class_list":{"0":"post-462878","1":"product","2":"type-product","3":"status-publish","4":"has-post-thumbnail","6":"product_brand-milwaukee-de","7":"product_cat-andere-gerate","8":"product_cat-bohrer-und-schraubendreher","9":"product_cat-maschinen","10":"product_tag-import-milwau-de","11":"sws-gruppo-macchinari-de","12":"sws-conto-ricavi-merci-rivendita-macchinari-de","13":"sws-gruppo-iva-iva81-de","15":"first","16":"onbackorder","17":"sale","18":"purchasable","19":"product-type-simple"},"_links":{"self":[{"href":"https:\/\/lucacastelli.com\/de\/wp-json\/wp\/v2\/product\/462878","targetHints":{"allow":["GET"]}}],"collection":[{"href":"https:\/\/lucacastelli.com\/de\/wp-json\/wp\/v2\/product"}],"about":[{"href":"https:\/\/lucacastelli.com\/de\/wp-json\/wp\/v2\/types\/product"}],"wp:featuredmedia":[{"embeddable":true,"href":"https:\/\/lucacastelli.com\/de\/wp-json\/wp\/v2\/media\/435761"}],"wp:attachment":[{"href":"https:\/\/lucacastelli.com\/de\/wp-json\/wp\/v2\/media?parent=462878"}],"wp:term":[{"taxonomy":"product_brand","embeddable":true,"href":"https:\/\/lucacastelli.com\/de\/wp-json\/wp\/v2\/product_brand?post=462878"},{"taxonomy":"product_cat","embeddable":true,"href":"https:\/\/lucacastelli.com\/de\/wp-json\/wp\/v2\/product_cat?post=462878"},{"taxonomy":"product_tag","embeddable":true,"href":"https:\/\/lucacastelli.com\/de\/wp-json\/wp\/v2\/product_tag?post=462878"}],"curies":[{"name":"wp","href":"https:\/\/api.w.org\/{rel}","templated":true}]}}