{"id":462872,"date":"2025-06-12T03:22:27","date_gmt":"2025-06-12T01:22:27","guid":{"rendered":"https:\/\/lucacastelli.com\/prodotto\/schlagschrauber-15\/"},"modified":"2025-06-29T07:51:37","modified_gmt":"2025-06-29T05:51:37","slug":"schlagschrauber-15","status":"publish","type":"product","link":"https:\/\/lucacastelli.com\/de\/produkt\/schlagschrauber-15\/","title":{"rendered":"MILWAUKEE Schlagschrauber"},"content":{"rendered":"<p>226 Nm Drehmoment&lt;Br&gt;  Die Eins\u00e4tze k\u00f6nnen mit nur einer Hand eingesetzt werden&lt;Br&gt;  Vollmetall-G\u00fcrtelhaken&lt;Br&gt;  Der m\u00e4chtigste&lt;Br&gt;  Kontrollierte Beschleunigungsfunktion (Ultimate Trigger Control)&lt;Br&gt;  Kompromisslose Geschwindigkeit, Leistung und Kontrolle vor Ort&lt;Br&gt;  Drei LED-Leuchten auf der Vorderseite leuchten den Arbeitsbereich perfekt aus&lt;Br&gt;  4-Gang ZollDrive ControlZoll&lt;Br&gt;  3900 U\/min&lt;Br&gt;  1.0 kg Gewicht&lt;Br&gt;  Kompatibel mit allen M18\u2122 Akkus und Ladeger\u00e4ten<\/p>\n<p>BARCODE: 4058546376598<\/p>\n<p>Technische Daten<br \/>\n1.0<\/p>\n<p>2 x M18 B5 Akkupack, M12-18 FC Ladeger\u00e4t, HeavyDuty Koffer, G\u00fcrtelhaken und Einsatzhalter<\/p>\n","protected":false},"excerpt":{"rendered":"<p>226 Nm Drehmoment&lt;Br&gt; Die Eins\u00e4tze k\u00f6nnen mit nur einer Hand eingesetzt werden&lt;Br&gt; Vollmetall-G\u00fcrtelhaken&lt;Br&gt; Der m\u00e4chtigste&lt;Br&gt; Kontrollierte Beschleunigungsfunktion (Ultimate Trigger Control)&lt;Br&gt;<\/p>\n","protected":false},"featured_media":435724,"template":"","meta":{"_seopress_robots_primary_cat":"","_seopress_titles_title":"","_seopress_titles_desc":"","_seopress_robots_index":""},"product_brand":[3407],"product_cat":[29,514,549],"product_tag":[3270],"class_list":{"0":"post-462872","1":"product","2":"type-product","3":"status-publish","4":"has-post-thumbnail","6":"product_brand-milwaukee","7":"product_cat-macchinari","8":"product_cat-altri-dispositivi","9":"product_cat-trapani-e-avvitatori","10":"product_tag-import-milwau","11":"sws-gruppo-macchinari-de","12":"sws-conto-ricavi-merci-rivendita-macchinari-de","13":"sws-gruppo-iva-iva81-de","15":"first","16":"onbackorder","17":"sale","18":"purchasable","19":"product-type-simple"},"_links":{"self":[{"href":"https:\/\/lucacastelli.com\/de\/wp-json\/wp\/v2\/product\/462872","targetHints":{"allow":["GET"]}}],"collection":[{"href":"https:\/\/lucacastelli.com\/de\/wp-json\/wp\/v2\/product"}],"about":[{"href":"https:\/\/lucacastelli.com\/de\/wp-json\/wp\/v2\/types\/product"}],"wp:featuredmedia":[{"embeddable":true,"href":"https:\/\/lucacastelli.com\/de\/wp-json\/wp\/v2\/media\/435724"}],"wp:attachment":[{"href":"https:\/\/lucacastelli.com\/de\/wp-json\/wp\/v2\/media?parent=462872"}],"wp:term":[{"taxonomy":"product_brand","embeddable":true,"href":"https:\/\/lucacastelli.com\/de\/wp-json\/wp\/v2\/product_brand?post=462872"},{"taxonomy":"product_cat","embeddable":true,"href":"https:\/\/lucacastelli.com\/de\/wp-json\/wp\/v2\/product_cat?post=462872"},{"taxonomy":"product_tag","embeddable":true,"href":"https:\/\/lucacastelli.com\/de\/wp-json\/wp\/v2\/product_tag?post=462872"}],"curies":[{"name":"wp","href":"https:\/\/api.w.org\/{rel}","templated":true}]}}