{"id":462869,"date":"2025-06-12T03:21:37","date_gmt":"2025-06-12T01:21:37","guid":{"rendered":"https:\/\/lucacastelli.com\/prodotto\/schraubendreher-bohrmaschine-9\/"},"modified":"2025-06-29T07:52:06","modified_gmt":"2025-06-29T05:52:06","slug":"schraubendreher-bohrmaschine-9","status":"publish","type":"product","link":"https:\/\/lucacastelli.com\/de\/produkt\/schraubendreher-bohrmaschine-9\/","title":{"rendered":"MILWAUKEE Bohrschrauber"},"content":{"rendered":"<p>Optimierte Leistung: 1500 U\/min und 20 Nm Drehmoment&lt;Br&gt;  REDLINK\u2122 &#8211; \u00dcberlastschutztechnologie sowohl f\u00fcr das Ger\u00e4t als auch f\u00fcr den Akku f\u00fcr maximale Haltbarkeit&lt;Br&gt;  Geschwindigkeit und Leistung in Anwendungen&lt;Br&gt;  10 mm Schnellspannfutter f\u00fcr maximale Vielseitigkeit und Griffigkeit&lt;Br&gt;  \u00c4u\u00dferst kompakte Kopfgr\u00f6\u00dfe, nur 100 mm f\u00fcr Arbeiten in engen R\u00e4umen. Gesamtl\u00e4nge 310 mm &lt;Br&gt;  Das spezielle Design des Griffs erm\u00f6glicht verschiedene Bedienpositionen f\u00fcr mehr Komfort&lt;Br&gt;  Einstellbare elektronische Kupplung mit 10 Positionen + 1&lt;Br&gt;  \u00dcberwachung der einzelnen Batteriezellen, um einen homogenen Verbrauch des Batteriepacks sowie eine gr\u00f6\u00dfere Autonomie und Haltbarkeit im Laufe der Zeit zu gew\u00e4hrleisten&lt;Br&gt;  Anzeige des Ladezustands des Akkus&lt;Br&gt;  LEDs zur Ausleuchtung des Arbeitsbereichs&lt;Br&gt;  Die REDLITHIUM-Batterie\u2122 bietet eine \u00fcberlegene Konstruktion des Akkupacks, Elektronik und gleichbleibende Leistung, um mehr Laufzeit und mehr Arbeit \u00fcber die Lebensdauer der Batterie zu liefern&lt;Br&gt;  Funktioniert mit allen Milwaukee M18\u2122 18V Plattform-Akkus<\/p>\n<p>BARCODE: 4002395239085<\/p>\n<p>Technische Daten<br \/>\n1.2<\/p>\n<p>Lieferung ohne Batterien, Lieferung ohne Ladeger\u00e4t, Lieferung ohne Kitbox oder Tasche<\/p>\n","protected":false},"excerpt":{"rendered":"<p>Optimierte Leistung: 1500 U\/min und 20 Nm Drehmoment&lt;Br&gt; REDLINK\u2122 &#8211; \u00dcberlastschutztechnologie sowohl f\u00fcr das Ger\u00e4t als auch f\u00fcr den Akku<\/p>\n","protected":false},"featured_media":435414,"template":"","meta":{"_seopress_robots_primary_cat":"","_seopress_titles_title":"","_seopress_titles_desc":"","_seopress_robots_index":""},"product_brand":[3656],"product_cat":[1454,1553,169],"product_tag":[3272],"class_list":{"0":"post-462869","1":"product","2":"type-product","3":"status-publish","4":"has-post-thumbnail","6":"product_brand-milwaukee-de","7":"product_cat-andere-gerate","8":"product_cat-bohrer-und-schraubendreher","9":"product_cat-maschinen","10":"product_tag-import-milwau-de","11":"sws-gruppo-macchinari-de","12":"sws-conto-ricavi-merci-rivendita-macchinari-de","13":"sws-gruppo-iva-iva81-de","15":"first","16":"onbackorder","17":"sale","18":"purchasable","19":"product-type-simple"},"_links":{"self":[{"href":"https:\/\/lucacastelli.com\/de\/wp-json\/wp\/v2\/product\/462869","targetHints":{"allow":["GET"]}}],"collection":[{"href":"https:\/\/lucacastelli.com\/de\/wp-json\/wp\/v2\/product"}],"about":[{"href":"https:\/\/lucacastelli.com\/de\/wp-json\/wp\/v2\/types\/product"}],"wp:featuredmedia":[{"embeddable":true,"href":"https:\/\/lucacastelli.com\/de\/wp-json\/wp\/v2\/media\/435414"}],"wp:attachment":[{"href":"https:\/\/lucacastelli.com\/de\/wp-json\/wp\/v2\/media?parent=462869"}],"wp:term":[{"taxonomy":"product_brand","embeddable":true,"href":"https:\/\/lucacastelli.com\/de\/wp-json\/wp\/v2\/product_brand?post=462869"},{"taxonomy":"product_cat","embeddable":true,"href":"https:\/\/lucacastelli.com\/de\/wp-json\/wp\/v2\/product_cat?post=462869"},{"taxonomy":"product_tag","embeddable":true,"href":"https:\/\/lucacastelli.com\/de\/wp-json\/wp\/v2\/product_tag?post=462869"}],"curies":[{"name":"wp","href":"https:\/\/api.w.org\/{rel}","templated":true}]}}