{"id":462866,"date":"2025-06-12T03:22:03","date_gmt":"2025-06-12T01:22:03","guid":{"rendered":"https:\/\/lucacastelli.com\/prodotto\/schlagschrauber-14\/"},"modified":"2025-06-29T07:52:03","modified_gmt":"2025-06-29T05:52:03","slug":"schlagschrauber-14","status":"publish","type":"product","link":"https:\/\/lucacastelli.com\/de\/produkt\/schlagschrauber-14\/","title":{"rendered":"MILWAUKEE Schlagschrauber"},"content":{"rendered":"<p>Speichern Sie bis zu 4 Einstellungen im Speicher&lt;Br&gt;  Bluetooth-Verbindung\u00ae mit der ONE-KEY\u2122 App&lt;Br&gt;  Noch schneller als die Vorg\u00e4ngerversion: bis zu 3900 Umdrehungen pro Minute und 4400 H\u00fcbe pro Minute&lt;Br&gt;  Extrem kompakt, nur 113 mm&lt;Br&gt;  Einstellung des Ausl\u00f6sers dank der ONE-KEY-Anwendung\u2122&lt;Br&gt;  Sie k\u00f6nnen die Einstellungen f\u00fcr wiederholte Anwendungen \u00e4ndern und speichern&lt;Br&gt;  Geschwindigkeitseinstellung, Pr\u00e4zisionsmodus (um die Verwendung konstanter Drehmomente bei wiederholten Anwendungen zu erm\u00f6glichen), M\u00f6glichkeit, selbstschneidende Zollschrauben einzustellen, die f\u00fcr die Metall-Metall-Befestigung optimiert sind, Einstellung der Helligkeit der LED-Intensit\u00e4t&lt;Br&gt;  G\u00fcrtelhaken aus Metall<\/p>\n<p>BARCODE: 4058546476755<\/p>\n<p>Technische Daten<br \/>\n1.7 (M18 B5)<\/p>\n<p>2 x M18 B5 Akku-Pack, M12-18 FC Ladeger\u00e4t, HeavyDuty Koffer<\/p>\n","protected":false},"excerpt":{"rendered":"<p>Speichern Sie bis zu 4 Einstellungen im Speicher&lt;Br&gt; Bluetooth-Verbindung\u00ae mit der ONE-KEY\u2122 App&lt;Br&gt; Noch schneller als die Vorg\u00e4ngerversion: bis zu<\/p>\n","protected":false},"featured_media":435687,"template":"","meta":{"_seopress_robots_primary_cat":"","_seopress_titles_title":"","_seopress_titles_desc":"","_seopress_robots_index":""},"product_brand":[3407],"product_cat":[29,514,549],"product_tag":[3270],"class_list":{"0":"post-462866","1":"product","2":"type-product","3":"status-publish","4":"has-post-thumbnail","6":"product_brand-milwaukee","7":"product_cat-macchinari","8":"product_cat-altri-dispositivi","9":"product_cat-trapani-e-avvitatori","10":"product_tag-import-milwau","11":"sws-gruppo-macchinari-de","12":"sws-conto-ricavi-merci-rivendita-macchinari-de","13":"sws-gruppo-iva-iva81-de","15":"first","16":"onbackorder","17":"sale","18":"purchasable","19":"product-type-simple"},"_links":{"self":[{"href":"https:\/\/lucacastelli.com\/de\/wp-json\/wp\/v2\/product\/462866","targetHints":{"allow":["GET"]}}],"collection":[{"href":"https:\/\/lucacastelli.com\/de\/wp-json\/wp\/v2\/product"}],"about":[{"href":"https:\/\/lucacastelli.com\/de\/wp-json\/wp\/v2\/types\/product"}],"wp:featuredmedia":[{"embeddable":true,"href":"https:\/\/lucacastelli.com\/de\/wp-json\/wp\/v2\/media\/435687"}],"wp:attachment":[{"href":"https:\/\/lucacastelli.com\/de\/wp-json\/wp\/v2\/media?parent=462866"}],"wp:term":[{"taxonomy":"product_brand","embeddable":true,"href":"https:\/\/lucacastelli.com\/de\/wp-json\/wp\/v2\/product_brand?post=462866"},{"taxonomy":"product_cat","embeddable":true,"href":"https:\/\/lucacastelli.com\/de\/wp-json\/wp\/v2\/product_cat?post=462866"},{"taxonomy":"product_tag","embeddable":true,"href":"https:\/\/lucacastelli.com\/de\/wp-json\/wp\/v2\/product_tag?post=462866"}],"curies":[{"name":"wp","href":"https:\/\/api.w.org\/{rel}","templated":true}]}}