{"id":462859,"date":"2025-06-12T03:19:22","date_gmt":"2025-06-12T01:19:22","guid":{"rendered":"https:\/\/lucacastelli.com\/prodotto\/schraubendreher-bohrmaschine-7\/"},"modified":"2025-06-29T07:52:29","modified_gmt":"2025-06-29T05:52:29","slug":"schraubendreher-bohrmaschine-7","status":"publish","type":"product","link":"https:\/\/lucacastelli.com\/de\/produkt\/schraubendreher-bohrmaschine-7\/","title":{"rendered":"MILWAUKEE Bohrschrauber"},"content":{"rendered":"<p>Der neue leistungsstarke b\u00fcrstenlose Motor bietet bis zu 40 Prozent mehr maximales Drehmoment als das Vorg\u00e4ngermodell &#8211; bis zu 82 Nm&lt;Br&gt;  Misst nur 180 mm Gesamtl\u00e4nge&lt;Br&gt;  Neues 13-mm-Metallspannfutter f\u00fcr besseren Halt der Wendeplattenhalter und besseren Halt&lt;Br&gt;  REDLINK\u2122 Elektronik f\u00fcr verbesserten \u00dcberlastungsschutz und l\u00e4ngere Batterielebensdauer&lt;Br&gt;  Die REDLITHIUM-Batterie\u2122 bietet eine \u00fcberlegene Konstruktion des Akkupacks, Elektronik und gleichbleibende Leistung, um mehr Laufzeit und mehr Arbeit \u00fcber die Lebensdauer der Batterie zu liefern&lt;Br&gt;  Optimierte Drehzahl f\u00fcr Bohr- und Schraubanwendungen (0-550 \/ 0-1800 U\/min)&lt;Br&gt;  Batterieladestatus und LED-Licht zur Beleuchtung des Arbeitsbereichs&lt;Br&gt;  Vollmetall-G\u00fcrtelhaken&lt;Br&gt;  Funktioniert mit allen Milwaukee M18\u2122 Akkus  <\/p>\n<p>BARCODE: 4058546224592<\/p>\n<p>Technische Daten<br \/>\n82<\/p>\n<p>Lieferung ohne Batterien, Lieferung ohne Ladeger\u00e4t, HeavyDuty Koffer<\/p>\n","protected":false},"excerpt":{"rendered":"<p>Der neue leistungsstarke b\u00fcrstenlose Motor bietet bis zu 40 Prozent mehr maximales Drehmoment als das Vorg\u00e4ngermodell &#8211; bis zu 82<\/p>\n","protected":false},"featured_media":435274,"template":"","meta":{"_seopress_robots_primary_cat":"","_seopress_titles_title":"","_seopress_titles_desc":"","_seopress_robots_index":""},"product_brand":[3407],"product_cat":[29,514,549],"product_tag":[3270],"class_list":{"0":"post-462859","1":"product","2":"type-product","3":"status-publish","4":"has-post-thumbnail","6":"product_brand-milwaukee","7":"product_cat-macchinari","8":"product_cat-altri-dispositivi","9":"product_cat-trapani-e-avvitatori","10":"product_tag-import-milwau","11":"sws-gruppo-macchinari-de","12":"sws-conto-ricavi-merci-rivendita-macchinari-de","13":"sws-gruppo-iva-iva81-de","15":"first","16":"onbackorder","17":"sale","18":"purchasable","19":"product-type-simple"},"_links":{"self":[{"href":"https:\/\/lucacastelli.com\/de\/wp-json\/wp\/v2\/product\/462859","targetHints":{"allow":["GET"]}}],"collection":[{"href":"https:\/\/lucacastelli.com\/de\/wp-json\/wp\/v2\/product"}],"about":[{"href":"https:\/\/lucacastelli.com\/de\/wp-json\/wp\/v2\/types\/product"}],"wp:featuredmedia":[{"embeddable":true,"href":"https:\/\/lucacastelli.com\/de\/wp-json\/wp\/v2\/media\/435274"}],"wp:attachment":[{"href":"https:\/\/lucacastelli.com\/de\/wp-json\/wp\/v2\/media?parent=462859"}],"wp:term":[{"taxonomy":"product_brand","embeddable":true,"href":"https:\/\/lucacastelli.com\/de\/wp-json\/wp\/v2\/product_brand?post=462859"},{"taxonomy":"product_cat","embeddable":true,"href":"https:\/\/lucacastelli.com\/de\/wp-json\/wp\/v2\/product_cat?post=462859"},{"taxonomy":"product_tag","embeddable":true,"href":"https:\/\/lucacastelli.com\/de\/wp-json\/wp\/v2\/product_tag?post=462859"}],"curies":[{"name":"wp","href":"https:\/\/api.w.org\/{rel}","templated":true}]}}