{"id":462858,"date":"2025-06-12T03:18:11","date_gmt":"2025-06-12T01:18:11","guid":{"rendered":"https:\/\/lucacastelli.com\/prodotto\/bohrer-mit-perkussion-6\/"},"modified":"2025-06-29T07:52:27","modified_gmt":"2025-06-29T05:52:27","slug":"bohrer-mit-perkussion-6","status":"publish","type":"product","link":"https:\/\/lucacastelli.com\/de\/produkt\/bohrer-mit-perkussion-6\/","title":{"rendered":"MILWAUKEE Bohrhammer"},"content":{"rendered":"<p>Der neue leistungsstarke b\u00fcrstenlose Motor bietet bis zu 40 Prozent mehr maximales Drehmoment als das Vorg\u00e4ngermodell &#8211; bis zu 82 Nm&lt;Br&gt;  Misst nur 180 mm Gesamtl\u00e4nge&lt;Br&gt;  Neues 13-mm-Metallspannfutter f\u00fcr besseren Halt der Wendeplattenhalter und besseren Halt&lt;Br&gt;  REDLINK\u2122 Elektronik f\u00fcr verbesserten \u00dcberlastungsschutz und l\u00e4ngere Batterielebensdauer&lt;Br&gt;  Die REDLITHIUM-Batterie\u2122 bietet eine \u00fcberlegene Konstruktion des Akkupacks, Elektronik und gleichbleibende Leistung, um mehr Laufzeit und mehr Arbeit \u00fcber die Lebensdauer der Batterie zu liefern&lt;Br&gt;  Optimierte Drehzahl f\u00fcr Bohr- und Schraubanwendungen (0-550 \/ 0-1800 U\/min)&lt;Br&gt;  Batterieladestatus und LED-Licht zur Beleuchtung des Arbeitsbereichs&lt;Br&gt;  Funktioniert mit allen Milwaukee M18\u2122 Akkus  <\/p>\n<p>BARCODE: 4058546224615<\/p>\n<p>Technische Daten<br \/>\n13<\/p>\n<p>Lieferung ohne Batterien, Lieferung ohne Ladeger\u00e4t, HeavyDuty Koffer<\/p>\n","protected":false},"excerpt":{"rendered":"<p>Der neue leistungsstarke b\u00fcrstenlose Motor bietet bis zu 40 Prozent mehr maximales Drehmoment als das Vorg\u00e4ngermodell &#8211; bis zu 82<\/p>\n","protected":false},"featured_media":435204,"template":"","meta":{"_seopress_robots_primary_cat":"","_seopress_titles_title":"","_seopress_titles_desc":"","_seopress_robots_index":""},"product_brand":[3656],"product_cat":[1454,1553,169],"product_tag":[3272],"class_list":{"0":"post-462858","1":"product","2":"type-product","3":"status-publish","4":"has-post-thumbnail","6":"product_brand-milwaukee-de","7":"product_cat-andere-gerate","8":"product_cat-bohrer-und-schraubendreher","9":"product_cat-maschinen","10":"product_tag-import-milwau-de","11":"sws-gruppo-macchinari-de","12":"sws-conto-ricavi-merci-rivendita-macchinari-de","13":"sws-gruppo-iva-iva81-de","15":"first","16":"onbackorder","17":"sale","18":"purchasable","19":"product-type-simple"},"_links":{"self":[{"href":"https:\/\/lucacastelli.com\/de\/wp-json\/wp\/v2\/product\/462858","targetHints":{"allow":["GET"]}}],"collection":[{"href":"https:\/\/lucacastelli.com\/de\/wp-json\/wp\/v2\/product"}],"about":[{"href":"https:\/\/lucacastelli.com\/de\/wp-json\/wp\/v2\/types\/product"}],"wp:featuredmedia":[{"embeddable":true,"href":"https:\/\/lucacastelli.com\/de\/wp-json\/wp\/v2\/media\/435204"}],"wp:attachment":[{"href":"https:\/\/lucacastelli.com\/de\/wp-json\/wp\/v2\/media?parent=462858"}],"wp:term":[{"taxonomy":"product_brand","embeddable":true,"href":"https:\/\/lucacastelli.com\/de\/wp-json\/wp\/v2\/product_brand?post=462858"},{"taxonomy":"product_cat","embeddable":true,"href":"https:\/\/lucacastelli.com\/de\/wp-json\/wp\/v2\/product_cat?post=462858"},{"taxonomy":"product_tag","embeddable":true,"href":"https:\/\/lucacastelli.com\/de\/wp-json\/wp\/v2\/product_tag?post=462858"}],"curies":[{"name":"wp","href":"https:\/\/api.w.org\/{rel}","templated":true}]}}