{"id":462840,"date":"2025-06-13T04:11:30","date_gmt":"2025-06-13T02:11:30","guid":{"rendered":"https:\/\/lucacastelli.com\/prodotto\/winkelschleifer-6\/"},"modified":"2025-06-29T07:46:24","modified_gmt":"2025-06-29T05:46:24","slug":"winkelschleifer-6","status":"publish","type":"product","link":"https:\/\/lucacastelli.com\/de\/produkt\/winkelschleifer-6\/","title":{"rendered":"MILWAUKEE Winkelschleifer"},"content":{"rendered":"<p>Geeignet f\u00fcr 1.200 W Leistung&lt;Br&gt;  Das ONE-KEY\u2122 Tracking &amp; Security-System bietet einen kostenlosen Cloud-basierten Tracking- und Bestandsverwaltungsdienst und verf\u00fcgt gleichzeitig \u00fcber Remote-Blockierungsfunktionen&lt;Br&gt;  RAPIDSTOP\u2122 System, das die Scheibe in weniger als 2 Sekunden abbremst, f\u00fcr mehr Sicherheit&lt;Br&gt;  Kleine Kopfgr\u00f6\u00dfe und optimiertes Batteriegeh\u00e4use: maximale Man\u00f6vrierf\u00e4higkeit&lt;Br&gt;  Nicht arretierbarer Paddelschalter und Schutz vor versehentlichem Neustart&lt;Br&gt;  AVS schwingungsd\u00e4mpfender Seitengriff&lt;Br&gt;  FIXTEC\u2122 System f\u00fcr werkzeuglosen Scheibenwechsel&lt;Br&gt;  Ergonomischer Griff&lt;Br&gt;  Abnehmbare Staubgitter zum Schutz des Motors vor abrasivem Staub&lt;Br&gt;  Schnellwechselschale: maximale Schnittleistung und schnelle Einstellung&lt;Br&gt;  Die FUEL-Technologie\u2122 definiert kabellose Elektrowerkzeuge neu. B\u00fcrstenloser Motor, REDLINK PLUS-Elektronik\u2122 und REDLITHIUM-Akku\u2122 bieten \u00fcberlegene&lt;Leistung und Haltbarkeit br&gt; Funktioniert mit allen MILWAUKEE\u00ae M18-Akkus\u2122 <\/p>\n<p>BARCODE: 4058546346263<\/p>\n<p>Technische<br \/>\nDaten Ja<\/p>\n<p>2 x M18 B5-Akku, M12-18 FC-Ladeger\u00e4t, HeavyDuty-Tragekoffer, Schnellwechsel-Entgratkappe und Schneidclip, AVS-Anti-Vibrations-Seitengriff, Flansch und Gegenflansch, Gabelschl\u00fcssel, Staubschutzgitter<\/p>\n","protected":false},"excerpt":{"rendered":"<p>Geeignet f\u00fcr 1.200 W Leistung&lt;Br&gt; Das ONE-KEY\u2122 Tracking &amp; Security-System bietet einen kostenlosen Cloud-basierten Tracking- und Bestandsverwaltungsdienst und verf\u00fcgt gleichzeitig<\/p>\n","protected":false},"featured_media":454943,"template":"","meta":{"_seopress_robots_primary_cat":"","_seopress_titles_title":"","_seopress_titles_desc":"","_seopress_robots_index":""},"product_brand":[3407],"product_cat":[29,514,555],"product_tag":[3270],"class_list":{"0":"post-462840","1":"product","2":"type-product","3":"status-publish","4":"has-post-thumbnail","6":"product_brand-milwaukee","7":"product_cat-macchinari","8":"product_cat-altri-dispositivi","9":"product_cat-smerigliatrici","10":"product_tag-import-milwau","11":"sws-gruppo-macchinari-de","12":"sws-conto-ricavi-merci-rivendita-macchinari-de","13":"sws-gruppo-iva-iva81-de","15":"first","16":"onbackorder","17":"purchasable","18":"product-type-simple"},"_links":{"self":[{"href":"https:\/\/lucacastelli.com\/de\/wp-json\/wp\/v2\/product\/462840","targetHints":{"allow":["GET"]}}],"collection":[{"href":"https:\/\/lucacastelli.com\/de\/wp-json\/wp\/v2\/product"}],"about":[{"href":"https:\/\/lucacastelli.com\/de\/wp-json\/wp\/v2\/types\/product"}],"wp:featuredmedia":[{"embeddable":true,"href":"https:\/\/lucacastelli.com\/de\/wp-json\/wp\/v2\/media\/454943"}],"wp:attachment":[{"href":"https:\/\/lucacastelli.com\/de\/wp-json\/wp\/v2\/media?parent=462840"}],"wp:term":[{"taxonomy":"product_brand","embeddable":true,"href":"https:\/\/lucacastelli.com\/de\/wp-json\/wp\/v2\/product_brand?post=462840"},{"taxonomy":"product_cat","embeddable":true,"href":"https:\/\/lucacastelli.com\/de\/wp-json\/wp\/v2\/product_cat?post=462840"},{"taxonomy":"product_tag","embeddable":true,"href":"https:\/\/lucacastelli.com\/de\/wp-json\/wp\/v2\/product_tag?post=462840"}],"curies":[{"name":"wp","href":"https:\/\/api.w.org\/{rel}","templated":true}]}}