{"id":462824,"date":"2025-06-12T04:58:36","date_gmt":"2025-06-12T02:58:36","guid":{"rendered":"https:\/\/lucacastelli.com\/prodotto\/silikonpistole-7\/"},"modified":"2025-06-29T07:47:25","modified_gmt":"2025-06-29T05:47:25","slug":"silikonpistole-7","status":"publish","type":"product","link":"https:\/\/lucacastelli.com\/de\/produkt\/silikonpistole-7\/","title":{"rendered":"MILWAUKEE Silikonpistole"},"content":{"rendered":"<p>Bis zu 4500 N Leistung. 40 % mehr als beim Vorg\u00e4ngermodell &lt;Br&gt;  REDLINK\u2122 &#8211; \u00dcberlastschutztechnologie sowohl f\u00fcr das Ger\u00e4t als auch f\u00fcr den Akku f\u00fcr maximale Haltbarkeit&lt;Br&gt;  Hervorragende Leistung auch bei niedrigen Temperaturen&lt;Br&gt;  Anti-Tropf-Funktion, um das Versch\u00fctten von Material zu verhindern&lt;Br&gt;  Geschwindigkeitsw\u00e4hler mit 6 Geschwindigkeiten f\u00fcr maximale Kontrolle&lt;Br&gt;  Robuster Kolben, der einen konstanten Schub und einen vollst\u00e4ndigen Auswurf des Materials aus der Kartusche gew\u00e4hrleistet&lt;Br&gt;  \u00dcberwachung der einzelnen Batteriezellen, um einen homogenen Verbrauch des Batteriepacks sowie eine gr\u00f6\u00dfere Autonomie und Haltbarkeit im Laufe der Zeit zu gew\u00e4hrleisten&lt;Br&gt;  Geliefert mit transparentem Balken&lt;Br&gt;  LEDs zur Ausleuchtung des Arbeitsbereichs&lt;Br&gt;  Die REDLITHIUM-Batterie\u2122 bietet eine \u00fcberlegene Konstruktion des Akkupacks, Elektronik und gleichbleibende Leistung, um mehr Laufzeit und mehr Arbeit \u00fcber die Lebensdauer der Batterie zu liefern&lt;Br&gt;  Funktioniert mit allen Milwaukee\u00ae M18\u2122 Akkus&lt;Br&gt;  Anzeige des Ladezustands des Akkus<\/p>\n<p>BARCODE: 4002395002368<\/p>\n<p>Technische<br \/>\nDaten Sac de transport<\/p>\n<p>1 x M18 B2 Akkupack, M12-18 C Ladeger\u00e4t, Tasche, transparente 400 ml Bar<\/p>\n","protected":false},"excerpt":{"rendered":"<p>Bis zu 4500 N Leistung. 40 % mehr als beim Vorg\u00e4ngermodell &lt;Br&gt; REDLINK\u2122 &#8211; \u00dcberlastschutztechnologie sowohl f\u00fcr das Ger\u00e4t als<\/p>\n","protected":false},"featured_media":454619,"template":"","meta":{"_seopress_robots_primary_cat":"","_seopress_titles_title":"","_seopress_titles_desc":"","_seopress_robots_index":""},"product_brand":[3407],"product_cat":[29,514],"product_tag":[3270],"class_list":{"0":"post-462824","1":"product","2":"type-product","3":"status-publish","4":"has-post-thumbnail","6":"product_brand-milwaukee","7":"product_cat-macchinari","8":"product_cat-altri-dispositivi","9":"product_tag-import-milwau","10":"sws-gruppo-macchinari-de","11":"sws-conto-ricavi-merci-rivendita-macchinari-de","12":"sws-gruppo-iva-iva81-de","14":"first","15":"onbackorder","16":"sale","17":"purchasable","18":"product-type-simple"},"_links":{"self":[{"href":"https:\/\/lucacastelli.com\/de\/wp-json\/wp\/v2\/product\/462824","targetHints":{"allow":["GET"]}}],"collection":[{"href":"https:\/\/lucacastelli.com\/de\/wp-json\/wp\/v2\/product"}],"about":[{"href":"https:\/\/lucacastelli.com\/de\/wp-json\/wp\/v2\/types\/product"}],"wp:featuredmedia":[{"embeddable":true,"href":"https:\/\/lucacastelli.com\/de\/wp-json\/wp\/v2\/media\/454619"}],"wp:attachment":[{"href":"https:\/\/lucacastelli.com\/de\/wp-json\/wp\/v2\/media?parent=462824"}],"wp:term":[{"taxonomy":"product_brand","embeddable":true,"href":"https:\/\/lucacastelli.com\/de\/wp-json\/wp\/v2\/product_brand?post=462824"},{"taxonomy":"product_cat","embeddable":true,"href":"https:\/\/lucacastelli.com\/de\/wp-json\/wp\/v2\/product_cat?post=462824"},{"taxonomy":"product_tag","embeddable":true,"href":"https:\/\/lucacastelli.com\/de\/wp-json\/wp\/v2\/product_tag?post=462824"}],"curies":[{"name":"wp","href":"https:\/\/api.w.org\/{rel}","templated":true}]}}