{"id":462816,"date":"2025-06-12T04:47:06","date_gmt":"2025-06-12T02:47:06","guid":{"rendered":"https:\/\/lucacastelli.com\/prodotto\/abreisspistole\/"},"modified":"2025-06-29T07:47:59","modified_gmt":"2025-06-29T05:47:59","slug":"abreisspistole","status":"publish","type":"product","link":"https:\/\/lucacastelli.com\/de\/produkt\/abreisspistole\/","title":{"rendered":"MILWAUKEE Schlie\u00dfringbolzen-Pistole"},"content":{"rendered":"<p>Die ZollLockbolt Schlie\u00dfringbolzenpistole M18 FUEL\u2122 mit ONE-KEY\u2122 erm\u00f6glicht eine schnelle und einfache Montage bei gleichzeitiger Gew\u00e4hrleistung von Langlebigkeit und Langlebigkeit&lt;Br&gt;  Eine Kraft von 20.000 N auf einen Tiefgang von 30 mm sorgt f\u00fcr die Leistung, die erforderlich ist, um selbst die h\u00e4rtesten Anwendungen m\u00fchelos zu bew\u00e4ltigen&lt;Br&gt;  Installieren Sie bis zu 1200 ZollSchlie\u00dfringbolzen 6,4 mm Aluminium-Schlie\u00dfringbolzen mit einem 18Ah\u2122 M5.0 Akku&lt;Br&gt;  Steigern Sie die Produktivit\u00e4t, indem Sie Bolzen viel schneller verriegeln&lt;Br&gt;  ZollLockboltZoll HUCK\u00ae 4,8 mm und 6,4 mm Schlie\u00dfringbolzen einschlie\u00dflich Bobtail\u00ae Magna-Grip\u00ae, C6L\u00ae, C120L\u00ae und Hucktainer\u00ae Modelle. HUCK\u00ae D\u00fcsen und Adapter sind separat erh\u00e4ltlich. Wenn Sie die Schraube vom Typ Hucktainers einbauen\u00ae, wird eine zus\u00e4tzliche D\u00fcse ben\u00f6tigt. HUCK\u00ae ist eine Marke von Huck International Inc. und Howmet Aerospace Inc&lt;. br&gt; Das ONE-KEY\u2122 Tracking &amp; Security-System bietet einen kostenlosen Cloud-basierten Tracking- und Bestandsverwaltungsservice und verf\u00fcgt gleichzeitig \u00fcber&lt;Fernverriegelungsfunktionen. Die br&gt; FUEL-Technologie\u2122 definiert kabellose Elektrowerkzeuge neu. B\u00fcrstenloser Motor, REDLINK PLUS-Elektronik\u2122 und REDLITHIUM-Akku\u2122 bieten \u00fcberlegene&lt;Leistung und Haltbarkeit br&gt; Funktioniert mit allen MILWAUKEE\u00ae M18-Akkus\u2122     <\/p>\n<p>BARCODE: 4058546348311<\/p>\n<p>Technische Daten<br \/>\nBobtail\u00ae,C120L\u00ae,C6L\u00ae,Hucktainer\u00ae,Magna-Grip\u00ae<\/p>\n<p>2 x M18 B5 Akku-Pack, M12-18 FC Ladeger\u00e4t, HeavyDuty Koffer<\/p>\n","protected":false},"excerpt":{"rendered":"<p>Die ZollLockbolt Schlie\u00dfringbolzenpistole M18 FUEL\u2122 mit ONE-KEY\u2122 erm\u00f6glicht eine schnelle und einfache Montage bei gleichzeitiger Gew\u00e4hrleistung von Langlebigkeit und Langlebigkeit&lt;Br&gt;<\/p>\n","protected":false},"featured_media":454524,"template":"","meta":{"_seopress_robots_primary_cat":"","_seopress_titles_title":"","_seopress_titles_desc":"","_seopress_robots_index":""},"product_brand":[3407],"product_cat":[29,514],"product_tag":[3270],"class_list":{"0":"post-462816","1":"product","2":"type-product","3":"status-publish","4":"has-post-thumbnail","6":"product_brand-milwaukee","7":"product_cat-macchinari","8":"product_cat-altri-dispositivi","9":"product_tag-import-milwau","10":"sws-gruppo-macchinari-de","11":"sws-conto-ricavi-merci-rivendita-macchinari-de","12":"sws-gruppo-iva-iva81-de","14":"first","15":"onbackorder","16":"sale","17":"purchasable","18":"product-type-simple"},"_links":{"self":[{"href":"https:\/\/lucacastelli.com\/de\/wp-json\/wp\/v2\/product\/462816","targetHints":{"allow":["GET"]}}],"collection":[{"href":"https:\/\/lucacastelli.com\/de\/wp-json\/wp\/v2\/product"}],"about":[{"href":"https:\/\/lucacastelli.com\/de\/wp-json\/wp\/v2\/types\/product"}],"wp:featuredmedia":[{"embeddable":true,"href":"https:\/\/lucacastelli.com\/de\/wp-json\/wp\/v2\/media\/454524"}],"wp:attachment":[{"href":"https:\/\/lucacastelli.com\/de\/wp-json\/wp\/v2\/media?parent=462816"}],"wp:term":[{"taxonomy":"product_brand","embeddable":true,"href":"https:\/\/lucacastelli.com\/de\/wp-json\/wp\/v2\/product_brand?post=462816"},{"taxonomy":"product_cat","embeddable":true,"href":"https:\/\/lucacastelli.com\/de\/wp-json\/wp\/v2\/product_cat?post=462816"},{"taxonomy":"product_tag","embeddable":true,"href":"https:\/\/lucacastelli.com\/de\/wp-json\/wp\/v2\/product_tag?post=462816"}],"curies":[{"name":"wp","href":"https:\/\/api.w.org\/{rel}","templated":true}]}}