{"id":462813,"date":"2025-06-12T04:51:32","date_gmt":"2025-06-12T02:51:32","guid":{"rendered":"https:\/\/lucacastelli.com\/prodotto\/nietmaschine-3\/"},"modified":"2025-06-29T07:47:21","modified_gmt":"2025-06-29T05:47:21","slug":"nietmaschine-3","status":"publish","type":"product","link":"https:\/\/lucacastelli.com\/de\/produkt\/nietmaschine-3\/","title":{"rendered":"MILWAUKEE Nietmaschine"},"content":{"rendered":"<p>M18 FUEL\u2122 ONE-KEY\u2122 Nietmaschine f\u00fcr schnelles und einfaches Nieten&lt;Br&gt;  Erm\u00f6glicht bis zu 900 Nieten (4,8 mm Aluminium) oder 500 Nieten (6,4 mm Aluminium) mit einer einzigen Akkuladung (2,0 Ah)&lt;Br&gt;  Geeignet f\u00fcr das Anbringen von Aluminium-, Stahl-, Edelstahl- und Kupfernieten mit Durchmessern von 4,8 mm, 6,0 mm, 6,4 mm und 7,0 mm (4 D\u00fcsen enthalten)&lt;Br&gt;  Zugkraft 20.000 N, Hubl\u00e4nge 30 mm: maximale Leistung auch bei den gr\u00f6\u00dften Durchmessern&lt;Br&gt;  3 Alu-Klemmen f\u00fcr maximale Leistung&lt;Br&gt;  Ohne Werkzeug zug\u00e4ngliche Klemmen und D\u00fcsenfach am Werkzeug&lt;Br&gt;  Transparenter St\u00f6pselbeh\u00e4lter: f\u00fcr maximale Kontrolle und Vermeidung von Staus&lt;Br&gt;  Das ONE-KEY\u2122 Tracking &amp; Security-System bietet einen kostenlosen Cloud-basierten Tracking- und Bestandsverwaltungsdienst und verf\u00fcgt gleichzeitig \u00fcber Remote-Blockierungsfunktionen&lt;Br&gt;  Die FUEL-Technologie\u2122 definiert kabellose Elektrowerkzeuge neu. B\u00fcrstenloser Motor, REDLINK PLUS-Elektronik\u2122 und REDLITHIUM-Akku\u2122 bieten \u00fcberlegene&lt;Leistung und Haltbarkeit br&gt; Funktioniert mit allen MILWAUKEE\u00ae M18-Akkus\u2122 <\/p>\n<p>BARCODE: 4058546347956<\/p>\n<p>Technische Daten<br \/>\n2.5 (M18 B2)<\/p>\n<p>2 x M18 B2 Akkupack, M12-18 FC Ladeger\u00e4t, HeavyDuty Koffer<\/p>\n","protected":false},"excerpt":{"rendered":"<p>M18 FUEL\u2122 ONE-KEY\u2122 Nietmaschine f\u00fcr schnelles und einfaches Nieten&lt;Br&gt; Erm\u00f6glicht bis zu 900 Nieten (4,8 mm Aluminium) oder 500 Nieten<\/p>\n","protected":false},"featured_media":454561,"template":"","meta":{"_seopress_robots_primary_cat":"","_seopress_titles_title":"","_seopress_titles_desc":"","_seopress_robots_index":""},"product_brand":[3407],"product_cat":[29,514],"product_tag":[3270],"class_list":{"0":"post-462813","1":"product","2":"type-product","3":"status-publish","4":"has-post-thumbnail","6":"product_brand-milwaukee","7":"product_cat-macchinari","8":"product_cat-altri-dispositivi","9":"product_tag-import-milwau","10":"sws-gruppo-macchinari-de","11":"sws-conto-ricavi-merci-rivendita-macchinari-de","12":"sws-gruppo-iva-iva81-de","14":"first","15":"onbackorder","16":"sale","17":"purchasable","18":"product-type-simple"},"_links":{"self":[{"href":"https:\/\/lucacastelli.com\/de\/wp-json\/wp\/v2\/product\/462813","targetHints":{"allow":["GET"]}}],"collection":[{"href":"https:\/\/lucacastelli.com\/de\/wp-json\/wp\/v2\/product"}],"about":[{"href":"https:\/\/lucacastelli.com\/de\/wp-json\/wp\/v2\/types\/product"}],"wp:featuredmedia":[{"embeddable":true,"href":"https:\/\/lucacastelli.com\/de\/wp-json\/wp\/v2\/media\/454561"}],"wp:attachment":[{"href":"https:\/\/lucacastelli.com\/de\/wp-json\/wp\/v2\/media?parent=462813"}],"wp:term":[{"taxonomy":"product_brand","embeddable":true,"href":"https:\/\/lucacastelli.com\/de\/wp-json\/wp\/v2\/product_brand?post=462813"},{"taxonomy":"product_cat","embeddable":true,"href":"https:\/\/lucacastelli.com\/de\/wp-json\/wp\/v2\/product_cat?post=462813"},{"taxonomy":"product_tag","embeddable":true,"href":"https:\/\/lucacastelli.com\/de\/wp-json\/wp\/v2\/product_tag?post=462813"}],"curies":[{"name":"wp","href":"https:\/\/api.w.org\/{rel}","templated":true}]}}