{"id":462798,"date":"2025-06-12T04:38:52","date_gmt":"2025-06-12T02:38:52","guid":{"rendered":"https:\/\/lucacastelli.com\/prodotto\/schlagschrauber-10\/"},"modified":"2025-06-29T07:47:47","modified_gmt":"2025-06-29T05:47:47","slug":"schlagschrauber-10","status":"publish","type":"product","link":"https:\/\/lucacastelli.com\/de\/produkt\/schlagschrauber-10\/","title":{"rendered":"MILWAUKEE Schlagschrauber"},"content":{"rendered":"<p>Kompakter 1\/2-Zoll-Schlagschrauber mit einer L\u00e4nge von nur 155 mm&lt;Br&gt;  Leistungsstarker 4-poliger Milwaukee\u00ae-Motor liefert maximale Leistung bei geringen Abmessungen&lt;Br&gt;  Intelligente REDLINK\u2122 Elektronik erm\u00f6glicht maximalen Schutz von Batterie und Motor vor \u00dcberlastung&lt;Br&gt;  Metallgetriebe f\u00fcr Langlebigkeit und maximale Leistung&lt;Br&gt;  1\/2&#8243; Vierkantantrieb f\u00fcr Universalsteckschl\u00fcssel&lt;Br&gt;  Individuelle Steuerung der Batteriezellen zur Maximierung der Autonomie und Verl\u00e4ngerung der Batterielebensdauer&lt;Br&gt;  Batterieladezustandsanzeige und LED-Licht zur Beleuchtung des Arbeitsbereichs&lt;Br&gt;  Die REDLITHIUM-Batterie\u2122 bietet eine \u00fcberlegene Konstruktion des Akkupacks, Elektronik und gleichbleibende Leistung, um mehr Laufzeit und mehr Arbeit \u00fcber die Lebensdauer der Batterie zu liefern&lt;Br&gt;  18V Batterieplattform: Funktioniert mit allen MILWAUKEE\u00ae M18\u2122 Akkus<\/p>\n<p>BARCODE: 4002395003266<\/p>\n<p>Technische Daten<br \/>\n1.9 (M18 B4)<\/p>\n<p>Lieferung ohne Batterien, Lieferung ohne Ladeger\u00e4t, Lieferung ohne Kitbox oder Tasche, G\u00fcrtelclip<\/p>\n","protected":false},"excerpt":{"rendered":"<p>Kompakter 1\/2-Zoll-Schlagschrauber mit einer L\u00e4nge von nur 155 mm&lt;Br&gt; Leistungsstarker 4-poliger Milwaukee\u00ae-Motor liefert maximale Leistung bei geringen Abmessungen&lt;Br&gt; Intelligente REDLINK\u2122<\/p>\n","protected":false},"featured_media":454469,"template":"","meta":{"_seopress_robots_primary_cat":"","_seopress_titles_title":"","_seopress_titles_desc":"","_seopress_robots_index":""},"product_brand":[3407],"product_cat":[29,514,549],"product_tag":[3270],"class_list":{"0":"post-462798","1":"product","2":"type-product","3":"status-publish","4":"has-post-thumbnail","6":"product_brand-milwaukee","7":"product_cat-macchinari","8":"product_cat-altri-dispositivi","9":"product_cat-trapani-e-avvitatori","10":"product_tag-import-milwau","11":"sws-gruppo-macchinari-de","12":"sws-conto-ricavi-merci-rivendita-macchinari-de","13":"sws-gruppo-iva-iva81-de","15":"first","16":"onbackorder","17":"sale","18":"purchasable","19":"product-type-simple"},"_links":{"self":[{"href":"https:\/\/lucacastelli.com\/de\/wp-json\/wp\/v2\/product\/462798","targetHints":{"allow":["GET"]}}],"collection":[{"href":"https:\/\/lucacastelli.com\/de\/wp-json\/wp\/v2\/product"}],"about":[{"href":"https:\/\/lucacastelli.com\/de\/wp-json\/wp\/v2\/types\/product"}],"wp:featuredmedia":[{"embeddable":true,"href":"https:\/\/lucacastelli.com\/de\/wp-json\/wp\/v2\/media\/454469"}],"wp:attachment":[{"href":"https:\/\/lucacastelli.com\/de\/wp-json\/wp\/v2\/media?parent=462798"}],"wp:term":[{"taxonomy":"product_brand","embeddable":true,"href":"https:\/\/lucacastelli.com\/de\/wp-json\/wp\/v2\/product_brand?post=462798"},{"taxonomy":"product_cat","embeddable":true,"href":"https:\/\/lucacastelli.com\/de\/wp-json\/wp\/v2\/product_cat?post=462798"},{"taxonomy":"product_tag","embeddable":true,"href":"https:\/\/lucacastelli.com\/de\/wp-json\/wp\/v2\/product_tag?post=462798"}],"curies":[{"name":"wp","href":"https:\/\/api.w.org\/{rel}","templated":true}]}}