{"id":462794,"date":"2025-06-12T04:28:54","date_gmt":"2025-06-12T02:28:54","guid":{"rendered":"https:\/\/lucacastelli.com\/prodotto\/schlagschrauber-8\/"},"modified":"2025-06-29T07:48:28","modified_gmt":"2025-06-29T05:48:28","slug":"schlagschrauber-8","status":"publish","type":"product","link":"https:\/\/lucacastelli.com\/de\/produkt\/schlagschrauber-8\/","title":{"rendered":"MILWAUKEE Schlagschrauber"},"content":{"rendered":"<p>Liefert bis zu 339 Nm bei maximaler Effizienz&lt;Br&gt;  \u00c4u\u00dferst kompakt: Gesamtl\u00e4nge 124 mm, f\u00fcr Anwendungen in engen R\u00e4umen&lt;Br&gt;  System mit 4 DRIVE CONTROL-Modi, die eine Auswahl von vier verschiedenen Geschwindigkeits- und Drehmomenteinstellungen f\u00fcr maximale Flexibilit\u00e4t bei verschiedenen Anwendungen erm\u00f6glichen&lt;Br&gt;  Bolzenentfernungsmodus f\u00fcr mehr Kontrolle beim Herausdrehen: Verringerung der Umdrehungen, sobald der Bolzen gel\u00f6st ist, um zu verhindern, dass er herausf\u00e4llt&lt;Br&gt;  Auto Shut-Off Modus zur Vermeidung von \u00dcberdrehmomenten: max. 34 Nm Drehmoment f\u00fcr optimierte Anwendungen&lt;Br&gt;  Tri-LED-Beleuchtung zur Ausleuchtung des Arbeitsbereichs&lt;Br&gt;  Reibring 1\/2 Vierkant&lt;Br&gt;  Vollmetall-G\u00fcrtelhaken&lt;Br&gt;  Die FUEL-Technologie\u2122 definiert kabellose Elektrowerkzeuge neu. B\u00fcrstenloser Motor, REDLINK PLUS-Elektronik\u2122 und REDLITHIUM-Akku\u2122 bieten \u00fcberlegene&lt;Leistung und Haltbarkeit br&gt; Funktioniert mit allen MILWAUKEE\u00ae M18-Akkus\u2122 <\/p>\n<p>BARCODE: 4058546346348<\/p>\n<p>Technische<br \/>\nDaten 18<\/p>\n<p>Lieferung ohne Batterien, Lieferung ohne Ladeger\u00e4t, HeavyDuty Koffer<\/p>\n","protected":false},"excerpt":{"rendered":"<p>Liefert bis zu 339 Nm bei maximaler Effizienz&lt;Br&gt; \u00c4u\u00dferst kompakt: Gesamtl\u00e4nge 124 mm, f\u00fcr Anwendungen in engen R\u00e4umen&lt;Br&gt; System mit<\/p>\n","protected":false},"featured_media":454377,"template":"","meta":{"_seopress_robots_primary_cat":"","_seopress_titles_title":"","_seopress_titles_desc":"","_seopress_robots_index":""},"product_brand":[3407],"product_cat":[29,514,549],"product_tag":[3270],"class_list":{"0":"post-462794","1":"product","2":"type-product","3":"status-publish","4":"has-post-thumbnail","6":"product_brand-milwaukee","7":"product_cat-macchinari","8":"product_cat-altri-dispositivi","9":"product_cat-trapani-e-avvitatori","10":"product_tag-import-milwau","11":"sws-gruppo-macchinari-de","12":"sws-conto-ricavi-merci-rivendita-macchinari-de","13":"sws-gruppo-iva-iva81-de","15":"first","16":"onbackorder","17":"sale","18":"purchasable","19":"product-type-simple"},"_links":{"self":[{"href":"https:\/\/lucacastelli.com\/de\/wp-json\/wp\/v2\/product\/462794","targetHints":{"allow":["GET"]}}],"collection":[{"href":"https:\/\/lucacastelli.com\/de\/wp-json\/wp\/v2\/product"}],"about":[{"href":"https:\/\/lucacastelli.com\/de\/wp-json\/wp\/v2\/types\/product"}],"wp:featuredmedia":[{"embeddable":true,"href":"https:\/\/lucacastelli.com\/de\/wp-json\/wp\/v2\/media\/454377"}],"wp:attachment":[{"href":"https:\/\/lucacastelli.com\/de\/wp-json\/wp\/v2\/media?parent=462794"}],"wp:term":[{"taxonomy":"product_brand","embeddable":true,"href":"https:\/\/lucacastelli.com\/de\/wp-json\/wp\/v2\/product_brand?post=462794"},{"taxonomy":"product_cat","embeddable":true,"href":"https:\/\/lucacastelli.com\/de\/wp-json\/wp\/v2\/product_cat?post=462794"},{"taxonomy":"product_tag","embeddable":true,"href":"https:\/\/lucacastelli.com\/de\/wp-json\/wp\/v2\/product_tag?post=462794"}],"curies":[{"name":"wp","href":"https:\/\/api.w.org\/{rel}","templated":true}]}}