{"id":462788,"date":"2025-06-12T04:26:42","date_gmt":"2025-06-12T02:26:42","guid":{"rendered":"https:\/\/lucacastelli.com\/prodotto\/schlagschrauber-6\/"},"modified":"2025-06-29T07:48:21","modified_gmt":"2025-06-29T05:48:21","slug":"schlagschrauber-6","status":"publish","type":"product","link":"https:\/\/lucacastelli.com\/de\/produkt\/schlagschrauber-6\/","title":{"rendered":"MILWAUKEE Schlagschrauber"},"content":{"rendered":"<p>Verbindung \u00fcber Bluetooth\u00ae mit der Milwaukee ONE-KEY\u2122 App&lt;Br&gt;  Vollst\u00e4ndige Anpassung des Tools \u00fcber die ONE-KEY\u2122 App, um das Tool an Ihre Bed\u00fcrfnisse anzupassen&lt;Br&gt;  Geschwindigkeitssteuerung \u00fcber App&lt;Br&gt;  Konfiguriert die optimalen Einstellungen f\u00fcr jede Anwendung, so dass diese pr\u00e4zise wiederholt werden kann&lt;Br&gt;  Programmieren und speichern Sie Profile f\u00fcr eine unvergleichliche Kontrolle&lt;Br&gt;  W\u00e4hlen Sie ein Anwendungsprofil oder erstellen Sie Ihr eigenes Profil f\u00fcr perfekte Ergebnisse bei jeder Anwendung&lt;Br&gt;  Speichern Sie bis zu 4 benutzerdefinierte Werkzeugeinstellungen f\u00fcr die schnelle Auswahl vor Ort&lt;Br&gt;  Mit der ONE-KEY\u2122 App k\u00f6nnen Sie auch die Vorteile der Inventarisierungsfunktion nutzen: f\u00fcr eine vollst\u00e4ndige Verwaltung nicht nur Ihrer Elektrowerkzeuge, sondern Ihrer gesamten Arbeitsausr\u00fcstung.&lt;Br&gt;  Funktioniert mit allen MILWAUKEE\u00ae M18\u2122 Akkus<\/p>\n<p>BARCODE: 4002395160525<\/p>\n<p>Technische<br \/>\nDaten 18<\/p>\n<p>2 x M18 B5 Akkupack, M12-18 FC Ladeger\u00e4t, HeavyDuty Koffer, Haken<\/p>\n","protected":false},"excerpt":{"rendered":"<p>Verbindung \u00fcber Bluetooth\u00ae mit der Milwaukee ONE-KEY\u2122 App&lt;Br&gt; Vollst\u00e4ndige Anpassung des Tools \u00fcber die ONE-KEY\u2122 App, um das Tool an<\/p>\n","protected":false},"featured_media":454319,"template":"","meta":{"_seopress_robots_primary_cat":"","_seopress_titles_title":"","_seopress_titles_desc":"","_seopress_robots_index":""},"product_brand":[3656],"product_cat":[1454,1553,169],"product_tag":[3272],"class_list":{"0":"post-462788","1":"product","2":"type-product","3":"status-publish","4":"has-post-thumbnail","6":"product_brand-milwaukee-de","7":"product_cat-andere-gerate","8":"product_cat-bohrer-und-schraubendreher","9":"product_cat-maschinen","10":"product_tag-import-milwau-de","11":"sws-gruppo-macchinari-de","12":"sws-conto-ricavi-merci-rivendita-macchinari-de","13":"sws-gruppo-iva-iva81-de","15":"first","16":"onbackorder","17":"sale","18":"purchasable","19":"product-type-simple"},"_links":{"self":[{"href":"https:\/\/lucacastelli.com\/de\/wp-json\/wp\/v2\/product\/462788","targetHints":{"allow":["GET"]}}],"collection":[{"href":"https:\/\/lucacastelli.com\/de\/wp-json\/wp\/v2\/product"}],"about":[{"href":"https:\/\/lucacastelli.com\/de\/wp-json\/wp\/v2\/types\/product"}],"wp:featuredmedia":[{"embeddable":true,"href":"https:\/\/lucacastelli.com\/de\/wp-json\/wp\/v2\/media\/454319"}],"wp:attachment":[{"href":"https:\/\/lucacastelli.com\/de\/wp-json\/wp\/v2\/media?parent=462788"}],"wp:term":[{"taxonomy":"product_brand","embeddable":true,"href":"https:\/\/lucacastelli.com\/de\/wp-json\/wp\/v2\/product_brand?post=462788"},{"taxonomy":"product_cat","embeddable":true,"href":"https:\/\/lucacastelli.com\/de\/wp-json\/wp\/v2\/product_cat?post=462788"},{"taxonomy":"product_tag","embeddable":true,"href":"https:\/\/lucacastelli.com\/de\/wp-json\/wp\/v2\/product_tag?post=462788"}],"curies":[{"name":"wp","href":"https:\/\/api.w.org\/{rel}","templated":true}]}}