{"id":462781,"date":"2025-06-12T04:16:37","date_gmt":"2025-06-12T02:16:37","guid":{"rendered":"https:\/\/lucacastelli.com\/prodotto\/schlagschrauber-3\/"},"modified":"2025-06-29T07:48:46","modified_gmt":"2025-06-29T05:48:46","slug":"schlagschrauber-3","status":"publish","type":"product","link":"https:\/\/lucacastelli.com\/de\/produkt\/schlagschrauber-3\/","title":{"rendered":"MILWAUKEE Schlagschrauber"},"content":{"rendered":"<p>Schlagschrauber mit mittlerem Drehmoment, der ein Drehmoment von bis zu 745 Nm liefert&lt;Br&gt;  Kompakt: Gesamtl\u00e4nge 152 mm, f\u00fcr Anwendungen in engen R\u00e4umen&lt;Br&gt;  System mit 4 DRIVE CONTROL-Modi, die eine Auswahl von vier verschiedenen Geschwindigkeits- und Drehmomenteinstellungen f\u00fcr maximale Flexibilit\u00e4t bei verschiedenen Anwendungen erm\u00f6glichen&lt;Br&gt;  Bolzenentfernungsmodus f\u00fcr mehr Kontrolle beim Herausdrehen: Verringerung der Umdrehungen, sobald der Bolzen gel\u00f6st ist, um zu verhindern, dass er herausf\u00e4llt&lt;Br&gt;  Auto Shut-Off Modus f\u00fcr \u00dcberdrehmoment-Vorhersage: max. 47 Nm Drehmoment f\u00fcr optimierte Anwendungen&lt;Br&gt;  Tri-LED-Beleuchtung zur Ausleuchtung des Arbeitsbereichs&lt;Br&gt;  Haltestift 1\/2 Quadrat Zoll&lt;Br&gt;  Vollmetall-G\u00fcrtelhaken&lt;Br&gt;  Die FUEL-Technologie\u2122 definiert kabellose Elektrowerkzeuge neu. B\u00fcrstenloser Motor, REDLINK PLUS-Elektronik\u2122 und REDLITHIUM-Akku\u2122 bieten \u00fcberlegene&lt;Leistung und Haltbarkeit br&gt; Funktioniert mit allen MILWAUKEE\u00ae M18-Akkus\u2122 <\/p>\n<p>BARCODE: 4058546346447<\/p>\n<p>Technische Daten<br \/>\n0-900\/ 0-2100\/ 0-3100<\/p>\n<p>2 x M18 B5 Akku-Pack, M12-18 FC Ladeger\u00e4t, HeavyDuty Koffer<\/p>\n","protected":false},"excerpt":{"rendered":"<p>Schlagschrauber mit mittlerem Drehmoment, der ein Drehmoment von bis zu 745 Nm liefert&lt;Br&gt; Kompakt: Gesamtl\u00e4nge 152 mm, f\u00fcr Anwendungen in<\/p>\n","protected":false},"featured_media":454236,"template":"","meta":{"_seopress_robots_primary_cat":"","_seopress_titles_title":"","_seopress_titles_desc":"","_seopress_robots_index":""},"product_brand":[3407],"product_cat":[29,514,549],"product_tag":[3270],"class_list":{"0":"post-462781","1":"product","2":"type-product","3":"status-publish","4":"has-post-thumbnail","6":"product_brand-milwaukee","7":"product_cat-macchinari","8":"product_cat-altri-dispositivi","9":"product_cat-trapani-e-avvitatori","10":"product_tag-import-milwau","11":"sws-gruppo-macchinari-de","12":"sws-conto-ricavi-merci-rivendita-macchinari-de","13":"sws-gruppo-iva-iva81-de","15":"first","16":"onbackorder","17":"sale","18":"purchasable","19":"product-type-simple"},"_links":{"self":[{"href":"https:\/\/lucacastelli.com\/de\/wp-json\/wp\/v2\/product\/462781","targetHints":{"allow":["GET"]}}],"collection":[{"href":"https:\/\/lucacastelli.com\/de\/wp-json\/wp\/v2\/product"}],"about":[{"href":"https:\/\/lucacastelli.com\/de\/wp-json\/wp\/v2\/types\/product"}],"wp:featuredmedia":[{"embeddable":true,"href":"https:\/\/lucacastelli.com\/de\/wp-json\/wp\/v2\/media\/454236"}],"wp:attachment":[{"href":"https:\/\/lucacastelli.com\/de\/wp-json\/wp\/v2\/media?parent=462781"}],"wp:term":[{"taxonomy":"product_brand","embeddable":true,"href":"https:\/\/lucacastelli.com\/de\/wp-json\/wp\/v2\/product_brand?post=462781"},{"taxonomy":"product_cat","embeddable":true,"href":"https:\/\/lucacastelli.com\/de\/wp-json\/wp\/v2\/product_cat?post=462781"},{"taxonomy":"product_tag","embeddable":true,"href":"https:\/\/lucacastelli.com\/de\/wp-json\/wp\/v2\/product_tag?post=462781"}],"curies":[{"name":"wp","href":"https:\/\/api.w.org\/{rel}","templated":true}]}}