{"id":462774,"date":"2025-06-13T04:58:29","date_gmt":"2025-06-13T02:58:29","guid":{"rendered":"https:\/\/lucacastelli.com\/prodotto\/metallkreissaege-2\/"},"modified":"2025-06-29T07:44:54","modified_gmt":"2025-06-29T05:44:54","slug":"metallkreissaege-2","status":"publish","type":"product","link":"https:\/\/lucacastelli.com\/de\/produkt\/metallkreissaege-2\/","title":{"rendered":"MILWAUKEE Metall-Kreiss\u00e4ge"},"content":{"rendered":"<p>Der von Milwaukee\u00ae entwickelte und gebaute b\u00fcrstenlose POWERSTATE\u2122-Motor sorgt f\u00fcr schnellere Schnitte, eine l\u00e4ngere Lebensdauer des Werkzeugs und gr\u00f6\u00dfere Autonomie.&lt;Br&gt;  Das intelligente REDLINK PLUS-System\u2122 bietet einen fortschrittlichen digitalen \u00dcberlastungsschutz f\u00fcr Werkzeuge und Akkus und verbessert die Leistung des Werkzeugs unter Last erheblich.&lt;Br&gt;  Die REDLITHIUM-Batterie\u2122 bietet eine \u00fcberlegene Konstruktion des Akkupacks, Elektronik und gleichbleibende Leistung, um mehr Laufzeit und mehr Arbeit \u00fcber die Lebensdauer der Batterie zu liefern&lt;Br&gt;  Kaltschnitt, reduziert Funkenbildung und sorgt f\u00fcr schnelle und pr\u00e4zise Anwendungen&lt;Br&gt;  Schnelle und einfache Schnitttiefeneinstellung von 0 bis 57 mm, mit 150 mm Klinge&lt;Br&gt;  Kompaktes und leichtes Design f\u00fcr mehr Komfort&lt;Br&gt;  Integrierter Haken zur Aufbewahrung des Werkzeugs zwischen den Auftr\u00e4gen&lt;Br&gt;  Integrierter Innensechskant&lt;Br&gt;  \u00dcberwachung der einzelnen Batteriezellen, um einen homogenen Verbrauch des Batteriepacks sowie eine gr\u00f6\u00dfere Autonomie und Haltbarkeit im Laufe der Zeit zu gew\u00e4hrleisten&lt;Br&gt;  Anzeige des Ladezustands des Akkus&lt;Br&gt;  Kompatibel mit allen MILWAUKEE\u00ae M18\u2122 Akkus<\/p>\n<p>BARCODE: 4002395289288<\/p>\n<p>Technische Daten<br \/>\n2.8 (M18 B5)<\/p>\n<p>2 x M18 B5 Akkupack, M12-18 FC Ladeger\u00e4t, HeavyDuty Koffer, 150 mm Metallklinge 34 Z\u00e4hne, Inbusschl\u00fcssel<\/p>\n","protected":false},"excerpt":{"rendered":"<p>Der von Milwaukee\u00ae entwickelte und gebaute b\u00fcrstenlose POWERSTATE\u2122-Motor sorgt f\u00fcr schnellere Schnitte, eine l\u00e4ngere Lebensdauer des Werkzeugs und gr\u00f6\u00dfere Autonomie.&lt;Br&gt;<\/p>\n","protected":false},"featured_media":455398,"template":"","meta":{"_seopress_robots_primary_cat":"","_seopress_titles_title":"","_seopress_titles_desc":"","_seopress_robots_index":""},"product_brand":[3407],"product_cat":[29,514],"product_tag":[3270],"class_list":{"0":"post-462774","1":"product","2":"type-product","3":"status-publish","4":"has-post-thumbnail","6":"product_brand-milwaukee","7":"product_cat-macchinari","8":"product_cat-altri-dispositivi","9":"product_tag-import-milwau","10":"sws-gruppo-macchinari-de","11":"sws-conto-ricavi-merci-rivendita-macchinari-de","12":"sws-gruppo-iva-iva81-de","14":"first","15":"onbackorder","16":"purchasable","17":"product-type-simple"},"_links":{"self":[{"href":"https:\/\/lucacastelli.com\/de\/wp-json\/wp\/v2\/product\/462774","targetHints":{"allow":["GET"]}}],"collection":[{"href":"https:\/\/lucacastelli.com\/de\/wp-json\/wp\/v2\/product"}],"about":[{"href":"https:\/\/lucacastelli.com\/de\/wp-json\/wp\/v2\/types\/product"}],"wp:featuredmedia":[{"embeddable":true,"href":"https:\/\/lucacastelli.com\/de\/wp-json\/wp\/v2\/media\/455398"}],"wp:attachment":[{"href":"https:\/\/lucacastelli.com\/de\/wp-json\/wp\/v2\/media?parent=462774"}],"wp:term":[{"taxonomy":"product_brand","embeddable":true,"href":"https:\/\/lucacastelli.com\/de\/wp-json\/wp\/v2\/product_brand?post=462774"},{"taxonomy":"product_cat","embeddable":true,"href":"https:\/\/lucacastelli.com\/de\/wp-json\/wp\/v2\/product_cat?post=462774"},{"taxonomy":"product_tag","embeddable":true,"href":"https:\/\/lucacastelli.com\/de\/wp-json\/wp\/v2\/product_tag?post=462774"}],"curies":[{"name":"wp","href":"https:\/\/api.w.org\/{rel}","templated":true}]}}