{"id":462769,"date":"2025-06-13T05:02:52","date_gmt":"2025-06-13T03:02:52","guid":{"rendered":"https:\/\/lucacastelli.com\/prodotto\/geradschleifer-4\/"},"modified":"2025-06-29T07:44:49","modified_gmt":"2025-06-29T05:44:49","slug":"geradschleifer-4","status":"publish","type":"product","link":"https:\/\/lucacastelli.com\/de\/produkt\/geradschleifer-4\/","title":{"rendered":"MILWAUKEE Geradschleifer"},"content":{"rendered":"<p>Maximale Kontrolle bei jeder Anwendung &#8211; 5 Geschwindigkeiten verf\u00fcgbar, ideal f\u00fcr die Bearbeitung, das Schleifen von Edelstahl und Zubeh\u00f6r bis 75 mm&lt;Br&gt;  Leistung \u00e4hnlich wie bei einer 1200W M\u00fchle&lt;Br&gt;  Das ONE-KEY\u2122 Tracking &amp; Security-System bietet einen kostenlosen Cloud-basierten Tracking- und Bestandsverwaltungsdienst und verf\u00fcgt gleichzeitig \u00fcber Remote-Blockierungsfunktionen&lt;Br&gt;  Dank des verriegelten Stifts muss ich nicht zwei Schraubenschl\u00fcssel verwenden&lt;Br&gt;  Mit dem RAPIDSTOP-System\u2122 k\u00f6nnen Sie alle Zubeh\u00f6rteile in weniger als 2 Sekunden verriegeln&lt;Br&gt;  Geeignet ist 6 und 8 mm Zubeh\u00f6r&lt;Br&gt;  Das Startpaddel ist nicht arretierbar und das Werkzeug stoppt sofort, wenn es herunterf\u00e4llt. Es verhindert auch ein versehentliches Starten &lt;Br&gt;  2 LEDs leuchten den Arbeitsbereich aus&lt;Br&gt;  Schlanker Griff&lt;Br&gt; Schutzschild gegen Staub und Schmutz. Die&lt;&gt; Vorderseite besteht aus komfortablem und praktischem Gummi&lt;Die br&gt; FUEL-Technologie\u2122 definiert kabellose Elektrowerkzeuge neu. B\u00fcrstenloser Motor, REDLINK PLUS-Elektronik\u2122 und REDLITHIUM-Akku\u2122 bieten \u00fcberlegene&lt;Leistung und Haltbarkeit br&gt; Funktioniert mit allen MILWAUKEE\u00ae M18-Akkus\u2122  <\/p>\n<p>BARCODE: 4058546412418<\/p>\n<p>Technische<br \/>\nDaten 2.1 (M18 B5)<\/p>\n<p>2 x M18 B5-Akku, M12-18 FC-Ladeger\u00e4t, HeavyDuty-Koffer, 6-mm-Manschette, 8-mm-Manschette, Schraubenschl\u00fcssel, Staubschutzschild<\/p>\n","protected":false},"excerpt":{"rendered":"<p>Maximale Kontrolle bei jeder Anwendung &#8211; 5 Geschwindigkeiten verf\u00fcgbar, ideal f\u00fcr die Bearbeitung, das Schleifen von Edelstahl und Zubeh\u00f6r bis<\/p>\n","protected":false},"featured_media":455435,"template":"","meta":{"_seopress_robots_primary_cat":"","_seopress_titles_title":"","_seopress_titles_desc":"","_seopress_robots_index":""},"product_brand":[3407],"product_cat":[29,514,555],"product_tag":[3270],"class_list":{"0":"post-462769","1":"product","2":"type-product","3":"status-publish","4":"has-post-thumbnail","6":"product_brand-milwaukee","7":"product_cat-macchinari","8":"product_cat-altri-dispositivi","9":"product_cat-smerigliatrici","10":"product_tag-import-milwau","11":"sws-gruppo-macchinari-de","12":"sws-conto-ricavi-merci-rivendita-macchinari-de","13":"sws-gruppo-iva-iva81-de","15":"first","16":"onbackorder","17":"purchasable","18":"product-type-simple"},"_links":{"self":[{"href":"https:\/\/lucacastelli.com\/de\/wp-json\/wp\/v2\/product\/462769","targetHints":{"allow":["GET"]}}],"collection":[{"href":"https:\/\/lucacastelli.com\/de\/wp-json\/wp\/v2\/product"}],"about":[{"href":"https:\/\/lucacastelli.com\/de\/wp-json\/wp\/v2\/types\/product"}],"wp:featuredmedia":[{"embeddable":true,"href":"https:\/\/lucacastelli.com\/de\/wp-json\/wp\/v2\/media\/455435"}],"wp:attachment":[{"href":"https:\/\/lucacastelli.com\/de\/wp-json\/wp\/v2\/media?parent=462769"}],"wp:term":[{"taxonomy":"product_brand","embeddable":true,"href":"https:\/\/lucacastelli.com\/de\/wp-json\/wp\/v2\/product_brand?post=462769"},{"taxonomy":"product_cat","embeddable":true,"href":"https:\/\/lucacastelli.com\/de\/wp-json\/wp\/v2\/product_cat?post=462769"},{"taxonomy":"product_tag","embeddable":true,"href":"https:\/\/lucacastelli.com\/de\/wp-json\/wp\/v2\/product_tag?post=462769"}],"curies":[{"name":"wp","href":"https:\/\/api.w.org\/{rel}","templated":true}]}}