{"id":462768,"date":"2025-06-13T04:47:01","date_gmt":"2025-06-13T02:47:01","guid":{"rendered":"https:\/\/lucacastelli.com\/prodotto\/metallkreissaege\/"},"modified":"2025-06-29T07:44:41","modified_gmt":"2025-06-29T05:44:41","slug":"metallkreissaege","status":"publish","type":"product","link":"https:\/\/lucacastelli.com\/de\/produkt\/metallkreissaege\/","title":{"rendered":"MILWAUKEE Metall-Kreiss\u00e4ge"},"content":{"rendered":"<p>Die erste 18-V-Akku-Metallkreiss\u00e4ge mit 66 mm Schnitttiefe und einer Schnittleistung von 1800 W&lt;Br&gt;  H\u00f6here Schnittgeschwindigkeit als kabelgebundene Werkzeuge&lt;Br&gt;  Basis kompatibel mit MILWAUKEE-Schienen (separat erh\u00e4ltlich) f\u00fcr schnelle und pr\u00e4zise Schnitte\u00ae&lt;Br&gt;  Druckkontrollleuchte&lt;Br&gt;  Elektrisches System, das in der Lage ist, das Messer in weniger als 1 Sekunde abzubremsen&lt;Br&gt;  Metall-Schmutzsammler f\u00fcr optimale Sicht&lt;Br&gt;  Kaltschnitt, reduziert Funkenbildung und sorgt f\u00fcr schnelle und pr\u00e4zise Anwendungen&lt;Br&gt;  Sicherheitsschalter gegen versehentliches Starten&lt;Br&gt;  Werkzeuglose Schnitttiefenverstellung und Tauchschnitthebel&lt;Br&gt;  Schneller Klingenwechsel und Schmutzentsorgungssystem&lt;Br&gt;  Die FUEL-Technologie\u2122 definiert kabellose Elektrowerkzeuge neu. B\u00fcrstenloser Motor, REDLINK PLUS-Elektronik\u2122 und REDLITHIUM-Akku\u2122 bieten \u00fcberlegene&lt;Leistung und Haltbarkeit br&gt; Funktioniert mit allen MILWAUKEE\u00ae M18-Akkus\u2122 <\/p>\n<p>BARCODE: 4058546325077<\/p>\n<p>Technische Daten<br \/>\n7.5 (M18 HB12)<\/p>\n<p>1 x M18 HB12-Akkupack, M12-18 FC-Ladeger\u00e4t, Transportkoffer, 203-mm-Schneideblatt und Inbusschl\u00fcssel<\/p>\n","protected":false},"excerpt":{"rendered":"<p>Die erste 18-V-Akku-Metallkreiss\u00e4ge mit 66 mm Schnitttiefe und einer Schnittleistung von 1800 W&lt;Br&gt; H\u00f6here Schnittgeschwindigkeit als kabelgebundene Werkzeuge&lt;Br&gt; Basis kompatibel<\/p>\n","protected":false},"featured_media":441280,"template":"","meta":{"_seopress_robots_primary_cat":"","_seopress_titles_title":"","_seopress_titles_desc":"","_seopress_robots_index":""},"product_brand":[3407],"product_cat":[29,514],"product_tag":[3270],"class_list":{"0":"post-462768","1":"product","2":"type-product","3":"status-publish","4":"has-post-thumbnail","6":"product_brand-milwaukee","7":"product_cat-macchinari","8":"product_cat-altri-dispositivi","9":"product_tag-import-milwau","10":"sws-gruppo-macchinari-de","11":"sws-conto-ricavi-merci-rivendita-macchinari-de","12":"sws-gruppo-iva-iva81-de","14":"first","15":"onbackorder","16":"purchasable","17":"product-type-simple"},"_links":{"self":[{"href":"https:\/\/lucacastelli.com\/de\/wp-json\/wp\/v2\/product\/462768","targetHints":{"allow":["GET"]}}],"collection":[{"href":"https:\/\/lucacastelli.com\/de\/wp-json\/wp\/v2\/product"}],"about":[{"href":"https:\/\/lucacastelli.com\/de\/wp-json\/wp\/v2\/types\/product"}],"wp:featuredmedia":[{"embeddable":true,"href":"https:\/\/lucacastelli.com\/de\/wp-json\/wp\/v2\/media\/441280"}],"wp:attachment":[{"href":"https:\/\/lucacastelli.com\/de\/wp-json\/wp\/v2\/media?parent=462768"}],"wp:term":[{"taxonomy":"product_brand","embeddable":true,"href":"https:\/\/lucacastelli.com\/de\/wp-json\/wp\/v2\/product_brand?post=462768"},{"taxonomy":"product_cat","embeddable":true,"href":"https:\/\/lucacastelli.com\/de\/wp-json\/wp\/v2\/product_cat?post=462768"},{"taxonomy":"product_tag","embeddable":true,"href":"https:\/\/lucacastelli.com\/de\/wp-json\/wp\/v2\/product_tag?post=462768"}],"curies":[{"name":"wp","href":"https:\/\/api.w.org\/{rel}","templated":true}]}}