{"id":462763,"date":"2025-06-13T04:51:57","date_gmt":"2025-06-13T02:51:57","guid":{"rendered":"https:\/\/lucacastelli.com\/prodotto\/bandsaege-4\/"},"modified":"2025-06-29T07:44:38","modified_gmt":"2025-06-29T05:44:38","slug":"bandsaege-4","status":"publish","type":"product","link":"https:\/\/lucacastelli.com\/de\/produkt\/bandsaege-4\/","title":{"rendered":"MILWAUKEE Bands\u00e4ge"},"content":{"rendered":"<p>Schneidet bis zu 20 Prozent schneller als das Vorg\u00e4ngermodell&lt;Br&gt;  Schneidkapazit\u00e4t bis zu 85 mm&lt;Br&gt;  Schalter f\u00fcr variable Geschwindigkeit  &lt;Br&gt;  Werkzeuglos einstellbarer Klingenschutz f\u00fcr maximale Sicherheit&lt;Br&gt;  Hebelgest\u00fctztes Klingenentnahmesystem f\u00fcr einfachen Klingenwechsel&lt;Br&gt;  Sicherheitsschalter&lt;Br&gt;  Verstellbarer Sockel ohne Werkzeug&lt;Br&gt;  Stabiler Haken zur Aufbewahrung des Werkzeugs&lt;Br&gt;  LED-Licht zur Ausleuchtung des Anwendungsbereichs&lt;Br&gt;  POWERSTATE\u2122 b\u00fcrstenloser Motor, REDLINK PLUS\u2122 Elektronik und REDLITHIUM\u2122 Akkus bieten \u00fcberlegene Leistung und Haltbarkeit&lt;Br&gt;  Die FUEL-Technologie\u2122 definiert kabellose Elektrowerkzeuge neu. B\u00fcrstenloser Motor, REDLINK PLUS-Elektronik\u2122 und REDLITHIUM-Akku\u2122 bieten \u00fcberlegene&lt;Leistung und Haltbarkeit br&gt; Funktioniert mit allen MILWAUKEE\u00ae M18-Akkus\u2122 <\/p>\n<p>BARCODE: 4058546293956<\/p>\n<p>Technische Daten<br \/>\nKeine Batterien mitgeliefert<\/p>\n<p>Lieferung ohne Batterien, ohne Ladeger\u00e4t, ohne Tragetasche, ohne Schutzkappe, ohne Klinge der Gr\u00f6\u00dfe 14, ohne Tragetasche<\/p>\n","protected":false},"excerpt":{"rendered":"<p>Schneidet bis zu 20 Prozent schneller als das Vorg\u00e4ngermodell&lt;Br&gt; Schneidkapazit\u00e4t bis zu 85 mm&lt;Br&gt; Schalter f\u00fcr variable Geschwindigkeit &lt;Br&gt; Werkzeuglos<\/p>\n","protected":false},"featured_media":455348,"template":"","meta":{"_seopress_robots_primary_cat":"","_seopress_titles_title":"","_seopress_titles_desc":"","_seopress_robots_index":""},"product_brand":[3407],"product_cat":[29,514],"product_tag":[3270],"class_list":{"0":"post-462763","1":"product","2":"type-product","3":"status-publish","4":"has-post-thumbnail","6":"product_brand-milwaukee","7":"product_cat-macchinari","8":"product_cat-altri-dispositivi","9":"product_tag-import-milwau","10":"sws-gruppo-macchinari-de","11":"sws-conto-ricavi-merci-rivendita-macchinari-de","12":"sws-gruppo-iva-iva81-de","14":"first","15":"onbackorder","16":"purchasable","17":"product-type-simple"},"_links":{"self":[{"href":"https:\/\/lucacastelli.com\/de\/wp-json\/wp\/v2\/product\/462763","targetHints":{"allow":["GET"]}}],"collection":[{"href":"https:\/\/lucacastelli.com\/de\/wp-json\/wp\/v2\/product"}],"about":[{"href":"https:\/\/lucacastelli.com\/de\/wp-json\/wp\/v2\/types\/product"}],"wp:featuredmedia":[{"embeddable":true,"href":"https:\/\/lucacastelli.com\/de\/wp-json\/wp\/v2\/media\/455348"}],"wp:attachment":[{"href":"https:\/\/lucacastelli.com\/de\/wp-json\/wp\/v2\/media?parent=462763"}],"wp:term":[{"taxonomy":"product_brand","embeddable":true,"href":"https:\/\/lucacastelli.com\/de\/wp-json\/wp\/v2\/product_brand?post=462763"},{"taxonomy":"product_cat","embeddable":true,"href":"https:\/\/lucacastelli.com\/de\/wp-json\/wp\/v2\/product_cat?post=462763"},{"taxonomy":"product_tag","embeddable":true,"href":"https:\/\/lucacastelli.com\/de\/wp-json\/wp\/v2\/product_tag?post=462763"}],"curies":[{"name":"wp","href":"https:\/\/api.w.org\/{rel}","templated":true}]}}