{"id":462752,"date":"2025-06-13T04:37:30","date_gmt":"2025-06-13T02:37:30","guid":{"rendered":"https:\/\/lucacastelli.com\/prodotto\/polierer-2\/"},"modified":"2025-06-29T07:45:18","modified_gmt":"2025-06-29T05:45:18","slug":"polierer-2","status":"publish","type":"product","link":"https:\/\/lucacastelli.com\/de\/produkt\/polierer-2\/","title":{"rendered":"MILWAUKEE Poliermaschine"},"content":{"rendered":"<p>Bietet die gleiche Leistung wie Poliermaschinen mit kreisf\u00f6rmigem Draht&lt;Br&gt;  8 Geschwindigkeitsstufen (2.650 &#8211; 5100 U\/min) f\u00fcr maximale Kontrolle und pr\u00e4zises Arbeiten&lt;Br&gt;  15 mm Umlaufbahn f\u00fcr schnelles und effizientes Polieren ohne Hologramme&lt;Br&gt;  Gro\u00dfer gummierter Griff auf der Vorderseite, f\u00fcr maximalen Komfort, insbesondere bei vertikalem Einsatz&lt;Br&gt;  Die Dauereinsatzfunktion sorgt f\u00fcr maximalen Komfort und reduziert die Erm\u00fcdung bei l\u00e4ngerem Polieren&lt;Br&gt;  Das um 90\u00b0 gedrehte Akkugeh\u00e4use verhindert einen m\u00f6glichen Kontakt zwischen Werkzeug und K\u00f6rper und erm\u00f6glicht die vertikale und horizontale Lagerung des Werkzeugs&lt;Br&gt;  Lock-out-Funktion, um ein versehentliches Starten des Werkzeugs zu verhindern&lt;Br&gt;  Abnehmbarer Staubschutz, um das Eindringen von Schmutz zu verhindern und die Lebensdauer zu verl\u00e4ngern&lt;Br&gt;  B\u00fcrstenloser Motor, REDLINK PLUS-Elektronik\u2122 und REDLITHIUM-Akku\u2122 sorgen f\u00fcr \u00fcberlegene Leistung und Haltbarkeit&lt;Br&gt;  Funktioniert mit allen MILWAUKEE\u00ae M18\u2122 Akkus<\/p>\n<p>BARCODE: 4058546361174<\/p>\n<p>Technische Daten<br \/>\n3.2 (M18 B5)<\/p>\n<p>2 x M18 B5 Akkupack, M12-18 FC Ladeger\u00e4t, HeavyDuty Koffer, 125 mm St\u00fctzteller, Staubschutzschild<\/p>\n","protected":false},"excerpt":{"rendered":"<p>Bietet die gleiche Leistung wie Poliermaschinen mit kreisf\u00f6rmigem Draht&lt;Br&gt; 8 Geschwindigkeitsstufen (2.650 &#8211; 5100 U\/min) f\u00fcr maximale Kontrolle und pr\u00e4zises<\/p>\n","protected":false},"featured_media":455174,"template":"","meta":{"_seopress_robots_primary_cat":"","_seopress_titles_title":"","_seopress_titles_desc":"","_seopress_robots_index":""},"product_brand":[3407],"product_cat":[29,514],"product_tag":[3270],"class_list":{"0":"post-462752","1":"product","2":"type-product","3":"status-publish","4":"has-post-thumbnail","6":"product_brand-milwaukee","7":"product_cat-macchinari","8":"product_cat-altri-dispositivi","9":"product_tag-import-milwau","10":"sws-gruppo-macchinari-de","11":"sws-conto-ricavi-merci-rivendita-macchinari-de","12":"sws-gruppo-iva-iva81-de","14":"first","15":"onbackorder","16":"purchasable","17":"product-type-simple"},"_links":{"self":[{"href":"https:\/\/lucacastelli.com\/de\/wp-json\/wp\/v2\/product\/462752","targetHints":{"allow":["GET"]}}],"collection":[{"href":"https:\/\/lucacastelli.com\/de\/wp-json\/wp\/v2\/product"}],"about":[{"href":"https:\/\/lucacastelli.com\/de\/wp-json\/wp\/v2\/types\/product"}],"wp:featuredmedia":[{"embeddable":true,"href":"https:\/\/lucacastelli.com\/de\/wp-json\/wp\/v2\/media\/455174"}],"wp:attachment":[{"href":"https:\/\/lucacastelli.com\/de\/wp-json\/wp\/v2\/media?parent=462752"}],"wp:term":[{"taxonomy":"product_brand","embeddable":true,"href":"https:\/\/lucacastelli.com\/de\/wp-json\/wp\/v2\/product_brand?post=462752"},{"taxonomy":"product_cat","embeddable":true,"href":"https:\/\/lucacastelli.com\/de\/wp-json\/wp\/v2\/product_cat?post=462752"},{"taxonomy":"product_tag","embeddable":true,"href":"https:\/\/lucacastelli.com\/de\/wp-json\/wp\/v2\/product_tag?post=462752"}],"curies":[{"name":"wp","href":"https:\/\/api.w.org\/{rel}","templated":true}]}}