{"id":462737,"date":"2025-06-13T05:24:42","date_gmt":"2025-06-13T03:24:42","guid":{"rendered":"https:\/\/lucacastelli.com\/prodotto\/radialer-trennschleifer-2\/"},"modified":"2025-08-14T12:51:37","modified_gmt":"2025-08-14T10:51:37","slug":"radialer-trennschleifer-2","status":"publish","type":"product","link":"https:\/\/lucacastelli.com\/de\/produkt\/radialer-trennschleifer-2\/","title":{"rendered":"Milwaukee Radial Trennschleifer"},"content":{"rendered":"<p>  Der POWERSTATE\u2122 b\u00fcrstenlose Motor von Milwaukee\u00ae bietet eine 2-mal l\u00e4ngere Lebensdauer und bis zu 25 Prozent mehr Leistung.&lt;br&gt;  Das intelligente REDLINK PLUS\u2122 System bietet einen fortschrittlichen digitalen \u00dcberlastungsschutz f\u00fcr Werkzeuge und Batterien und verbessert die Leistung der Werkzeuge unter Last erheblich&lt;br&gt;  Der REDLITHIUM\u2122-Akku bietet eine \u00fcberlegene Akku-Konstruktion, Elektronik und gleichbleibende Leistung, um mehr Reichweite und mehr Arbeit \u00fcber die gesamte Lebensdauer des Akkus zu erm\u00f6glichen&lt;br&gt;  254 mm Klinge f\u00fcr breite, pr\u00e4zise Schnitte&lt;br&gt;  Schnellverschluss f\u00fcr einfache Einstellung des linken und rechten Neigungswinkels mit voreingestellten Anschl\u00e4gen&lt;br&gt;  Verschiebbare und hohe seitliche Holzauflagen f\u00fcr Stabilit\u00e4t und Schnittgenauigkeit&lt;br&gt;  M\u00f6glichkeit, Schnitte mit einstellbarer Tiefe durchzuf\u00fchren. Kompatibel mit allen Milwaukee-Schneidetischen (MSL 1000, MSL 2000, MSL 3000) &lt;br&gt;  Bis zu 307 Schnitte in Weichholz 38 mm x 89 mm mit einem 9,0-Ah-Akku, so dass ein Nachladen w\u00e4hrend eines Arbeitstages vermieden wird&lt;br&gt;  Integrierter Griff f\u00fcr einfachen Transport&lt;br&gt;  Stahlplatte mit Winkelangabe und vordefinierten Winkeln&lt;br&gt;  Integriertes LED-Licht zur Beleuchtung der Schnittlinie bei schlechten Lichtverh\u00e4ltnissen&lt;br&gt;  Funktioniert mit allen M18 Akkus<\/p>\n<p>BARCODE: 4002395279418<\/p>\n<p>Technische Daten<br \/>\n289,3 x 91,2<\/p>\n<p>Lieferung ohne Batterien, Lieferung ohne Ladeger\u00e4t, Lieferung ohne Kitbox oder Tasche, Klinge, Schraubenschl\u00fcssel, Klemme<\/p>\n","protected":false},"excerpt":{"rendered":"<p>Der POWERSTATE\u2122 b\u00fcrstenlose Motor von Milwaukee\u00ae bietet eine 2-mal l\u00e4ngere Lebensdauer und bis zu 25 Prozent mehr Leistung.&lt;br&gt; Das intelligente<\/p>\n","protected":false},"featured_media":455627,"template":"","meta":{"_seopress_robots_primary_cat":"","_seopress_titles_title":"","_seopress_titles_desc":"","_seopress_robots_index":""},"product_brand":[3407],"product_cat":[29,514],"product_tag":[3270],"class_list":{"0":"post-462737","1":"product","2":"type-product","3":"status-publish","4":"has-post-thumbnail","6":"product_brand-milwaukee","7":"product_cat-macchinari","8":"product_cat-altri-dispositivi","9":"product_tag-import-milwau","10":"sws-gruppo-macchinari-de","11":"sws-conto-ricavi-merci-rivendita-macchinari-de","12":"sws-gruppo-iva-iva81-de","14":"first","15":"onbackorder","16":"sale","17":"purchasable","18":"product-type-simple"},"_links":{"self":[{"href":"https:\/\/lucacastelli.com\/de\/wp-json\/wp\/v2\/product\/462737","targetHints":{"allow":["GET"]}}],"collection":[{"href":"https:\/\/lucacastelli.com\/de\/wp-json\/wp\/v2\/product"}],"about":[{"href":"https:\/\/lucacastelli.com\/de\/wp-json\/wp\/v2\/types\/product"}],"wp:featuredmedia":[{"embeddable":true,"href":"https:\/\/lucacastelli.com\/de\/wp-json\/wp\/v2\/media\/455627"}],"wp:attachment":[{"href":"https:\/\/lucacastelli.com\/de\/wp-json\/wp\/v2\/media?parent=462737"}],"wp:term":[{"taxonomy":"product_brand","embeddable":true,"href":"https:\/\/lucacastelli.com\/de\/wp-json\/wp\/v2\/product_brand?post=462737"},{"taxonomy":"product_cat","embeddable":true,"href":"https:\/\/lucacastelli.com\/de\/wp-json\/wp\/v2\/product_cat?post=462737"},{"taxonomy":"product_tag","embeddable":true,"href":"https:\/\/lucacastelli.com\/de\/wp-json\/wp\/v2\/product_tag?post=462737"}],"curies":[{"name":"wp","href":"https:\/\/api.w.org\/{rel}","templated":true}]}}