{"id":462732,"date":"2025-06-13T05:16:29","date_gmt":"2025-06-13T03:16:29","guid":{"rendered":"https:\/\/lucacastelli.com\/prodotto\/magnetische-bohrmaschine\/"},"modified":"2025-06-29T07:43:59","modified_gmt":"2025-06-29T05:43:59","slug":"magnetische-bohrmaschine","status":"publish","type":"product","link":"https:\/\/lucacastelli.com\/de\/produkt\/magnetische-bohrmaschine\/","title":{"rendered":"MILWAUKEE Magnetischer Bohrer"},"content":{"rendered":"<p>Der von Milwaukee entwickelte\u00ae b\u00fcrstenlose POWERSTATE-Motor\u2122 bietet eine kabelgebundene Werkzeugleistung mit starker magnetischer Haftung bereits auf 6,35 mm Stahl und einer Kapazit\u00e4t f\u00fcr 40 x 18 mm L\u00f6cher mit einer einzigen Ladung&lt;Br&gt;  Das intelligente REDLINK PLUS-System\u2122 bietet einen fortschrittlichen digitalen \u00dcberlastungsschutz f\u00fcr Werkzeuge und Akkus und verbessert die Leistung des Werkzeugs unter Last erheblich.&lt;Br&gt;  Die REDLITHIUM-Batterie\u2122 bietet eine \u00fcberlegene Konstruktion des Akkupacks, Elektronik und gleichbleibende Leistung, um mehr Laufzeit und mehr Arbeit \u00fcber die Lebensdauer der Batterie zu liefern&lt;Br&gt;  Interner AUTOSTOP-Sensor\u2122: Erkennt die Fehlausrichtung des Magnetfu\u00dfes in Bezug auf die urspr\u00fcngliche Position und stoppt automatisch den Betrieb des Bohrers&lt;Br&gt;  Permanentmagnet mit einer maximalen magnetischen Haftung von 8.890 N auf 25,4 mm Stahl. Hubl\u00e4nge 146 mm, Maschine 265&#215;390 mm, Basis 218&#215;63 mm &lt;Br&gt;  2 Geschwindigkeiten: 400 und 690 U\/min, f\u00fcr den Einsatz mit Fr\u00e4sern oder Bohrern&lt;Br&gt;  Maximale Bohrleistung mit 38 mm Fr\u00e4sern, mit 13 mm Spiralbohrern mit zylindrischem Schaft&lt;Br&gt;  19 mm Weldon-Kupplung, mit Schnellspanner (schl\u00fcssellos)&lt;Br&gt;  Tank mit Schmier\u00f6l mit Magnet, \u00e4u\u00dferst bequem auf dem Material zu platzieren, an dem Sie arbeiten, insbesondere beim Bohren in vertikaler Position&lt;Br&gt;  Hubl\u00e4nge 146 mm&lt;Br&gt;  M\u00f6glichkeit, den Griff rechts oder links zu positionieren&lt;Br&gt;  Integrierte Beleuchtung LED&lt;Br&gt;  Funktioniert mit allen M18-Batterien\u2122<\/p>\n<p>BARCODE: 4002395136650<\/p>\n<p>Technische<br \/>\nDaten 50<\/p>\n<p>2 x M18 B5-Akkupack, M12-18 FC-Ladeger\u00e4t, Tragekoffer, Ladeger\u00e4t, 2 x 5,0 Ah Redlithium-Akkus, Schmiermittelbeh\u00e4lter, 13-mm-Futter mit Adapter und Schl\u00fcssel, Zentrierbohrer, Sicherheitsgurt und Tragekoffer<\/p>\n","protected":false},"excerpt":{"rendered":"<p>Der von Milwaukee entwickelte\u00ae b\u00fcrstenlose POWERSTATE-Motor\u2122 bietet eine kabelgebundene Werkzeugleistung mit starker magnetischer Haftung bereits auf 6,35 mm Stahl und<\/p>\n","protected":false},"featured_media":441363,"template":"","meta":{"_seopress_robots_primary_cat":"","_seopress_titles_title":"","_seopress_titles_desc":"","_seopress_robots_index":""},"product_brand":[3407],"product_cat":[29,514],"product_tag":[3270],"class_list":{"0":"post-462732","1":"product","2":"type-product","3":"status-publish","4":"has-post-thumbnail","6":"product_brand-milwaukee","7":"product_cat-macchinari","8":"product_cat-altri-dispositivi","9":"product_tag-import-milwau","10":"sws-gruppo-macchinari-de","11":"sws-conto-ricavi-merci-rivendita-macchinari-de","12":"sws-gruppo-iva-iva81-de","14":"first","15":"onbackorder","16":"sale","17":"purchasable","18":"product-type-simple"},"_links":{"self":[{"href":"https:\/\/lucacastelli.com\/de\/wp-json\/wp\/v2\/product\/462732","targetHints":{"allow":["GET"]}}],"collection":[{"href":"https:\/\/lucacastelli.com\/de\/wp-json\/wp\/v2\/product"}],"about":[{"href":"https:\/\/lucacastelli.com\/de\/wp-json\/wp\/v2\/types\/product"}],"wp:featuredmedia":[{"embeddable":true,"href":"https:\/\/lucacastelli.com\/de\/wp-json\/wp\/v2\/media\/441363"}],"wp:attachment":[{"href":"https:\/\/lucacastelli.com\/de\/wp-json\/wp\/v2\/media?parent=462732"}],"wp:term":[{"taxonomy":"product_brand","embeddable":true,"href":"https:\/\/lucacastelli.com\/de\/wp-json\/wp\/v2\/product_brand?post=462732"},{"taxonomy":"product_cat","embeddable":true,"href":"https:\/\/lucacastelli.com\/de\/wp-json\/wp\/v2\/product_cat?post=462732"},{"taxonomy":"product_tag","embeddable":true,"href":"https:\/\/lucacastelli.com\/de\/wp-json\/wp\/v2\/product_tag?post=462732"}],"curies":[{"name":"wp","href":"https:\/\/api.w.org\/{rel}","templated":true}]}}