{"id":462729,"date":"2025-06-13T05:12:56","date_gmt":"2025-06-13T03:12:56","guid":{"rendered":"https:\/\/lucacastelli.com\/prodotto\/geradschleifer-3\/"},"modified":"2025-06-29T07:44:02","modified_gmt":"2025-06-29T05:44:02","slug":"geradschleifer-3","status":"publish","type":"product","link":"https:\/\/lucacastelli.com\/de\/produkt\/geradschleifer-3\/","title":{"rendered":"MILWAUKEE Geradschleifer"},"content":{"rendered":"<p>Leistung vergleichbar mit einem 1200 W Drahtschleifer&lt;Br&gt;  Dank des verriegelten Stifts muss ich nicht zwei Schraubenschl\u00fcssel verwenden&lt;Br&gt;  RAPIDSTOP\u2122 Funktion sperrt alle Zubeh\u00f6rteile in weniger als 2 Sekunden&lt;Br&gt;  Der reduzierte Batteriewinkel bietet eine hervorragende Balance f\u00fcr Ergonomie und langfristige Nutzung&lt;Br&gt;  6 und 8 mm Zubeh\u00f6r kann verwendet werden&lt;Br&gt;  Schlanker Griff f\u00fcr mehr Komfort&lt;Br&gt;  Die Abschirmung gegen Staub und Schmutz erh\u00f6ht die Lebensdauer des Werkzeugs. Kann entfernt werden &lt;Br&gt;  Gummifront verbessert Handling und Komfort&lt;Br&gt;  Sicherheitssperre gegen versehentliche Inbetriebnahme&lt;Br&gt;  Die FUEL-Technologie\u2122 definiert kabellose Elektrowerkzeuge neu. B\u00fcrstenloser Motor, REDLINK PLUS-Elektronik\u2122 und REDLITHIUM-Akku\u2122 bieten \u00fcberlegene&lt;Leistung und Haltbarkeit br&gt; Funktioniert mit allen MILWAUKEE\u00ae M18-Akkus\u2122 <\/p>\n<p>BARCODE: 4058546412388<\/p>\n<p>Technische Daten<br \/>\n2.0 (M18 B5)<\/p>\n<p>Lieferung ohne Batterien, Lieferung ohne Ladeger\u00e4t, HeavyDuty-Koffer, 6-mm-Manschette, 8-mm-Manschette, Schraubenschl\u00fcssel, Staubschutzschild<\/p>\n","protected":false},"excerpt":{"rendered":"<p>Leistung vergleichbar mit einem 1200 W Drahtschleifer&lt;Br&gt; Dank des verriegelten Stifts muss ich nicht zwei Schraubenschl\u00fcssel verwenden&lt;Br&gt; RAPIDSTOP\u2122 Funktion sperrt<\/p>\n","protected":false},"featured_media":455530,"template":"","meta":{"_seopress_robots_primary_cat":"","_seopress_titles_title":"","_seopress_titles_desc":"","_seopress_robots_index":""},"product_brand":[3407],"product_cat":[29,514,555],"product_tag":[3270],"class_list":{"0":"post-462729","1":"product","2":"type-product","3":"status-publish","4":"has-post-thumbnail","6":"product_brand-milwaukee","7":"product_cat-macchinari","8":"product_cat-altri-dispositivi","9":"product_cat-smerigliatrici","10":"product_tag-import-milwau","11":"sws-gruppo-macchinari-de","12":"sws-conto-ricavi-merci-rivendita-macchinari-de","13":"sws-gruppo-iva-iva81-de","15":"first","16":"onbackorder","17":"purchasable","18":"product-type-simple"},"_links":{"self":[{"href":"https:\/\/lucacastelli.com\/de\/wp-json\/wp\/v2\/product\/462729","targetHints":{"allow":["GET"]}}],"collection":[{"href":"https:\/\/lucacastelli.com\/de\/wp-json\/wp\/v2\/product"}],"about":[{"href":"https:\/\/lucacastelli.com\/de\/wp-json\/wp\/v2\/types\/product"}],"wp:featuredmedia":[{"embeddable":true,"href":"https:\/\/lucacastelli.com\/de\/wp-json\/wp\/v2\/media\/455530"}],"wp:attachment":[{"href":"https:\/\/lucacastelli.com\/de\/wp-json\/wp\/v2\/media?parent=462729"}],"wp:term":[{"taxonomy":"product_brand","embeddable":true,"href":"https:\/\/lucacastelli.com\/de\/wp-json\/wp\/v2\/product_brand?post=462729"},{"taxonomy":"product_cat","embeddable":true,"href":"https:\/\/lucacastelli.com\/de\/wp-json\/wp\/v2\/product_cat?post=462729"},{"taxonomy":"product_tag","embeddable":true,"href":"https:\/\/lucacastelli.com\/de\/wp-json\/wp\/v2\/product_tag?post=462729"}],"curies":[{"name":"wp","href":"https:\/\/api.w.org\/{rel}","templated":true}]}}