{"id":462728,"date":"2025-06-13T05:17:17","date_gmt":"2025-06-13T03:17:17","guid":{"rendered":"https:\/\/lucacastelli.com\/prodotto\/scheren\/"},"modified":"2025-06-29T07:43:36","modified_gmt":"2025-06-29T05:43:36","slug":"scheren","status":"publish","type":"product","link":"https:\/\/lucacastelli.com\/de\/produkt\/scheren\/","title":{"rendered":"MILWAUKEE-Schere"},"content":{"rendered":"<p>Pr\u00e4zise Schnitte mit einer maximalen Schnitttiefe von 2,0 mm in Stahl&lt;Br&gt;  360\u00b0 Kopfdrehung mit 12 Verriegelungspositionen, um den Zugang auf engstem Raum zu erm\u00f6glichen&lt;Br&gt;  Die intelligente REDLINK\u2122-Elektronik sch\u00fctzt Motor und Akku vor \u00dcberlastung und verbessert die Leistung des Ger\u00e4ts&lt;Br&gt;  St\u00e4ndige \u00dcberwachung jeder einzelnen Zelle, um einen effizienten Lade- und Entladezyklus zu gew\u00e4hrleisten&lt;Br&gt;  Inline-Griff f\u00fcr mehr Kontrolle&lt;Br&gt;  Elektronischer Schalter f\u00fcr mehr Kontrolle beim Schneiden&lt;Br&gt;  G\u00fcrtelclip&lt;Br&gt;  Die REDLITHIUM-Batterie\u2122 bietet eine \u00fcberlegene Konstruktion des Akkupacks, Elektronik und gleichbleibende Leistung, um mehr Laufzeit und mehr Arbeit \u00fcber die Lebensdauer der Batterie zu liefern&lt;Br&gt;  Funktioniert mit allen Milwaukee M18\u2122 18V Plattform-Akkus<\/p>\n<p>BARCODE: 4002395006748<\/p>\n<p>Technische<br \/>\nDaten 180<\/p>\n<p>Lieferung ohne Batterien, Lieferung ohne Ladeger\u00e4t, Lieferung ohne Kitbox oder Tasche<\/p>\n","protected":false},"excerpt":{"rendered":"<p>Pr\u00e4zise Schnitte mit einer maximalen Schnitttiefe von 2,0 mm in Stahl&lt;Br&gt; 360\u00b0 Kopfdrehung mit 12 Verriegelungspositionen, um den Zugang auf<\/p>\n","protected":false},"featured_media":455572,"template":"","meta":{"_seopress_robots_primary_cat":"","_seopress_titles_title":"","_seopress_titles_desc":"","_seopress_robots_index":""},"product_brand":[3656],"product_cat":[1454,169],"product_tag":[3272],"class_list":{"0":"post-462728","1":"product","2":"type-product","3":"status-publish","4":"has-post-thumbnail","6":"product_brand-milwaukee-de","7":"product_cat-andere-gerate","8":"product_cat-maschinen","9":"product_tag-import-milwau-de","10":"sws-gruppo-macchinari-de","11":"sws-conto-ricavi-merci-rivendita-macchinari-de","12":"sws-gruppo-iva-iva81-de","14":"first","15":"onbackorder","16":"sale","17":"purchasable","18":"product-type-simple"},"_links":{"self":[{"href":"https:\/\/lucacastelli.com\/de\/wp-json\/wp\/v2\/product\/462728","targetHints":{"allow":["GET"]}}],"collection":[{"href":"https:\/\/lucacastelli.com\/de\/wp-json\/wp\/v2\/product"}],"about":[{"href":"https:\/\/lucacastelli.com\/de\/wp-json\/wp\/v2\/types\/product"}],"wp:featuredmedia":[{"embeddable":true,"href":"https:\/\/lucacastelli.com\/de\/wp-json\/wp\/v2\/media\/455572"}],"wp:attachment":[{"href":"https:\/\/lucacastelli.com\/de\/wp-json\/wp\/v2\/media?parent=462728"}],"wp:term":[{"taxonomy":"product_brand","embeddable":true,"href":"https:\/\/lucacastelli.com\/de\/wp-json\/wp\/v2\/product_brand?post=462728"},{"taxonomy":"product_cat","embeddable":true,"href":"https:\/\/lucacastelli.com\/de\/wp-json\/wp\/v2\/product_cat?post=462728"},{"taxonomy":"product_tag","embeddable":true,"href":"https:\/\/lucacastelli.com\/de\/wp-json\/wp\/v2\/product_tag?post=462728"}],"curies":[{"name":"wp","href":"https:\/\/api.w.org\/{rel}","templated":true}]}}