{"id":462722,"date":"2025-06-12T03:20:22","date_gmt":"2025-06-12T01:20:22","guid":{"rendered":"https:\/\/lucacastelli.com\/prodotto\/bohrer-mit-perkussion-5\/"},"modified":"2025-06-29T07:52:36","modified_gmt":"2025-06-29T05:52:36","slug":"bohrer-mit-perkussion-5","status":"publish","type":"product","link":"https:\/\/lucacastelli.com\/de\/produkt\/bohrer-mit-perkussion-5\/","title":{"rendered":"MILWAUKEE Bohrhammer"},"content":{"rendered":"<p>165 mm lang f\u00fcr einfachen Zugang auch in engen R\u00e4umen&lt;Br&gt;  Robuste 13-mm-Metallspindel f\u00fcr schnellen Bitwechsel und besseren Bitspeicher&lt;Br&gt;  Die REDLINK\u2122-Elektronik sch\u00fctzt das Ger\u00e4t und den Akku vor \u00dcberlastung und sorgt so f\u00fcr eine l\u00e4ngere Nutzungsdauer&lt;Br&gt;  Die REDLITHIUM-Batterie\u2122 bietet eine \u00fcberlegene Konstruktion des Akkupacks, Elektronik und gleichbleibende Leistung, um mehr Laufzeit und mehr Arbeit \u00fcber die Lebensdauer der Batterie zu liefern&lt;Br&gt;  60 Nm Drehmoment &#8211; maximale Leistung, maximale Kompaktheit&lt;Br&gt;  Vollmetall-G\u00fcrtelhaken&lt;Br&gt;  LED-Licht zur Ausleuchtung des Arbeitsbereichs&lt;Br&gt;  Funktioniert mit allen Milwaukee M18\u2122 Akkus  <\/p>\n<p>BARCODE: 4058546222659<\/p>\n<p>Technische<br \/>\nDaten 16<\/p>\n<p>2 x M18 B2 Akkupack, M12-18 C Ladeger\u00e4t, Transportkoffer<\/p>\n","protected":false},"excerpt":{"rendered":"<p>165 mm lang f\u00fcr einfachen Zugang auch in engen R\u00e4umen&lt;Br&gt; Robuste 13-mm-Metallspindel f\u00fcr schnellen Bitwechsel und besseren Bitspeicher&lt;Br&gt; Die REDLINK\u2122-Elektronik<\/p>\n","protected":false},"featured_media":435344,"template":"","meta":{"_seopress_robots_primary_cat":"","_seopress_titles_title":"","_seopress_titles_desc":"","_seopress_robots_index":""},"product_brand":[3407],"product_cat":[29,514,549],"product_tag":[3270],"class_list":{"0":"post-462722","1":"product","2":"type-product","3":"status-publish","4":"has-post-thumbnail","6":"product_brand-milwaukee","7":"product_cat-macchinari","8":"product_cat-altri-dispositivi","9":"product_cat-trapani-e-avvitatori","10":"product_tag-import-milwau","11":"sws-gruppo-macchinari-de","12":"sws-conto-ricavi-merci-rivendita-macchinari-de","13":"sws-gruppo-iva-iva81-de","15":"first","16":"onbackorder","17":"sale","18":"purchasable","19":"product-type-simple"},"_links":{"self":[{"href":"https:\/\/lucacastelli.com\/de\/wp-json\/wp\/v2\/product\/462722","targetHints":{"allow":["GET"]}}],"collection":[{"href":"https:\/\/lucacastelli.com\/de\/wp-json\/wp\/v2\/product"}],"about":[{"href":"https:\/\/lucacastelli.com\/de\/wp-json\/wp\/v2\/types\/product"}],"wp:featuredmedia":[{"embeddable":true,"href":"https:\/\/lucacastelli.com\/de\/wp-json\/wp\/v2\/media\/435344"}],"wp:attachment":[{"href":"https:\/\/lucacastelli.com\/de\/wp-json\/wp\/v2\/media?parent=462722"}],"wp:term":[{"taxonomy":"product_brand","embeddable":true,"href":"https:\/\/lucacastelli.com\/de\/wp-json\/wp\/v2\/product_brand?post=462722"},{"taxonomy":"product_cat","embeddable":true,"href":"https:\/\/lucacastelli.com\/de\/wp-json\/wp\/v2\/product_cat?post=462722"},{"taxonomy":"product_tag","embeddable":true,"href":"https:\/\/lucacastelli.com\/de\/wp-json\/wp\/v2\/product_tag?post=462722"}],"curies":[{"name":"wp","href":"https:\/\/api.w.org\/{rel}","templated":true}]}}