{"id":462719,"date":"2025-06-12T03:16:39","date_gmt":"2025-06-12T01:16:39","guid":{"rendered":"https:\/\/lucacastelli.com\/prodotto\/bohrer-mit-perkussion-4\/"},"modified":"2026-04-16T02:31:57","modified_gmt":"2026-04-16T00:31:57","slug":"bohrer-mit-perkussion-4","status":"publish","type":"product","link":"https:\/\/lucacastelli.com\/de\/produkt\/bohrer-mit-perkussion-4\/","title":{"rendered":"MILWAUKEE Schlagbohrschrauber"},"content":{"rendered":"<p>158 Nm Drehmoment&lt;br&gt; Nur 175 mm lang. Erm\u00f6glicht den Zugang auch zu engsten R\u00e4umen&lt;br&gt; Bluetooth\u00ae-Verbindung mit der ONE-KEY\u2122 App&lt;br&gt; Speichert bis zu 3 Einstellungen im Speicher&lt;br&gt; Das ONE-KEY\u2122 Tracking &amp; Security System bietet einen kostenlosen cloudbasierten Bestandsverwaltungs- und Ortungsdienst sowie Fernsperrfunktionen&lt;br&gt; Einstellung des Schalters \u00fcber die ONE-KEY\u2122 App&lt;br&gt; Einstellungen f\u00fcr wiederkehrende Anwendungen k\u00f6nnen ge\u00e4ndert und gespeichert werden&lt;br&gt; Geschwindigkeitsregelung, AUTOSTOP\u2122-Kontrolle, Anzeige der optimalen Geschwindigkeit je nach Material und Anwendung, Einstellung der LED-Lichtintensit\u00e4t&lt;br&gt; G\u00fcrtelclip aus Metall&lt;br&gt; Kompatibel mit allen MILWAUKEE\u00ae M18\u2122 Akkus<\/p>\n<p>BARCODE: 4058546476724<\/p>\n<p>Technische Daten<br \/>\n158<\/p>\n<p>2 x M18 B5 Akku-Packs, M12-18 FC Ladeger\u00e4t, HeavyDuty-Koffer, G\u00fcrtelclip, Zusatzhandgriff<\/p>\n","protected":false},"excerpt":{"rendered":"<p>158 Nm Drehmoment&lt;br&gt; Nur 175 mm lang. Erm\u00f6glicht den Zugang auch zu engsten R\u00e4umen&lt;br&gt; Bluetooth\u00ae-Verbindung mit der ONE-KEY\u2122 App&lt;br&gt; Speichert<\/p>\n","protected":false},"featured_media":435093,"template":"","meta":{"_seopress_robots_primary_cat":"","_seopress_titles_title":"","_seopress_titles_desc":"","_seopress_robots_index":""},"product_brand":[3656],"product_cat":[1454,1553,169],"product_tag":[3272],"class_list":{"0":"post-462719","1":"product","2":"type-product","3":"status-publish","4":"has-post-thumbnail","6":"product_brand-milwaukee-de","7":"product_cat-andere-gerate","8":"product_cat-bohrer-und-schraubendreher","9":"product_cat-maschinen","10":"product_tag-import-milwau-de","11":"sws-gruppo-macchinari-de","12":"sws-conto-ricavi-merci-rivendita-macchinari-de","13":"sws-gruppo-iva-iva81-de","15":"first","16":"onbackorder","17":"sale","18":"purchasable","19":"product-type-simple"},"_links":{"self":[{"href":"https:\/\/lucacastelli.com\/de\/wp-json\/wp\/v2\/product\/462719","targetHints":{"allow":["GET"]}}],"collection":[{"href":"https:\/\/lucacastelli.com\/de\/wp-json\/wp\/v2\/product"}],"about":[{"href":"https:\/\/lucacastelli.com\/de\/wp-json\/wp\/v2\/types\/product"}],"wp:featuredmedia":[{"embeddable":true,"href":"https:\/\/lucacastelli.com\/de\/wp-json\/wp\/v2\/media\/435093"}],"wp:attachment":[{"href":"https:\/\/lucacastelli.com\/de\/wp-json\/wp\/v2\/media?parent=462719"}],"wp:term":[{"taxonomy":"product_brand","embeddable":true,"href":"https:\/\/lucacastelli.com\/de\/wp-json\/wp\/v2\/product_brand?post=462719"},{"taxonomy":"product_cat","embeddable":true,"href":"https:\/\/lucacastelli.com\/de\/wp-json\/wp\/v2\/product_cat?post=462719"},{"taxonomy":"product_tag","embeddable":true,"href":"https:\/\/lucacastelli.com\/de\/wp-json\/wp\/v2\/product_tag?post=462719"}],"curies":[{"name":"wp","href":"https:\/\/api.w.org\/{rel}","templated":true}]}}