{"id":462717,"date":"2025-06-14T01:51:44","date_gmt":"2025-06-13T23:51:44","guid":{"rendered":"https:\/\/lucacastelli.com\/prodotto\/gerade-saege-9\/"},"modified":"2025-06-29T07:41:42","modified_gmt":"2025-06-29T05:41:42","slug":"gerade-saege-9","status":"publish","type":"product","link":"https:\/\/lucacastelli.com\/de\/produkt\/gerade-saege-9\/","title":{"rendered":"MILWAUKEE Gerads\u00e4ge"},"content":{"rendered":"<p>Die M18 FUEL\u2122 Super-Gerads\u00e4ge bietet die Leistung, um mit derselben Geschwindigkeit zu s\u00e4gen wie eine entsprechende kabelgebundene Gerads\u00e4ge, mit einer Reichweite von 150 Schnitten von 290 mm x 45 mm bei einer Akkuladung von 12,0 Ah&lt;Br&gt;  HIGH OUTPUT\u2122 System, erh\u00f6ht die Leistung und Autonomie der M18 FUEL-Technologie\u2122&lt;Br&gt;  Durch die Orbitalbewegung entfernt die S\u00e4ge R\u00fcckst\u00e4nde und erm\u00f6glicht so einen schnelleren Schnitt im Holz.&lt;Br&gt;  3000 SPM mit 32 mm Hub bieten schnelles und m\u00fcheloses Schneiden in einer breiten Palette von Materialien&lt;Br&gt;  5 Schneidemodi von 1500 SPM bis 3000 SPM, um die richtige Geschwindigkeit f\u00fcr das zu schneidende Material zu w\u00e4hlen&lt;Br&gt;  FIXTEC\u2122 Klingenklemme f\u00fcr schnellen und einfachen Klingenwechsel ohne Schl\u00fcssel&lt;Br&gt;  Robuster Haken zur Aufbewahrung von Werkzeug&lt;Br&gt;  Verstellbarer Sockel f\u00fcr optimierte Nutzung  &lt;Br&gt;  Integriertes LED-Licht zur Ausleuchtung des Arbeitsbereichs&lt;Br&gt;  Funktioniert mit allen MILWAUKEE\u00ae M18\u2122 Akkus<\/p>\n<p>BARCODE: 4058546226695<\/p>\n<p>Technische Daten<br \/>\n300<\/p>\n<p>Lieferung ohne Batterien, Lieferung ohne Ladeger\u00e4t, Tragetasche<\/p>\n","protected":false},"excerpt":{"rendered":"<p>Die M18 FUEL\u2122 Super-Gerads\u00e4ge bietet die Leistung, um mit derselben Geschwindigkeit zu s\u00e4gen wie eine entsprechende kabelgebundene Gerads\u00e4ge, mit einer<\/p>\n","protected":false},"featured_media":456327,"template":"","meta":{"_seopress_robots_primary_cat":"","_seopress_titles_title":"","_seopress_titles_desc":"","_seopress_robots_index":""},"product_brand":[3407],"product_cat":[29,514,558],"product_tag":[3270],"class_list":{"0":"post-462717","1":"product","2":"type-product","3":"status-publish","4":"has-post-thumbnail","6":"product_brand-milwaukee","7":"product_cat-macchinari","8":"product_cat-altri-dispositivi","9":"product_cat-seghe-accessori-vari","10":"product_tag-import-milwau","11":"sws-gruppo-macchinari-de","12":"sws-conto-ricavi-merci-rivendita-macchinari-de","13":"sws-gruppo-iva-iva81-de","15":"first","16":"onbackorder","17":"sale","18":"purchasable","19":"product-type-simple"},"_links":{"self":[{"href":"https:\/\/lucacastelli.com\/de\/wp-json\/wp\/v2\/product\/462717","targetHints":{"allow":["GET"]}}],"collection":[{"href":"https:\/\/lucacastelli.com\/de\/wp-json\/wp\/v2\/product"}],"about":[{"href":"https:\/\/lucacastelli.com\/de\/wp-json\/wp\/v2\/types\/product"}],"wp:featuredmedia":[{"embeddable":true,"href":"https:\/\/lucacastelli.com\/de\/wp-json\/wp\/v2\/media\/456327"}],"wp:attachment":[{"href":"https:\/\/lucacastelli.com\/de\/wp-json\/wp\/v2\/media?parent=462717"}],"wp:term":[{"taxonomy":"product_brand","embeddable":true,"href":"https:\/\/lucacastelli.com\/de\/wp-json\/wp\/v2\/product_brand?post=462717"},{"taxonomy":"product_cat","embeddable":true,"href":"https:\/\/lucacastelli.com\/de\/wp-json\/wp\/v2\/product_cat?post=462717"},{"taxonomy":"product_tag","embeddable":true,"href":"https:\/\/lucacastelli.com\/de\/wp-json\/wp\/v2\/product_tag?post=462717"}],"curies":[{"name":"wp","href":"https:\/\/api.w.org\/{rel}","templated":true}]}}