{"id":462702,"date":"2025-06-14T01:38:17","date_gmt":"2025-06-13T23:38:17","guid":{"rendered":"https:\/\/lucacastelli.com\/prodotto\/gerade-saege-6\/"},"modified":"2026-04-16T02:13:02","modified_gmt":"2026-04-16T00:13:02","slug":"gerade-saege-6","status":"publish","type":"product","link":"https:\/\/lucacastelli.com\/de\/produkt\/gerade-saege-6\/","title":{"rendered":"MILWAUKEE S\u00e4bels\u00e4ge"},"content":{"rendered":"<p>M18 FUEL\u2122 SAWZALL\u2122 S\u00e4bels\u00e4ge mit ONE-KEY\u2122 Technologie&lt;br&gt; Verbindung \u00fcber Bluetooth\u00a9 mit der ONE-KEY\u2122 App&lt;br&gt; Vollst\u00e4ndige Werkzeugpersonalisierung \u00fcber die ONE-KEY\u2122 App, um das Werkzeug an Ihre Bed\u00fcrfnisse anzupassen&lt;br&gt; Das ONE-KEY\u2122 Tracking &amp; Security System bietet einen kostenlosen cloudbasierten Bestandsverwaltungs- und Ortungsservice sowie eine Fernsperrfunktion&lt;br&gt; Der einstellbare Sanftanlauf garantiert pr\u00e4zise und schnelle Schnitte in allen Materialien und minimiert Vibrationen des S\u00e4geblatts beim Ans\u00e4gen&lt;br&gt; Die Schnittoptimierung erm\u00f6glicht eine l\u00e4ngere Lebensdauer des S\u00e4geblatts und einfacheres Schneiden in verschiedenen Materialien&lt;br&gt; M\u00f6glichkeit zur Aktivierung der Schnittbremse: Das Werkzeug stoppt automatisch, sobald der aktuelle Schnitt beendet ist, um eine versehentliche Besch\u00e4digung angrenzender Materialien zu vermeiden&lt;br&gt; Speichern Sie bis zu 3 individuelle Einstellungen f\u00fcr Schnittgeschwindigkeit und h\u00e4ufig genutzte Konfigurationen auf dem Werkzeug&lt;br&gt; Kompatibel mit allen MILWAUKEE\u00ae M18\u2122 Akkus<\/p>\n<p>BARCODE: 4058546344719<\/p>\n<p>Technische Daten<br \/>\n300<\/p>\n<p>2 x M18 B5 Akku-Pack, M12-18 FC Ladeger\u00e4t, HeavyDuty Koffer<\/p>\n","protected":false},"excerpt":{"rendered":"<p>M18 FUEL\u2122 SAWZALL\u2122 S\u00e4bels\u00e4ge mit ONE-KEY\u2122 Technologie&lt;br&gt; Verbindung \u00fcber Bluetooth\u00a9 mit der ONE-KEY\u2122 App&lt;br&gt; Vollst\u00e4ndige Werkzeugpersonalisierung \u00fcber die ONE-KEY\u2122 App,<\/p>\n","protected":false},"featured_media":456223,"template":"","meta":{"_seopress_robots_primary_cat":"","_seopress_titles_title":"","_seopress_titles_desc":"","_seopress_robots_index":""},"product_brand":[3407],"product_cat":[29,514,558],"product_tag":[3270],"class_list":{"0":"post-462702","1":"product","2":"type-product","3":"status-publish","4":"has-post-thumbnail","6":"product_brand-milwaukee","7":"product_cat-macchinari","8":"product_cat-altri-dispositivi","9":"product_cat-seghe-accessori-vari","10":"product_tag-import-milwau","11":"sws-gruppo-macchinari-de","12":"sws-conto-ricavi-merci-rivendita-macchinari-de","13":"sws-gruppo-iva-iva81-de","15":"first","16":"onbackorder","17":"sale","18":"purchasable","19":"product-type-simple"},"_links":{"self":[{"href":"https:\/\/lucacastelli.com\/de\/wp-json\/wp\/v2\/product\/462702","targetHints":{"allow":["GET"]}}],"collection":[{"href":"https:\/\/lucacastelli.com\/de\/wp-json\/wp\/v2\/product"}],"about":[{"href":"https:\/\/lucacastelli.com\/de\/wp-json\/wp\/v2\/types\/product"}],"wp:featuredmedia":[{"embeddable":true,"href":"https:\/\/lucacastelli.com\/de\/wp-json\/wp\/v2\/media\/456223"}],"wp:attachment":[{"href":"https:\/\/lucacastelli.com\/de\/wp-json\/wp\/v2\/media?parent=462702"}],"wp:term":[{"taxonomy":"product_brand","embeddable":true,"href":"https:\/\/lucacastelli.com\/de\/wp-json\/wp\/v2\/product_brand?post=462702"},{"taxonomy":"product_cat","embeddable":true,"href":"https:\/\/lucacastelli.com\/de\/wp-json\/wp\/v2\/product_cat?post=462702"},{"taxonomy":"product_tag","embeddable":true,"href":"https:\/\/lucacastelli.com\/de\/wp-json\/wp\/v2\/product_tag?post=462702"}],"curies":[{"name":"wp","href":"https:\/\/api.w.org\/{rel}","templated":true}]}}