{"id":462699,"date":"2025-06-14T01:28:01","date_gmt":"2025-06-13T23:28:01","guid":{"rendered":"https:\/\/lucacastelli.com\/prodotto\/kreissaege-4\/"},"modified":"2025-06-29T07:42:34","modified_gmt":"2025-06-29T05:42:34","slug":"kreissaege-4","status":"publish","type":"product","link":"https:\/\/lucacastelli.com\/de\/produkt\/kreissaege-4\/","title":{"rendered":"MILWAUKEE Kreiss\u00e4ge"},"content":{"rendered":"<p>M18\u2122 b\u00fcrstenlose Kreiss\u00e4ge mit 190 mm Blatt, dank der 66 mm Schnitttiefe k\u00f6nnen 3 x 19 mm OSB gleichzeitig geschnitten werden&lt;Br&gt;  Die REDLINK\u2122-Elektronik sch\u00fctzt das Ger\u00e4t und den Akku vor \u00dcberlastung und sorgt so f\u00fcr eine l\u00e4ngere Nutzungsdauer&lt;Br&gt;  Die REDLITHIUM-Batterie\u2122 bietet eine \u00fcberlegene Konstruktion des Akkupacks, Elektronik und gleichbleibende Leistung, um mehr Laufzeit und mehr Arbeit \u00fcber die Lebensdauer der Batterie zu liefern&lt;Br&gt;  Stabiler Haken zur Aufbewahrung des Werkzeugs&lt;Br&gt;  Mit Adapter f\u00fcr die Befestigung aller Milwaukee\u00ae Staubsauger&lt;Br&gt;  Gepresster Aluminiumsockel f\u00fcr maximale Stabilit\u00e4t&lt;Br&gt;  Integriertes LED-Licht zur Ausleuchtung des Arbeitsbereichs&lt;Br&gt;  Maximale Neigung von 50\u00b0 mit 46 mm Schnittleistung&lt;Br&gt;  Funktioniert mit allen Milwaukee M18\u2122 Akkus  <\/p>\n<p>BARCODE: 4058546225353<\/p>\n<p>Technische Daten<br \/>\n190<\/p>\n<p>2 x M18 B5 Akku-Pack, M12-18 FC Ladeger\u00e4t, HeavyDuty Koffer<\/p>\n","protected":false},"excerpt":{"rendered":"<p>M18\u2122 b\u00fcrstenlose Kreiss\u00e4ge mit 190 mm Blatt, dank der 66 mm Schnitttiefe k\u00f6nnen 3 x 19 mm OSB gleichzeitig geschnitten<\/p>\n","protected":false},"featured_media":456147,"template":"","meta":{"_seopress_robots_primary_cat":"","_seopress_titles_title":"","_seopress_titles_desc":"","_seopress_robots_index":""},"product_brand":[3656],"product_cat":[1454,169,1535],"product_tag":[3272],"class_list":{"0":"post-462699","1":"product","2":"type-product","3":"status-publish","4":"has-post-thumbnail","6":"product_brand-milwaukee-de","7":"product_cat-andere-gerate","8":"product_cat-maschinen","9":"product_cat-sagen","10":"product_tag-import-milwau-de","11":"sws-gruppo-macchinari-de","12":"sws-conto-ricavi-merci-rivendita-macchinari-de","13":"sws-gruppo-iva-iva81-de","15":"first","16":"onbackorder","17":"sale","18":"purchasable","19":"product-type-simple"},"_links":{"self":[{"href":"https:\/\/lucacastelli.com\/de\/wp-json\/wp\/v2\/product\/462699","targetHints":{"allow":["GET"]}}],"collection":[{"href":"https:\/\/lucacastelli.com\/de\/wp-json\/wp\/v2\/product"}],"about":[{"href":"https:\/\/lucacastelli.com\/de\/wp-json\/wp\/v2\/types\/product"}],"wp:featuredmedia":[{"embeddable":true,"href":"https:\/\/lucacastelli.com\/de\/wp-json\/wp\/v2\/media\/456147"}],"wp:attachment":[{"href":"https:\/\/lucacastelli.com\/de\/wp-json\/wp\/v2\/media?parent=462699"}],"wp:term":[{"taxonomy":"product_brand","embeddable":true,"href":"https:\/\/lucacastelli.com\/de\/wp-json\/wp\/v2\/product_brand?post=462699"},{"taxonomy":"product_cat","embeddable":true,"href":"https:\/\/lucacastelli.com\/de\/wp-json\/wp\/v2\/product_cat?post=462699"},{"taxonomy":"product_tag","embeddable":true,"href":"https:\/\/lucacastelli.com\/de\/wp-json\/wp\/v2\/product_tag?post=462699"}],"curies":[{"name":"wp","href":"https:\/\/api.w.org\/{rel}","templated":true}]}}