{"id":462693,"date":"2025-06-13T05:36:16","date_gmt":"2025-06-13T03:36:16","guid":{"rendered":"https:\/\/lucacastelli.com\/prodotto\/kreissaege-2\/"},"modified":"2025-06-29T07:42:56","modified_gmt":"2025-06-29T05:42:56","slug":"kreissaege-2","status":"publish","type":"product","link":"https:\/\/lucacastelli.com\/de\/produkt\/kreissaege-2\/","title":{"rendered":"MILWAUKEE Kreiss\u00e4ge"},"content":{"rendered":"<p>Garantiert 66 mm tiefe Schnitte mit einer Leistung, die der eines Drahtwerkzeugs entspricht. Autonomie f\u00fcr bis zu 750 Schnitte 90 mm x 45 mm in Kiefernholz.&lt;Br&gt;  190 mm Klinge mit einer Schnitttiefe von 66 mm, erm\u00f6glicht das Schneiden von bis zu drei OSB-Platten \u00fcbereinander&lt;Br&gt;  Magnesiumbasis kompatibel mit Milwaukee\u00ae Parallelf\u00fchrung (separat erh\u00e4ltlich), f\u00fcr schnelle und pr\u00e4zise Schnitte&lt;Br&gt;  Stabiler Metallhaken zum Aufh\u00e4ngen des Werkzeugs&lt;Br&gt;  Wird mit Adapter f\u00fcr alle Milwaukee\u00ae DEK26 Staubsauger geliefert&lt;Br&gt;  Maximale Neigung 56\u00b0&lt;Br&gt;  LED-Licht zur Ausleuchtung des Arbeitsbereichs&lt;Br&gt;  HIGH OUTPUT\u2122 System, erh\u00f6ht die Leistung und Autonomie der M18 FUEL-Technologie\u2122&lt;Br&gt;  Funktioniert mit allen MILWAUKEE\u00ae M18\u2122 Akkus<\/p>\n<p>BARCODE: 4058546325596<\/p>\n<p>Technische Daten<br \/>\n5.6 (M18 HB12)<\/p>\n<p>Lieferung ohne Batterien, Lieferung ohne Ladeger\u00e4t, Lieferung ohne Kitbox oder Tasche, Klinge, F\u00fchrungsb\u00fcgel, Absaugadapter und Schraubenschl\u00fcssel<\/p>\n","protected":false},"excerpt":{"rendered":"<p>Garantiert 66 mm tiefe Schnitte mit einer Leistung, die der eines Drahtwerkzeugs entspricht. Autonomie f\u00fcr bis zu 750 Schnitte 90<\/p>\n","protected":false},"featured_media":455755,"template":"","meta":{"_seopress_robots_primary_cat":"","_seopress_titles_title":"","_seopress_titles_desc":"","_seopress_robots_index":""},"product_brand":[3407],"product_cat":[29,514],"product_tag":[3270],"class_list":{"0":"post-462693","1":"product","2":"type-product","3":"status-publish","4":"has-post-thumbnail","6":"product_brand-milwaukee","7":"product_cat-macchinari","8":"product_cat-altri-dispositivi","9":"product_tag-import-milwau","10":"sws-gruppo-macchinari-de","11":"sws-conto-ricavi-merci-rivendita-macchinari-de","12":"sws-gruppo-iva-iva81-de","14":"first","15":"onbackorder","16":"sale","17":"purchasable","18":"product-type-simple"},"_links":{"self":[{"href":"https:\/\/lucacastelli.com\/de\/wp-json\/wp\/v2\/product\/462693","targetHints":{"allow":["GET"]}}],"collection":[{"href":"https:\/\/lucacastelli.com\/de\/wp-json\/wp\/v2\/product"}],"about":[{"href":"https:\/\/lucacastelli.com\/de\/wp-json\/wp\/v2\/types\/product"}],"wp:featuredmedia":[{"embeddable":true,"href":"https:\/\/lucacastelli.com\/de\/wp-json\/wp\/v2\/media\/455755"}],"wp:attachment":[{"href":"https:\/\/lucacastelli.com\/de\/wp-json\/wp\/v2\/media?parent=462693"}],"wp:term":[{"taxonomy":"product_brand","embeddable":true,"href":"https:\/\/lucacastelli.com\/de\/wp-json\/wp\/v2\/product_brand?post=462693"},{"taxonomy":"product_cat","embeddable":true,"href":"https:\/\/lucacastelli.com\/de\/wp-json\/wp\/v2\/product_cat?post=462693"},{"taxonomy":"product_tag","embeddable":true,"href":"https:\/\/lucacastelli.com\/de\/wp-json\/wp\/v2\/product_tag?post=462693"}],"curies":[{"name":"wp","href":"https:\/\/api.w.org\/{rel}","templated":true}]}}