{"id":462688,"date":"2025-06-13T05:42:00","date_gmt":"2025-06-13T03:42:00","guid":{"rendered":"https:\/\/lucacastelli.com\/prodotto\/kreissaege\/"},"modified":"2025-06-29T07:42:26","modified_gmt":"2025-06-29T05:42:26","slug":"kreissaege","status":"publish","type":"product","link":"https:\/\/lucacastelli.com\/de\/produkt\/kreissaege\/","title":{"rendered":"MILWAUKEE Kreiss\u00e4ge"},"content":{"rendered":"<p>Bietet die Leistung, die erforderlich ist, um mit der gleichen Geschwindigkeit wie eine gleichwertige kabelgebundene Kreiss\u00e4ge zu schneiden &#8211; mit ausreichender Laufzeit, um mit einer Ladung (12,0 Ah) bis zu 570 x 90 mm x 45 mm Schnitte in Kiefernholz durchzuf\u00fchren&lt;Br&gt;  HIGH OUTPUT\u2122 System, erh\u00f6ht die Leistung und Autonomie der M18 FUEL-Technologie\u2122&lt;Br&gt;  Hinterer Griff mit Klinge auf der linken Seite f\u00fcr hervorragende Sicht auf die Schnittlinie&lt;Br&gt;  190 mm S\u00e4geblatt mit 66 mm Schnitttiefe, erm\u00f6glicht das Schneiden von bis zu drei \u00fcberlappenden OSB-Platten&lt;Br&gt;  Stabiler Metallhaken zum Aufh\u00e4ngen des Werkzeugs&lt;Br&gt;  Geeignet f\u00fcr die Verwendung mit allen Staubsaugern Milwaukee\u00ae&lt;Br&gt;  Magnesiumbasis reduziert das Gewicht und erh\u00f6ht die Haltbarkeit&lt;Br&gt;  Integriertes LED-Licht zur Ausleuchtung des Arbeitsbereichs&lt;Br&gt;  Maximale Neigung 53\u00b0&lt;Br&gt;  Funktioniert mit allen MILWAUKEE\u00ae M18\u2122 Akkus<\/p>\n<p>BARCODE: 4058546290726<\/p>\n<p>Technische Daten<br \/>\n190<\/p>\n<p>Lieferung ohne Batterien, Lieferung ohne Ladeger\u00e4t, Lieferung ohne Kitbox oder Tasche, Staubabsaugungsadapter, Klinge, Klingenschl\u00fcssel<\/p>\n","protected":false},"excerpt":{"rendered":"<p>Bietet die Leistung, die erforderlich ist, um mit der gleichen Geschwindigkeit wie eine gleichwertige kabelgebundene Kreiss\u00e4ge zu schneiden &#8211; mit<\/p>\n","protected":false},"featured_media":455809,"template":"","meta":{"_seopress_robots_primary_cat":"","_seopress_titles_title":"","_seopress_titles_desc":"","_seopress_robots_index":""},"product_brand":[3407],"product_cat":[29,514],"product_tag":[3270],"class_list":{"0":"post-462688","1":"product","2":"type-product","3":"status-publish","4":"has-post-thumbnail","6":"product_brand-milwaukee","7":"product_cat-macchinari","8":"product_cat-altri-dispositivi","9":"product_tag-import-milwau","10":"sws-gruppo-macchinari-de","11":"sws-conto-ricavi-merci-rivendita-macchinari-de","12":"sws-gruppo-iva-iva81-de","14":"first","15":"onbackorder","16":"sale","17":"purchasable","18":"product-type-simple"},"_links":{"self":[{"href":"https:\/\/lucacastelli.com\/de\/wp-json\/wp\/v2\/product\/462688","targetHints":{"allow":["GET"]}}],"collection":[{"href":"https:\/\/lucacastelli.com\/de\/wp-json\/wp\/v2\/product"}],"about":[{"href":"https:\/\/lucacastelli.com\/de\/wp-json\/wp\/v2\/types\/product"}],"wp:featuredmedia":[{"embeddable":true,"href":"https:\/\/lucacastelli.com\/de\/wp-json\/wp\/v2\/media\/455809"}],"wp:attachment":[{"href":"https:\/\/lucacastelli.com\/de\/wp-json\/wp\/v2\/media?parent=462688"}],"wp:term":[{"taxonomy":"product_brand","embeddable":true,"href":"https:\/\/lucacastelli.com\/de\/wp-json\/wp\/v2\/product_brand?post=462688"},{"taxonomy":"product_cat","embeddable":true,"href":"https:\/\/lucacastelli.com\/de\/wp-json\/wp\/v2\/product_cat?post=462688"},{"taxonomy":"product_tag","embeddable":true,"href":"https:\/\/lucacastelli.com\/de\/wp-json\/wp\/v2\/product_tag?post=462688"}],"curies":[{"name":"wp","href":"https:\/\/api.w.org\/{rel}","templated":true}]}}